{"id":1416,"date":"2023-11-16T16:07:00","date_gmt":"2023-11-16T15:07:00","guid":{"rendered":"https:\/\/ebooks-premium.top\/?post_type=product&#038;p=1416"},"modified":"2025-11-19T12:28:01","modified_gmt":"2025-11-19T11:28:01","slug":"5-etapes-pour-un-business-en-ligne-en-or","status":"publish","type":"product","link":"https:\/\/ebooks-premium.top\/?product=5-etapes-pour-un-business-en-ligne-en-or","title":{"rendered":"5 \u00e9tapes pour un business en ligne en or"},"content":{"rendered":"<p>Se lancer dans les affaires est une grande aventure qui peut impressionner, d&rsquo;autant plus<br \/>\nlorsque vous n&rsquo;avez aucune exp\u00e9rience dans le domaine. Mais voil\u00e0, Internet a chang\u00e9 la<br \/>\ndonne, il permet au plus grand nombre de se lancer. N&rsquo;importe qui peut cr\u00e9er une<br \/>\nentreprise en ligne qui rapporte de l&rsquo;argent, d\u00e8s lors qu&rsquo;il poss\u00e8de un ordinateur, les bons<br \/>\noutils et la m\u00e9thode. Aujourd&rsquo;hui, il existe de nombreux outils que vous pouvez utiliser<br \/>\npour cr\u00e9er une activit\u00e9 en ligne sans pour autant passer des heures \u00e0 peiner avec la<br \/>\ntechnique. Par exemple, vous pouvez cr\u00e9er un site Web ou un blog gratuitement \u00e0 l&rsquo; aide<br \/>\nde WordPress. Vous pouvez \u00e9galement utiliser une marketplace, type Amazon ou eBay, pour vendre des produits sans aucun stock.<br \/>\nEt ce n\u2019est que le d\u00e9but des nombreuses possibilit\u00e9s en or qui s&rsquo;offre \u00e0 vous avec un<br \/>\nBusiness en ligne. Examinons maintenant les cinq \u00e9tapes incontournables pour d\u00e9marrer<br \/>\nun business en ligne et gagner de l&rsquo;argent sans vider son compte \u00e9pargne.<\/p>\n","protected":false},"excerpt":{"rendered":"<p>Si quelqu&rsquo;un vous l&rsquo;avait demand\u00e9 il y a 20 ans, vous auriez dit qu&rsquo;ils \u00e9taient fous. Mais<br \/>\navec plus de 2,4 milliards de personnes en ligne , Internet repr\u00e9sente le march\u00e9 id\u00e9al pour<br \/>\npoursuivre ses r\u00eaves. Vous pouvez ainsi vivre o\u00f9 vous le souhaitez, d\u00e9finir votre propre<br \/>\nrythme de travail, et avancer en fonction de la vitesse \u00e0 laquelle vous souhaitez que votre<br \/>\nentreprise se d\u00e9veloppe.<\/p>\n","protected":false},"featured_media":1417,"comment_status":"open","ping_status":"closed","template":"","meta":{"om_disable_all_campaigns":false,"_uag_custom_page_level_css":"","_monsterinsights_skip_tracking":false,"_monsterinsights_sitenote_active":false,"_monsterinsights_sitenote_note":"","_monsterinsights_sitenote_category":0,"site-sidebar-layout":"default","site-content-layout":"","ast-site-content-layout":"default","site-content-style":"default","site-sidebar-style":"default","ast-global-header-display":"","ast-banner-title-visibility":"","ast-main-header-display":"","ast-hfb-above-header-display":"","ast-hfb-below-header-display":"","ast-hfb-mobile-header-display":"","site-post-title":"","ast-breadcrumbs-content":"","ast-featured-img":"","footer-sml-layout":"","theme-transparent-header-meta":"default","adv-header-id-meta":"","stick-header-meta":"","header-above-stick-meta":"","header-main-stick-meta":"","header-below-stick-meta":"","astra-migrate-meta-layouts":"set","ast-page-background-enabled":"default","ast-page-background-meta":{"desktop":{"background-color":"","background-image":"","background-repeat":"repeat","background-position":"center center","background-size":"auto","background-attachment":"scroll","background-type":"","background-media":"","overlay-type":"","overlay-color":"","overlay-gradient":""},"tablet":{"background-color":"","background-image":"","background-repeat":"repeat","background-position":"center center","background-size":"auto","background-attachment":"scroll","background-type":"","background-media":"","overlay-type":"","overlay-color":"","overlay-gradient":""},"mobile":{"background-color":"","background-image":"","background-repeat":"repeat","background-position":"center center","background-size":"auto","background-attachment":"scroll","background-type":"","background-media":"","overlay-type":"","overlay-color":"","overlay-gradient":""}},"ast-content-background-meta":{"desktop":{"background-color":"var(--ast-global-color-5)","background-image":"","background-repeat":"repeat","background-position":"center center","background-size":"auto","background-attachment":"scroll","background-type":"","background-media":"","overlay-type":"","overlay-color":"","overlay-gradient":""},"tablet":{"background-color":"var(--ast-global-color-5)","background-image":"","background-repeat":"repeat","background-position":"center center","background-size":"auto","background-attachment":"scroll","background-type":"","background-media":"","overlay-type":"","overlay-color":"","overlay-gradient":""},"mobile":{"background-color":"var(--ast-global-color-5)","background-image":"","background-repeat":"repeat","background-position":"center center","background-size":"auto","background-attachment":"scroll","background-type":"","background-media":"","overlay-type":"","overlay-color":"","overlay-gradient":""}}},"product_brand":[],"product_cat":[39],"product_tag":[],"class_list":{"0":"post-1416","1":"product","2":"type-product","3":"status-publish","4":"has-post-thumbnail","6":"product_cat-marketing","7":"desktop-align-left","8":"tablet-align-left","9":"mobile-align-left","11":"first","12":"instock","13":"downloadable","14":"virtual","15":"purchasable","16":"product-type-simple"},"aioseo_notices":[],"uagb_featured_image_src":{"full":["https:\/\/ebooks-premium.top\/wp-content\/uploads\/2023\/11\/Capture-decran-2023-11-16-a-16.05.13.jpg",1600,2266,false],"thumbnail":["https:\/\/ebooks-premium.top\/wp-content\/uploads\/2023\/11\/Capture-decran-2023-11-16-a-16.05.13-150x150.jpg",150,150,true],"medium":["https:\/\/ebooks-premium.top\/wp-content\/uploads\/2023\/11\/Capture-decran-2023-11-16-a-16.05.13-212x300.jpg",212,300,true],"medium_large":["https:\/\/ebooks-premium.top\/wp-content\/uploads\/2023\/11\/Capture-decran-2023-11-16-a-16.05.13-768x1088.jpg",768,1088,true],"large":["https:\/\/ebooks-premium.top\/wp-content\/uploads\/2023\/11\/Capture-decran-2023-11-16-a-16.05.13-723x1024.jpg",723,1024,true],"1536x1536":["https:\/\/ebooks-premium.top\/wp-content\/uploads\/2023\/11\/Capture-decran-2023-11-16-a-16.05.13-1085x1536.jpg",1085,1536,true],"2048x2048":["https:\/\/ebooks-premium.top\/wp-content\/uploads\/2023\/11\/Capture-decran-2023-11-16-a-16.05.13-1446x2048.jpg",1446,2048,true],"woocommerce_thumbnail":["https:\/\/ebooks-premium.top\/wp-content\/uploads\/2023\/11\/Capture-decran-2023-11-16-a-16.05.13-300x457.jpg",300,457,true],"woocommerce_single":["https:\/\/ebooks-premium.top\/wp-content\/uploads\/2023\/11\/Capture-decran-2023-11-16-a-16.05.13-500x708.jpg",500,708,true],"woocommerce_gallery_thumbnail":["https:\/\/ebooks-premium.top\/wp-content\/uploads\/2023\/11\/Capture-decran-2023-11-16-a-16.05.13-100x100.jpg",100,100,true]},"uagb_author_info":{"display_name":"ebooks-premium.top","author_link":"https:\/\/ebooks-premium.top\/?author=0"},"uagb_comment_info":4,"uagb_excerpt":"Si quelqu'un vous l'avait demand\u00e9 il y a 20 ans, vous auriez dit qu'ils \u00e9taient fous. Mais avec plus de 2,4 milliards de personnes en ligne , Internet repr\u00e9sente le march\u00e9 id\u00e9al pour poursuivre ses r\u00eaves. Vous pouvez ainsi vivre o\u00f9 vous le souhaitez, d\u00e9finir votre propre rythme de travail, et avancer en fonction de\u2026","_links":{"self":[{"href":"https:\/\/ebooks-premium.top\/index.php?rest_route=\/wp\/v2\/product\/1416","targetHints":{"allow":["GET"]}}],"collection":[{"href":"https:\/\/ebooks-premium.top\/index.php?rest_route=\/wp\/v2\/product"}],"about":[{"href":"https:\/\/ebooks-premium.top\/index.php?rest_route=\/wp\/v2\/types\/product"}],"replies":[{"embeddable":true,"href":"https:\/\/ebooks-premium.top\/index.php?rest_route=%2Fwp%2Fv2%2Fcomments&post=1416"}],"wp:featuredmedia":[{"embeddable":true,"href":"https:\/\/ebooks-premium.top\/index.php?rest_route=\/wp\/v2\/media\/1417"}],"wp:attachment":[{"href":"https:\/\/ebooks-premium.top\/index.php?rest_route=%2Fwp%2Fv2%2Fmedia&parent=1416"}],"wp:term":[{"taxonomy":"product_brand","embeddable":true,"href":"https:\/\/ebooks-premium.top\/index.php?rest_route=%2Fwp%2Fv2%2Fproduct_brand&post=1416"},{"taxonomy":"product_cat","embeddable":true,"href":"https:\/\/ebooks-premium.top\/index.php?rest_route=%2Fwp%2Fv2%2Fproduct_cat&post=1416"},{"taxonomy":"product_tag","embeddable":true,"href":"https:\/\/ebooks-premium.top\/index.php?rest_route=%2Fwp%2Fv2%2Fproduct_tag&post=1416"}],"curies":[{"name":"wp","href":"https:\/\/api.w.org\/{rel}","templated":true}]}}