{"id":1413,"date":"2023-11-16T16:00:31","date_gmt":"2023-11-16T15:00:31","guid":{"rendered":"https:\/\/ebooks-premium.top\/?post_type=product&#038;p=1413"},"modified":"2025-11-19T12:30:31","modified_gmt":"2025-11-19T11:30:31","slug":"crypto-monnaies-recommandees","status":"publish","type":"product","link":"https:\/\/ebooks-premium.top\/?product=crypto-monnaies-recommandees","title":{"rendered":"Crypto Monnaies Recommand\u00e9es"},"content":{"rendered":"<p>\u00c0 l&rsquo;\u00e8re du num\u00e9rique, la toute nouvelle monnaie id\u00e9ale devrait avoir au moins ces trois<br \/>\ncaract\u00e9ristiques :<br \/>\nElle devrait \u00eatre libre du contr\u00f4le de toute autorit\u00e9 afin qu&rsquo;elle ne puisse pas \u00eatre manipul\u00e9e<br \/>\net imprim\u00e9e \u00e0 volont\u00e9 (et d\u00e9valu\u00e9e), et personne ne peut dire \u00e0 quiconque ce \u00e0 quoi il peut<br \/>\nou ne peut pas l&rsquo;utiliser.<br \/>\nLa monnaie devrait \u00eatre sans fronti\u00e8res, de sorte qu&rsquo;elle puisse \u00eatre facilement \u00e9chang\u00e9e en<br \/>\ntout lieu avec n&rsquo;importe qui.<br \/>\nElle devrait \u00eatre apolitique, afin de ne pas favoriser un syst\u00e8me ou un groupe de personnes<br \/>\nsp\u00e9cifique. En un mot, ce sont l\u00e0 (parmi beaucoup d&rsquo;autres) les caract\u00e9ristiques du bitcoin,<br \/>\nqui appara\u00eet comme une alternative s\u00e9duisante \u00e0 tout syst\u00e8me mon\u00e9taire bas\u00e9 sur les fiats.<br \/>\nLe bitcoin est la premi\u00e8re monnaie num\u00e9rique d\u00e9centralis\u00e9e au monde. Sa valeur vient<br \/>\nprincipalement du fait qu&rsquo;il s&rsquo;agit de la premi\u00e8re monnaie num\u00e9rique sur laquelle aucune<br \/>\npersonne, organisation ou autorit\u00e9 n&rsquo;a de contr\u00f4le. Tout le monde peut l&rsquo;acheter, tout le<br \/>\nmonde peut la recevoir &#8211; et personne ne peut dire \u00e0 quiconque ce qu&rsquo;il peut ou ne peut pas<br \/>\nfaire avec.<br \/>\nC&rsquo;est une monnaie libre de toute dictature, oppression et hyperinflation, et un refuge<br \/>\nfinancier pour toute personne vivant dans ces circonstances. Il dispose d&rsquo;une r\u00e9serve limit\u00e9e<br \/>\nd&rsquo;environ 21 millions de bitcoins au total qui ne sera jamais modifi\u00e9e, et nous savons<br \/>\nexactement combien sont lib\u00e9r\u00e9s dans le monde \u00e0 quel rythme, ainsi qu&rsquo;approximativement<br \/>\nquand le dernier bitcoin sera cr\u00e9\u00e9.<\/p>\n","protected":false},"excerpt":{"rendered":"<p>Si vous n&rsquo;avez pas encore d&rsquo;actifs cryptographiques, voici les pi\u00e8ces que je recommande pour une d\u00e9tention \u00e0 long terme, afin de vous assurer que vous finirez par faire des profits \u00e0 temps<\/p>\n","protected":false},"featured_media":1414,"comment_status":"open","ping_status":"closed","template":"","meta":{"om_disable_all_campaigns":false,"_uag_custom_page_level_css":"","_monsterinsights_skip_tracking":false,"_monsterinsights_sitenote_active":false,"_monsterinsights_sitenote_note":"","_monsterinsights_sitenote_category":0,"site-sidebar-layout":"default","site-content-layout":"","ast-site-content-layout":"default","site-content-style":"default","site-sidebar-style":"default","ast-global-header-display":"","ast-banner-title-visibility":"","ast-main-header-display":"","ast-hfb-above-header-display":"","ast-hfb-below-header-display":"","ast-hfb-mobile-header-display":"","site-post-title":"","ast-breadcrumbs-content":"","ast-featured-img":"","footer-sml-layout":"","theme-transparent-header-meta":"default","adv-header-id-meta":"","stick-header-meta":"","header-above-stick-meta":"","header-main-stick-meta":"","header-below-stick-meta":"","astra-migrate-meta-layouts":"set","ast-page-background-enabled":"default","ast-page-background-meta":{"desktop":{"background-color":"","background-image":"","background-repeat":"repeat","background-position":"center center","background-size":"auto","background-attachment":"scroll","background-type":"","background-media":"","overlay-type":"","overlay-color":"","overlay-gradient":""},"tablet":{"background-color":"","background-image":"","background-repeat":"repeat","background-position":"center center","background-size":"auto","background-attachment":"scroll","background-type":"","background-media":"","overlay-type":"","overlay-color":"","overlay-gradient":""},"mobile":{"background-color":"","background-image":"","background-repeat":"repeat","background-position":"center center","background-size":"auto","background-attachment":"scroll","background-type":"","background-media":"","overlay-type":"","overlay-color":"","overlay-gradient":""}},"ast-content-background-meta":{"desktop":{"background-color":"var(--ast-global-color-5)","background-image":"","background-repeat":"repeat","background-position":"center center","background-size":"auto","background-attachment":"scroll","background-type":"","background-media":"","overlay-type":"","overlay-color":"","overlay-gradient":""},"tablet":{"background-color":"var(--ast-global-color-5)","background-image":"","background-repeat":"repeat","background-position":"center center","background-size":"auto","background-attachment":"scroll","background-type":"","background-media":"","overlay-type":"","overlay-color":"","overlay-gradient":""},"mobile":{"background-color":"var(--ast-global-color-5)","background-image":"","background-repeat":"repeat","background-position":"center center","background-size":"auto","background-attachment":"scroll","background-type":"","background-media":"","overlay-type":"","overlay-color":"","overlay-gradient":""}}},"product_brand":[],"product_cat":[35],"product_tag":[],"class_list":{"0":"post-1413","1":"product","2":"type-product","3":"status-publish","4":"has-post-thumbnail","6":"product_cat-finances","7":"desktop-align-left","8":"tablet-align-left","9":"mobile-align-left","11":"first","12":"instock","13":"downloadable","14":"virtual","15":"purchasable","16":"product-type-simple"},"aioseo_notices":[],"uagb_featured_image_src":{"full":["https:\/\/ebooks-premium.top\/wp-content\/uploads\/2023\/11\/Capture-decran-2023-11-16-a-15.57.54.jpg",1592,2256,false],"thumbnail":["https:\/\/ebooks-premium.top\/wp-content\/uploads\/2023\/11\/Capture-decran-2023-11-16-a-15.57.54-150x150.jpg",150,150,true],"medium":["https:\/\/ebooks-premium.top\/wp-content\/uploads\/2023\/11\/Capture-decran-2023-11-16-a-15.57.54-212x300.jpg",212,300,true],"medium_large":["https:\/\/ebooks-premium.top\/wp-content\/uploads\/2023\/11\/Capture-decran-2023-11-16-a-15.57.54-768x1088.jpg",768,1088,true],"large":["https:\/\/ebooks-premium.top\/wp-content\/uploads\/2023\/11\/Capture-decran-2023-11-16-a-15.57.54-723x1024.jpg",723,1024,true],"1536x1536":["https:\/\/ebooks-premium.top\/wp-content\/uploads\/2023\/11\/Capture-decran-2023-11-16-a-15.57.54-1084x1536.jpg",1084,1536,true],"2048x2048":["https:\/\/ebooks-premium.top\/wp-content\/uploads\/2023\/11\/Capture-decran-2023-11-16-a-15.57.54-1445x2048.jpg",1445,2048,true],"woocommerce_thumbnail":["https:\/\/ebooks-premium.top\/wp-content\/uploads\/2023\/11\/Capture-decran-2023-11-16-a-15.57.54-300x457.jpg",300,457,true],"woocommerce_single":["https:\/\/ebooks-premium.top\/wp-content\/uploads\/2023\/11\/Capture-decran-2023-11-16-a-15.57.54-500x709.jpg",500,709,true],"woocommerce_gallery_thumbnail":["https:\/\/ebooks-premium.top\/wp-content\/uploads\/2023\/11\/Capture-decran-2023-11-16-a-15.57.54-100x100.jpg",100,100,true]},"uagb_author_info":{"display_name":"ebooks-premium.top","author_link":"https:\/\/ebooks-premium.top\/?author=0"},"uagb_comment_info":2,"uagb_excerpt":"Si vous n'avez pas encore d'actifs cryptographiques, voici les pi\u00e8ces que je recommande pour une d\u00e9tention \u00e0 long terme, afin de vous assurer que vous finirez par faire des profits \u00e0 temps","_links":{"self":[{"href":"https:\/\/ebooks-premium.top\/index.php?rest_route=\/wp\/v2\/product\/1413","targetHints":{"allow":["GET"]}}],"collection":[{"href":"https:\/\/ebooks-premium.top\/index.php?rest_route=\/wp\/v2\/product"}],"about":[{"href":"https:\/\/ebooks-premium.top\/index.php?rest_route=\/wp\/v2\/types\/product"}],"replies":[{"embeddable":true,"href":"https:\/\/ebooks-premium.top\/index.php?rest_route=%2Fwp%2Fv2%2Fcomments&post=1413"}],"wp:featuredmedia":[{"embeddable":true,"href":"https:\/\/ebooks-premium.top\/index.php?rest_route=\/wp\/v2\/media\/1414"}],"wp:attachment":[{"href":"https:\/\/ebooks-premium.top\/index.php?rest_route=%2Fwp%2Fv2%2Fmedia&parent=1413"}],"wp:term":[{"taxonomy":"product_brand","embeddable":true,"href":"https:\/\/ebooks-premium.top\/index.php?rest_route=%2Fwp%2Fv2%2Fproduct_brand&post=1413"},{"taxonomy":"product_cat","embeddable":true,"href":"https:\/\/ebooks-premium.top\/index.php?rest_route=%2Fwp%2Fv2%2Fproduct_cat&post=1413"},{"taxonomy":"product_tag","embeddable":true,"href":"https:\/\/ebooks-premium.top\/index.php?rest_route=%2Fwp%2Fv2%2Fproduct_tag&post=1413"}],"curies":[{"name":"wp","href":"https:\/\/api.w.org\/{rel}","templated":true}]}}