{"id":1346,"date":"2023-11-15T16:31:34","date_gmt":"2023-11-15T15:31:34","guid":{"rendered":"https:\/\/ebooks-premium.top\/?post_type=product&#038;p=1346"},"modified":"2023-11-16T17:33:05","modified_gmt":"2023-11-16T16:33:05","slug":"combattre-le-stress","status":"publish","type":"product","link":"https:\/\/ebooks-premium.top\/?product=combattre-le-stress","title":{"rendered":"Combattre le Stress"},"content":{"rendered":"<p>Le stress a toujours fait partie de notre quotidien ; qu&rsquo;il s&rsquo;agisse de probl\u00e8mes au travail<br \/>\nou dans votre entreprise, ou m\u00eame de conflits entre vos amis et les membres de votre<br \/>\nfamille, le stress fait toujours son apparition et nous rend la vie difficile.<br \/>\nS&rsquo;il n&rsquo;est pas ma\u00eetris\u00e9, le stress entra\u00eene de mauvaises d\u00e9cisions en raison de notre \u00e9tat<br \/>\nd&rsquo;esprit confus. En fait, le fait de ne pas r\u00e9ussir est \u00e9galement attribu\u00e9 au stress, qui<br \/>\nimplique que la peur et l&rsquo;anxi\u00e9t\u00e9 d&rsquo;une personne prennent le dessus sur sa pens\u00e9e<br \/>\nrationnelle.<br \/>\nLa gestion du stress vise \u00e0 aider un individu \u00e0 faire face au stress. Cela implique des<br \/>\ntechniques et des strat\u00e9gies pour aider une personne \u00e0 faire face physiquement,<br \/>\nmentalement et \u00e9motionnellement \u00e0 ses probl\u00e8mes individuels.<br \/>\nSi c&rsquo;est la premi\u00e8re fois que vous entendez ce terme, vous voudrez peut-\u00eatre lire ce qui<br \/>\nsuit pour en savoir plus et l&rsquo;appliquer \u00e0 vous-m\u00eame si n\u00e9cessaire.<\/p>\n","protected":false},"excerpt":{"rendered":"<p>Le stress a toujours fait partie de notre quotidien ; qu&rsquo;il s&rsquo;agisse de probl\u00e8mes au travail<br \/>\nou dans votre entreprise, ou m\u00eame de conflits entre vos amis et les membres de votre<br \/>\nfamille, le stress fait toujours son apparition et nous rend la vie difficile.<\/p>\n","protected":false},"featured_media":1347,"comment_status":"open","ping_status":"closed","template":"","meta":{"om_disable_all_campaigns":false,"_uag_custom_page_level_css":"","_monsterinsights_skip_tracking":false,"_monsterinsights_sitenote_active":false,"_monsterinsights_sitenote_note":"","_monsterinsights_sitenote_category":0,"site-sidebar-layout":"default","site-content-layout":"","ast-site-content-layout":"default","site-content-style":"default","site-sidebar-style":"default","ast-global-header-display":"","ast-banner-title-visibility":"","ast-main-header-display":"","ast-hfb-above-header-display":"","ast-hfb-below-header-display":"","ast-hfb-mobile-header-display":"","site-post-title":"","ast-breadcrumbs-content":"","ast-featured-img":"","footer-sml-layout":"","theme-transparent-header-meta":"default","adv-header-id-meta":"","stick-header-meta":"","header-above-stick-meta":"","header-main-stick-meta":"","header-below-stick-meta":"","astra-migrate-meta-layouts":"set","ast-page-background-enabled":"default","ast-page-background-meta":{"desktop":{"background-color":"","background-image":"","background-repeat":"repeat","background-position":"center center","background-size":"auto","background-attachment":"scroll","background-type":"","background-media":"","overlay-type":"","overlay-color":"","overlay-gradient":""},"tablet":{"background-color":"","background-image":"","background-repeat":"repeat","background-position":"center center","background-size":"auto","background-attachment":"scroll","background-type":"","background-media":"","overlay-type":"","overlay-color":"","overlay-gradient":""},"mobile":{"background-color":"","background-image":"","background-repeat":"repeat","background-position":"center center","background-size":"auto","background-attachment":"scroll","background-type":"","background-media":"","overlay-type":"","overlay-color":"","overlay-gradient":""}},"ast-content-background-meta":{"desktop":{"background-color":"var(--ast-global-color-5)","background-image":"","background-repeat":"repeat","background-position":"center center","background-size":"auto","background-attachment":"scroll","background-type":"","background-media":"","overlay-type":"","overlay-color":"","overlay-gradient":""},"tablet":{"background-color":"var(--ast-global-color-5)","background-image":"","background-repeat":"repeat","background-position":"center center","background-size":"auto","background-attachment":"scroll","background-type":"","background-media":"","overlay-type":"","overlay-color":"","overlay-gradient":""},"mobile":{"background-color":"var(--ast-global-color-5)","background-image":"","background-repeat":"repeat","background-position":"center center","background-size":"auto","background-attachment":"scroll","background-type":"","background-media":"","overlay-type":"","overlay-color":"","overlay-gradient":""}}},"product_brand":[],"product_cat":[32],"product_tag":[],"class_list":{"0":"post-1346","1":"product","2":"type-product","3":"status-publish","4":"has-post-thumbnail","6":"product_cat-sante","7":"desktop-align-left","8":"tablet-align-left","9":"mobile-align-left","11":"first","12":"instock","13":"downloadable","14":"virtual","15":"purchasable","16":"product-type-simple"},"aioseo_notices":[],"uagb_featured_image_src":{"full":["https:\/\/ebooks-premium.top\/wp-content\/uploads\/2023\/11\/Capture-decran-2023-11-15-a-16.28.54.jpg",1608,2162,false],"thumbnail":["https:\/\/ebooks-premium.top\/wp-content\/uploads\/2023\/11\/Capture-decran-2023-11-15-a-16.28.54-150x150.jpg",150,150,true],"medium":["https:\/\/ebooks-premium.top\/wp-content\/uploads\/2023\/11\/Capture-decran-2023-11-15-a-16.28.54-223x300.jpg",223,300,true],"medium_large":["https:\/\/ebooks-premium.top\/wp-content\/uploads\/2023\/11\/Capture-decran-2023-11-15-a-16.28.54-768x1033.jpg",768,1033,true],"large":["https:\/\/ebooks-premium.top\/wp-content\/uploads\/2023\/11\/Capture-decran-2023-11-15-a-16.28.54-762x1024.jpg",762,1024,true],"1536x1536":["https:\/\/ebooks-premium.top\/wp-content\/uploads\/2023\/11\/Capture-decran-2023-11-15-a-16.28.54-1142x1536.jpg",1142,1536,true],"2048x2048":["https:\/\/ebooks-premium.top\/wp-content\/uploads\/2023\/11\/Capture-decran-2023-11-15-a-16.28.54-1523x2048.jpg",1523,2048,true],"woocommerce_thumbnail":["https:\/\/ebooks-premium.top\/wp-content\/uploads\/2023\/11\/Capture-decran-2023-11-15-a-16.28.54-300x457.jpg",300,457,true],"woocommerce_single":["https:\/\/ebooks-premium.top\/wp-content\/uploads\/2023\/11\/Capture-decran-2023-11-15-a-16.28.54-500x672.jpg",500,672,true],"woocommerce_gallery_thumbnail":["https:\/\/ebooks-premium.top\/wp-content\/uploads\/2023\/11\/Capture-decran-2023-11-15-a-16.28.54-100x100.jpg",100,100,true]},"uagb_author_info":{"display_name":"ebooks-premium.top","author_link":"https:\/\/ebooks-premium.top\/?author=0"},"uagb_comment_info":0,"uagb_excerpt":"Le stress a toujours fait partie de notre quotidien ; qu'il s'agisse de probl\u00e8mes au travail ou dans votre entreprise, ou m\u00eame de conflits entre vos amis et les membres de votre famille, le stress fait toujours son apparition et nous rend la vie difficile.","_links":{"self":[{"href":"https:\/\/ebooks-premium.top\/index.php?rest_route=\/wp\/v2\/product\/1346","targetHints":{"allow":["GET"]}}],"collection":[{"href":"https:\/\/ebooks-premium.top\/index.php?rest_route=\/wp\/v2\/product"}],"about":[{"href":"https:\/\/ebooks-premium.top\/index.php?rest_route=\/wp\/v2\/types\/product"}],"replies":[{"embeddable":true,"href":"https:\/\/ebooks-premium.top\/index.php?rest_route=%2Fwp%2Fv2%2Fcomments&post=1346"}],"wp:featuredmedia":[{"embeddable":true,"href":"https:\/\/ebooks-premium.top\/index.php?rest_route=\/wp\/v2\/media\/1347"}],"wp:attachment":[{"href":"https:\/\/ebooks-premium.top\/index.php?rest_route=%2Fwp%2Fv2%2Fmedia&parent=1346"}],"wp:term":[{"taxonomy":"product_brand","embeddable":true,"href":"https:\/\/ebooks-premium.top\/index.php?rest_route=%2Fwp%2Fv2%2Fproduct_brand&post=1346"},{"taxonomy":"product_cat","embeddable":true,"href":"https:\/\/ebooks-premium.top\/index.php?rest_route=%2Fwp%2Fv2%2Fproduct_cat&post=1346"},{"taxonomy":"product_tag","embeddable":true,"href":"https:\/\/ebooks-premium.top\/index.php?rest_route=%2Fwp%2Fv2%2Fproduct_tag&post=1346"}],"curies":[{"name":"wp","href":"https:\/\/api.w.org\/{rel}","templated":true}]}}