{"id":1338,"date":"2023-11-14T15:33:01","date_gmt":"2023-11-14T14:33:01","guid":{"rendered":"https:\/\/ebooks-premium.top\/?post_type=product&#038;p=1338"},"modified":"2025-11-19T12:39:59","modified_gmt":"2025-11-19T11:39:59","slug":"metavers-nft","status":"publish","type":"product","link":"https:\/\/ebooks-premium.top\/?product=metavers-nft","title":{"rendered":"Metavers, NFT"},"content":{"rendered":"<p>Il y a actuellement une v\u00e9ritable effervescence autour du metavers et des NFT. Cette<br \/>\ntendance devrait se poursuivre \u00e0 l&rsquo;avenir, car de plus en plus de personnes s&rsquo;int\u00e9ressent au<br \/>\nm\u00e9tavers et ach\u00e8tent des actifs num\u00e9riques uniques sous la forme de NFT. Il existe une<br \/>\nbonne opportunit\u00e9 pour vous d&rsquo;utiliser les NFT dans le m\u00e9tavers pour gagner de l&rsquo;argent.<br \/>\nMais vous devez savoir ce que vous faites.<br \/>\nDans ce guide puissant, vous apprendrez ce qu&rsquo;est le m\u00e9tavers et ce qu&rsquo;il n&rsquo;est pas. Vous<br \/>\ncomprendrez \u00e9galement ce que sont les NFT et pourquoi elles sont si importantes pour la<br \/>\ncroissance du metavers. Nous vous donnons des id\u00e9es d&rsquo;applications des NFT et vous<br \/>\nproposons diverses fa\u00e7ons de tirer profit du metavers et des NFT.<\/p>\n","protected":false},"excerpt":{"rendered":"<p>Nous avons travaill\u00e9 dur pour vous fournir tout ce que vous devez savoir pour tirer profit<br \/>\ndes NFT dans le metavers.<\/p>\n","protected":false},"featured_media":1339,"comment_status":"open","ping_status":"closed","template":"","meta":{"om_disable_all_campaigns":false,"_uag_custom_page_level_css":"","_monsterinsights_skip_tracking":false,"_monsterinsights_sitenote_active":false,"_monsterinsights_sitenote_note":"","_monsterinsights_sitenote_category":0,"site-sidebar-layout":"default","site-content-layout":"","ast-site-content-layout":"default","site-content-style":"default","site-sidebar-style":"default","ast-global-header-display":"","ast-banner-title-visibility":"","ast-main-header-display":"","ast-hfb-above-header-display":"","ast-hfb-below-header-display":"","ast-hfb-mobile-header-display":"","site-post-title":"","ast-breadcrumbs-content":"","ast-featured-img":"","footer-sml-layout":"","theme-transparent-header-meta":"default","adv-header-id-meta":"","stick-header-meta":"","header-above-stick-meta":"","header-main-stick-meta":"","header-below-stick-meta":"","astra-migrate-meta-layouts":"set","ast-page-background-enabled":"default","ast-page-background-meta":{"desktop":{"background-color":"","background-image":"","background-repeat":"repeat","background-position":"center center","background-size":"auto","background-attachment":"scroll","background-type":"","background-media":"","overlay-type":"","overlay-color":"","overlay-gradient":""},"tablet":{"background-color":"","background-image":"","background-repeat":"repeat","background-position":"center center","background-size":"auto","background-attachment":"scroll","background-type":"","background-media":"","overlay-type":"","overlay-color":"","overlay-gradient":""},"mobile":{"background-color":"","background-image":"","background-repeat":"repeat","background-position":"center center","background-size":"auto","background-attachment":"scroll","background-type":"","background-media":"","overlay-type":"","overlay-color":"","overlay-gradient":""}},"ast-content-background-meta":{"desktop":{"background-color":"var(--ast-global-color-5)","background-image":"","background-repeat":"repeat","background-position":"center center","background-size":"auto","background-attachment":"scroll","background-type":"","background-media":"","overlay-type":"","overlay-color":"","overlay-gradient":""},"tablet":{"background-color":"var(--ast-global-color-5)","background-image":"","background-repeat":"repeat","background-position":"center center","background-size":"auto","background-attachment":"scroll","background-type":"","background-media":"","overlay-type":"","overlay-color":"","overlay-gradient":""},"mobile":{"background-color":"var(--ast-global-color-5)","background-image":"","background-repeat":"repeat","background-position":"center center","background-size":"auto","background-attachment":"scroll","background-type":"","background-media":"","overlay-type":"","overlay-color":"","overlay-gradient":""}}},"product_brand":[],"product_cat":[39],"product_tag":[],"class_list":{"0":"post-1338","1":"product","2":"type-product","3":"status-publish","4":"has-post-thumbnail","6":"product_cat-marketing","7":"desktop-align-left","8":"tablet-align-left","9":"mobile-align-left","11":"first","12":"instock","13":"downloadable","14":"virtual","15":"purchasable","16":"product-type-simple"},"aioseo_notices":[],"uagb_featured_image_src":{"full":["https:\/\/ebooks-premium.top\/wp-content\/uploads\/2023\/11\/Capture-decran-2023-11-14-a-15.30.56.jpg",1616,2080,false],"thumbnail":["https:\/\/ebooks-premium.top\/wp-content\/uploads\/2023\/11\/Capture-decran-2023-11-14-a-15.30.56-150x150.jpg",150,150,true],"medium":["https:\/\/ebooks-premium.top\/wp-content\/uploads\/2023\/11\/Capture-decran-2023-11-14-a-15.30.56-233x300.jpg",233,300,true],"medium_large":["https:\/\/ebooks-premium.top\/wp-content\/uploads\/2023\/11\/Capture-decran-2023-11-14-a-15.30.56-768x989.jpg",768,989,true],"large":["https:\/\/ebooks-premium.top\/wp-content\/uploads\/2023\/11\/Capture-decran-2023-11-14-a-15.30.56-796x1024.jpg",796,1024,true],"1536x1536":["https:\/\/ebooks-premium.top\/wp-content\/uploads\/2023\/11\/Capture-decran-2023-11-14-a-15.30.56-1193x1536.jpg",1193,1536,true],"2048x2048":["https:\/\/ebooks-premium.top\/wp-content\/uploads\/2023\/11\/Capture-decran-2023-11-14-a-15.30.56-1591x2048.jpg",1591,2048,true],"woocommerce_thumbnail":["https:\/\/ebooks-premium.top\/wp-content\/uploads\/2023\/11\/Capture-decran-2023-11-14-a-15.30.56-300x457.jpg",300,457,true],"woocommerce_single":["https:\/\/ebooks-premium.top\/wp-content\/uploads\/2023\/11\/Capture-decran-2023-11-14-a-15.30.56-500x644.jpg",500,644,true],"woocommerce_gallery_thumbnail":["https:\/\/ebooks-premium.top\/wp-content\/uploads\/2023\/11\/Capture-decran-2023-11-14-a-15.30.56-100x100.jpg",100,100,true]},"uagb_author_info":{"display_name":"ebooks-premium.top","author_link":"https:\/\/ebooks-premium.top\/?author=0"},"uagb_comment_info":1,"uagb_excerpt":"Nous avons travaill\u00e9 dur pour vous fournir tout ce que vous devez savoir pour tirer profit des NFT dans le metavers.","_links":{"self":[{"href":"https:\/\/ebooks-premium.top\/index.php?rest_route=\/wp\/v2\/product\/1338","targetHints":{"allow":["GET"]}}],"collection":[{"href":"https:\/\/ebooks-premium.top\/index.php?rest_route=\/wp\/v2\/product"}],"about":[{"href":"https:\/\/ebooks-premium.top\/index.php?rest_route=\/wp\/v2\/types\/product"}],"replies":[{"embeddable":true,"href":"https:\/\/ebooks-premium.top\/index.php?rest_route=%2Fwp%2Fv2%2Fcomments&post=1338"}],"wp:featuredmedia":[{"embeddable":true,"href":"https:\/\/ebooks-premium.top\/index.php?rest_route=\/wp\/v2\/media\/1339"}],"wp:attachment":[{"href":"https:\/\/ebooks-premium.top\/index.php?rest_route=%2Fwp%2Fv2%2Fmedia&parent=1338"}],"wp:term":[{"taxonomy":"product_brand","embeddable":true,"href":"https:\/\/ebooks-premium.top\/index.php?rest_route=%2Fwp%2Fv2%2Fproduct_brand&post=1338"},{"taxonomy":"product_cat","embeddable":true,"href":"https:\/\/ebooks-premium.top\/index.php?rest_route=%2Fwp%2Fv2%2Fproduct_cat&post=1338"},{"taxonomy":"product_tag","embeddable":true,"href":"https:\/\/ebooks-premium.top\/index.php?rest_route=%2Fwp%2Fv2%2Fproduct_tag&post=1338"}],"curies":[{"name":"wp","href":"https:\/\/api.w.org\/{rel}","templated":true}]}}