{"id":1328,"date":"2023-11-14T10:26:20","date_gmt":"2023-11-14T09:26:20","guid":{"rendered":"https:\/\/ebooks-premium.top\/?post_type=product&#038;p=1328"},"modified":"2023-11-16T17:40:08","modified_gmt":"2023-11-16T16:40:08","slug":"gagner-de-largent-en-ligne","status":"publish","type":"product","link":"https:\/\/ebooks-premium.top\/?product=gagner-de-largent-en-ligne","title":{"rendered":"Gagner de l&rsquo;Argent en ligne"},"content":{"rendered":"<p>Il y a 2 types d&rsquo;approches que vous pouvez choisir quand il s&rsquo;agit de cr\u00e9er un info-produit.<br \/>\nSoit vous \u00eates cr\u00e9atif, soit vous \u00eates innovant. Trouver la strat\u00e9gie d\u00e9terminera le succ\u00e8s<br \/>\ndu lancement de votre produit.<br \/>\nLa cr\u00e9ativit\u00e9 signifie que vous observez le march\u00e9 et trouvez une bonne solution. En fait,<br \/>\nvous utilisez votre cerveau pour r\u00e9fl\u00e9chir \u00e0 la mani\u00e8re dont votre produit d&rsquo;information<br \/>\npeut r\u00e9soudre le probl\u00e8me existant sur le march\u00e9.<br \/>\nPar exemple, si vous constatez que de nombreuses personnes ont des difficult\u00e9s \u00e0 r\u00e9diger<br \/>\nune lettre de vente, vous pouvez cr\u00e9er un logiciel de g\u00e9n\u00e9ration de lettres de vente. Ou, si<br \/>\nvous voyez que beaucoup de gens essaient d&rsquo;organiser les d\u00e9tails de leur joint venture,<br \/>\nvous pouvez cr\u00e9er un logiciel de profil de joint venture. En gros, vous serez la premi\u00e8re<br \/>\npersonne \u00e0 toucher le march\u00e9. Vous comprenez ?<br \/>\nMais si vous voulez minimiser votre risque d&rsquo;\u00e9chec et gagner de l&rsquo;argent rapidement, je<br \/>\npr\u00e9f\u00e8re \u00eatre un innovateur.<br \/>\nObservez les produits existants cr\u00e9\u00e9s pour r\u00e9pondre \u00e0 la demande d&rsquo;un march\u00e9.<br \/>\nVoir si le volume des ventes est bon. Ensuite, j&rsquo;innoverai pour offrir une meilleure<br \/>\nsolution ou exploiter les possibilit\u00e9s existantes.<br \/>\nVous ne savez pas ce que cela signifie ?<\/p>\n","protected":false},"excerpt":{"rendered":"<p>Le marketing innovant ne se limite pas \u00e0 copier ce qui a du succ\u00e8s et \u00e0 essayer d&rsquo;\u00eatre meilleur,<br \/>\nplus grand ou moins cher.<\/p>\n","protected":false},"featured_media":1329,"comment_status":"open","ping_status":"closed","template":"","meta":{"om_disable_all_campaigns":false,"_uag_custom_page_level_css":"","_monsterinsights_skip_tracking":false,"_monsterinsights_sitenote_active":false,"_monsterinsights_sitenote_note":"","_monsterinsights_sitenote_category":0,"site-sidebar-layout":"default","site-content-layout":"","ast-site-content-layout":"default","site-content-style":"default","site-sidebar-style":"default","ast-global-header-display":"","ast-banner-title-visibility":"","ast-main-header-display":"","ast-hfb-above-header-display":"","ast-hfb-below-header-display":"","ast-hfb-mobile-header-display":"","site-post-title":"","ast-breadcrumbs-content":"","ast-featured-img":"","footer-sml-layout":"","theme-transparent-header-meta":"default","adv-header-id-meta":"","stick-header-meta":"","header-above-stick-meta":"","header-main-stick-meta":"","header-below-stick-meta":"","astra-migrate-meta-layouts":"set","ast-page-background-enabled":"default","ast-page-background-meta":{"desktop":{"background-color":"","background-image":"","background-repeat":"repeat","background-position":"center center","background-size":"auto","background-attachment":"scroll","background-type":"","background-media":"","overlay-type":"","overlay-color":"","overlay-gradient":""},"tablet":{"background-color":"","background-image":"","background-repeat":"repeat","background-position":"center center","background-size":"auto","background-attachment":"scroll","background-type":"","background-media":"","overlay-type":"","overlay-color":"","overlay-gradient":""},"mobile":{"background-color":"","background-image":"","background-repeat":"repeat","background-position":"center center","background-size":"auto","background-attachment":"scroll","background-type":"","background-media":"","overlay-type":"","overlay-color":"","overlay-gradient":""}},"ast-content-background-meta":{"desktop":{"background-color":"var(--ast-global-color-5)","background-image":"","background-repeat":"repeat","background-position":"center center","background-size":"auto","background-attachment":"scroll","background-type":"","background-media":"","overlay-type":"","overlay-color":"","overlay-gradient":""},"tablet":{"background-color":"var(--ast-global-color-5)","background-image":"","background-repeat":"repeat","background-position":"center center","background-size":"auto","background-attachment":"scroll","background-type":"","background-media":"","overlay-type":"","overlay-color":"","overlay-gradient":""},"mobile":{"background-color":"var(--ast-global-color-5)","background-image":"","background-repeat":"repeat","background-position":"center center","background-size":"auto","background-attachment":"scroll","background-type":"","background-media":"","overlay-type":"","overlay-color":"","overlay-gradient":""}}},"product_brand":[],"product_cat":[39],"product_tag":[],"class_list":{"0":"post-1328","1":"product","2":"type-product","3":"status-publish","4":"has-post-thumbnail","6":"product_cat-marketing","7":"desktop-align-left","8":"tablet-align-left","9":"mobile-align-left","11":"first","12":"instock","13":"downloadable","14":"virtual","15":"purchasable","16":"product-type-simple"},"aioseo_notices":[],"uagb_featured_image_src":{"full":["https:\/\/ebooks-premium.top\/wp-content\/uploads\/2023\/11\/Capture-decran-2023-11-14-a-10.24.15.jpg",1506,2068,false],"thumbnail":["https:\/\/ebooks-premium.top\/wp-content\/uploads\/2023\/11\/Capture-decran-2023-11-14-a-10.24.15-150x150.jpg",150,150,true],"medium":["https:\/\/ebooks-premium.top\/wp-content\/uploads\/2023\/11\/Capture-decran-2023-11-14-a-10.24.15-218x300.jpg",218,300,true],"medium_large":["https:\/\/ebooks-premium.top\/wp-content\/uploads\/2023\/11\/Capture-decran-2023-11-14-a-10.24.15-768x1055.jpg",768,1055,true],"large":["https:\/\/ebooks-premium.top\/wp-content\/uploads\/2023\/11\/Capture-decran-2023-11-14-a-10.24.15-746x1024.jpg",746,1024,true],"1536x1536":["https:\/\/ebooks-premium.top\/wp-content\/uploads\/2023\/11\/Capture-decran-2023-11-14-a-10.24.15-1119x1536.jpg",1119,1536,true],"2048x2048":["https:\/\/ebooks-premium.top\/wp-content\/uploads\/2023\/11\/Capture-decran-2023-11-14-a-10.24.15-1491x2048.jpg",1491,2048,true],"woocommerce_thumbnail":["https:\/\/ebooks-premium.top\/wp-content\/uploads\/2023\/11\/Capture-decran-2023-11-14-a-10.24.15-300x457.jpg",300,457,true],"woocommerce_single":["https:\/\/ebooks-premium.top\/wp-content\/uploads\/2023\/11\/Capture-decran-2023-11-14-a-10.24.15-500x687.jpg",500,687,true],"woocommerce_gallery_thumbnail":["https:\/\/ebooks-premium.top\/wp-content\/uploads\/2023\/11\/Capture-decran-2023-11-14-a-10.24.15-100x100.jpg",100,100,true]},"uagb_author_info":{"display_name":"ebooks-premium.top","author_link":"https:\/\/ebooks-premium.top\/?author=0"},"uagb_comment_info":0,"uagb_excerpt":"Le marketing innovant ne se limite pas \u00e0 copier ce qui a du succ\u00e8s et \u00e0 essayer d'\u00eatre meilleur, plus grand ou moins cher.","_links":{"self":[{"href":"https:\/\/ebooks-premium.top\/index.php?rest_route=\/wp\/v2\/product\/1328","targetHints":{"allow":["GET"]}}],"collection":[{"href":"https:\/\/ebooks-premium.top\/index.php?rest_route=\/wp\/v2\/product"}],"about":[{"href":"https:\/\/ebooks-premium.top\/index.php?rest_route=\/wp\/v2\/types\/product"}],"replies":[{"embeddable":true,"href":"https:\/\/ebooks-premium.top\/index.php?rest_route=%2Fwp%2Fv2%2Fcomments&post=1328"}],"wp:featuredmedia":[{"embeddable":true,"href":"https:\/\/ebooks-premium.top\/index.php?rest_route=\/wp\/v2\/media\/1329"}],"wp:attachment":[{"href":"https:\/\/ebooks-premium.top\/index.php?rest_route=%2Fwp%2Fv2%2Fmedia&parent=1328"}],"wp:term":[{"taxonomy":"product_brand","embeddable":true,"href":"https:\/\/ebooks-premium.top\/index.php?rest_route=%2Fwp%2Fv2%2Fproduct_brand&post=1328"},{"taxonomy":"product_cat","embeddable":true,"href":"https:\/\/ebooks-premium.top\/index.php?rest_route=%2Fwp%2Fv2%2Fproduct_cat&post=1328"},{"taxonomy":"product_tag","embeddable":true,"href":"https:\/\/ebooks-premium.top\/index.php?rest_route=%2Fwp%2Fv2%2Fproduct_tag&post=1328"}],"curies":[{"name":"wp","href":"https:\/\/api.w.org\/{rel}","templated":true}]}}