{"id":1316,"date":"2023-11-13T12:31:51","date_gmt":"2023-11-13T11:31:51","guid":{"rendered":"https:\/\/ebooks-premium.top\/?post_type=product&#038;p=1316"},"modified":"2023-11-16T17:40:57","modified_gmt":"2023-11-16T16:40:57","slug":"la-procrastination","status":"publish","type":"product","link":"https:\/\/ebooks-premium.top\/?product=la-procrastination","title":{"rendered":"La Procrastination"},"content":{"rendered":"<p>La procrastination consiste \u00e0 remettre les choses \u00e0 plus tard, jusqu&rsquo;\u00e0 ce<br \/>\nqu&rsquo;il soit trop tard ou que vous deviez vous d\u00e9p\u00eacher de les terminer, ce qui<br \/>\nvous cause \u00e0 vous-m\u00eame et aux autres beaucoup de douleur et de stress<br \/>\ninutiles. Pr\u00e8s de 88 % de la population active mondiale serait coupable de<br \/>\nce type de comportement \u00e0 un moment ou \u00e0 un autre de sa vie. C&rsquo;est en<br \/>\ngrande partie in\u00e9vitable et seulement nuisible si vous le laissez se<br \/>\nmanifester dans votre vie et devenir chronique.<br \/>\nLa procrastination chronique peut entra\u00eener des probl\u00e8mes de sant\u00e9, de<br \/>\ncarri\u00e8re, d&rsquo;\u00e9panouissement personnel et de relations. Cependant, il existe<br \/>\ndes moyens simples de la surmonter, \u00e0 condition de s&rsquo;engager \u00e0 changer.<br \/>\nDans ce guide, vous d\u00e9couvrirez quel type de procrastinateur vous \u00eates, les<br \/>\nraisons courantes pour lesquelles vous avez d\u00e9velopp\u00e9 cette habitude et les<br \/>\nmoyens d&rsquo;y rem\u00e9dier pour am\u00e9liorer vos relations et vivre une vie plus<br \/>\nheureuse, plus \u00e9panouissante et plus r\u00e9ussie.<\/p>\n","protected":false},"excerpt":{"rendered":"<p>L&rsquo;amygdale est un ensemble de neurones qui ressemblent \u00e0 la forme d&rsquo;une<br \/>\namande et se trouve dans le lobe temporal m\u00e9dian du cerveau. Elle fait partie du<br \/>\nsyst\u00e8me limbique, qui joue un r\u00f4le essentiel dans la fa\u00e7on dont nous traitons nos<br \/>\n\u00e9motions et r\u00e9agissons \u00e0 la peur.<\/p>\n","protected":false},"featured_media":1318,"comment_status":"open","ping_status":"closed","template":"","meta":{"om_disable_all_campaigns":false,"_uag_custom_page_level_css":"","_monsterinsights_skip_tracking":false,"_monsterinsights_sitenote_active":false,"_monsterinsights_sitenote_note":"","_monsterinsights_sitenote_category":0,"site-sidebar-layout":"default","site-content-layout":"","ast-site-content-layout":"default","site-content-style":"default","site-sidebar-style":"default","ast-global-header-display":"","ast-banner-title-visibility":"","ast-main-header-display":"","ast-hfb-above-header-display":"","ast-hfb-below-header-display":"","ast-hfb-mobile-header-display":"","site-post-title":"","ast-breadcrumbs-content":"","ast-featured-img":"","footer-sml-layout":"","theme-transparent-header-meta":"default","adv-header-id-meta":"","stick-header-meta":"","header-above-stick-meta":"","header-main-stick-meta":"","header-below-stick-meta":"","astra-migrate-meta-layouts":"set","ast-page-background-enabled":"default","ast-page-background-meta":{"desktop":{"background-color":"","background-image":"","background-repeat":"repeat","background-position":"center center","background-size":"auto","background-attachment":"scroll","background-type":"","background-media":"","overlay-type":"","overlay-color":"","overlay-gradient":""},"tablet":{"background-color":"","background-image":"","background-repeat":"repeat","background-position":"center center","background-size":"auto","background-attachment":"scroll","background-type":"","background-media":"","overlay-type":"","overlay-color":"","overlay-gradient":""},"mobile":{"background-color":"","background-image":"","background-repeat":"repeat","background-position":"center center","background-size":"auto","background-attachment":"scroll","background-type":"","background-media":"","overlay-type":"","overlay-color":"","overlay-gradient":""}},"ast-content-background-meta":{"desktop":{"background-color":"var(--ast-global-color-5)","background-image":"","background-repeat":"repeat","background-position":"center center","background-size":"auto","background-attachment":"scroll","background-type":"","background-media":"","overlay-type":"","overlay-color":"","overlay-gradient":""},"tablet":{"background-color":"var(--ast-global-color-5)","background-image":"","background-repeat":"repeat","background-position":"center center","background-size":"auto","background-attachment":"scroll","background-type":"","background-media":"","overlay-type":"","overlay-color":"","overlay-gradient":""},"mobile":{"background-color":"var(--ast-global-color-5)","background-image":"","background-repeat":"repeat","background-position":"center center","background-size":"auto","background-attachment":"scroll","background-type":"","background-media":"","overlay-type":"","overlay-color":"","overlay-gradient":""}}},"product_brand":[],"product_cat":[39,32],"product_tag":[],"class_list":{"0":"post-1316","1":"product","2":"type-product","3":"status-publish","4":"has-post-thumbnail","6":"product_cat-marketing","7":"product_cat-sante","8":"desktop-align-left","9":"tablet-align-left","10":"mobile-align-left","12":"first","13":"instock","14":"downloadable","15":"virtual","16":"purchasable","17":"product-type-simple"},"aioseo_notices":[],"uagb_featured_image_src":{"full":["https:\/\/ebooks-premium.top\/wp-content\/uploads\/2023\/11\/Capture-decran-2023-11-13-a-12.28.11.jpg",1552,2098,false],"thumbnail":["https:\/\/ebooks-premium.top\/wp-content\/uploads\/2023\/11\/Capture-decran-2023-11-13-a-12.28.11-150x150.jpg",150,150,true],"medium":["https:\/\/ebooks-premium.top\/wp-content\/uploads\/2023\/11\/Capture-decran-2023-11-13-a-12.28.11-222x300.jpg",222,300,true],"medium_large":["https:\/\/ebooks-premium.top\/wp-content\/uploads\/2023\/11\/Capture-decran-2023-11-13-a-12.28.11-768x1038.jpg",768,1038,true],"large":["https:\/\/ebooks-premium.top\/wp-content\/uploads\/2023\/11\/Capture-decran-2023-11-13-a-12.28.11-758x1024.jpg",758,1024,true],"1536x1536":["https:\/\/ebooks-premium.top\/wp-content\/uploads\/2023\/11\/Capture-decran-2023-11-13-a-12.28.11-1136x1536.jpg",1136,1536,true],"2048x2048":["https:\/\/ebooks-premium.top\/wp-content\/uploads\/2023\/11\/Capture-decran-2023-11-13-a-12.28.11-1515x2048.jpg",1515,2048,true],"woocommerce_thumbnail":["https:\/\/ebooks-premium.top\/wp-content\/uploads\/2023\/11\/Capture-decran-2023-11-13-a-12.28.11-300x457.jpg",300,457,true],"woocommerce_single":["https:\/\/ebooks-premium.top\/wp-content\/uploads\/2023\/11\/Capture-decran-2023-11-13-a-12.28.11-500x676.jpg",500,676,true],"woocommerce_gallery_thumbnail":["https:\/\/ebooks-premium.top\/wp-content\/uploads\/2023\/11\/Capture-decran-2023-11-13-a-12.28.11-100x100.jpg",100,100,true]},"uagb_author_info":{"display_name":"ebooks-premium.top","author_link":"https:\/\/ebooks-premium.top\/?author=0"},"uagb_comment_info":0,"uagb_excerpt":"L'amygdale est un ensemble de neurones qui ressemblent \u00e0 la forme d'une amande et se trouve dans le lobe temporal m\u00e9dian du cerveau. Elle fait partie du syst\u00e8me limbique, qui joue un r\u00f4le essentiel dans la fa\u00e7on dont nous traitons nos \u00e9motions et r\u00e9agissons \u00e0 la peur.","_links":{"self":[{"href":"https:\/\/ebooks-premium.top\/index.php?rest_route=\/wp\/v2\/product\/1316","targetHints":{"allow":["GET"]}}],"collection":[{"href":"https:\/\/ebooks-premium.top\/index.php?rest_route=\/wp\/v2\/product"}],"about":[{"href":"https:\/\/ebooks-premium.top\/index.php?rest_route=\/wp\/v2\/types\/product"}],"replies":[{"embeddable":true,"href":"https:\/\/ebooks-premium.top\/index.php?rest_route=%2Fwp%2Fv2%2Fcomments&post=1316"}],"wp:featuredmedia":[{"embeddable":true,"href":"https:\/\/ebooks-premium.top\/index.php?rest_route=\/wp\/v2\/media\/1318"}],"wp:attachment":[{"href":"https:\/\/ebooks-premium.top\/index.php?rest_route=%2Fwp%2Fv2%2Fmedia&parent=1316"}],"wp:term":[{"taxonomy":"product_brand","embeddable":true,"href":"https:\/\/ebooks-premium.top\/index.php?rest_route=%2Fwp%2Fv2%2Fproduct_brand&post=1316"},{"taxonomy":"product_cat","embeddable":true,"href":"https:\/\/ebooks-premium.top\/index.php?rest_route=%2Fwp%2Fv2%2Fproduct_cat&post=1316"},{"taxonomy":"product_tag","embeddable":true,"href":"https:\/\/ebooks-premium.top\/index.php?rest_route=%2Fwp%2Fv2%2Fproduct_tag&post=1316"}],"curies":[{"name":"wp","href":"https:\/\/api.w.org\/{rel}","templated":true}]}}