{"id":1313,"date":"2023-11-13T12:27:17","date_gmt":"2023-11-13T11:27:17","guid":{"rendered":"https:\/\/ebooks-premium.top\/?post_type=product&#038;p=1313"},"modified":"2025-09-26T13:36:36","modified_gmt":"2025-09-26T11:36:36","slug":"expert-en-email-marketing","status":"publish","type":"product","link":"https:\/\/ebooks-premium.top\/?product=expert-en-email-marketing","title":{"rendered":"Expert en EMAIL MARKETING"},"content":{"rendered":"<p style=\"text-align: left;\">Le marketing par courrier \u00e9lectronique est sans conteste la forme la plus puissante et la plus efficace<br \/>\nde marketing en ligne. Rien ne s&rsquo;en approche. Je suis s\u00e9rieux. M\u00eame le marketing de recherche,<br \/>\navec tout son battage m\u00e9diatique et son succ\u00e8s \u00e9prouv\u00e9, n&rsquo;arrive pas \u00e0 la cheville de l&rsquo;efficacit\u00e9 du<br \/>\nmarketing de liste. Il est facile de comprendre pourquoi, enqu\u00eate apr\u00e8s enqu\u00eate, les soci\u00e9t\u00e9s de<br \/>\nmarketing continuent de placer l&rsquo;e-mail marketing en t\u00eate de leurs pr\u00e9f\u00e9rences publicitaires, ou presque.<\/p>\n<p style=\"text-align: left;\">En voici les raisons.<br \/>\nGr\u00e2ce au marketing par e-mail, vous pouvez vous mettre sous les yeux des<br \/>\nmembres de votre public \u00e0 tout moment et en tout lieu. C&rsquo;est exact. Vous pouvez<br \/>\n\u00eatre sur une plage des Bahamas en train de r\u00e9diger un e-mail de mise \u00e0 jour.<br \/>\nBranchez-le \u00e0 votre fournisseur de services de courrier \u00e9lectronique et votre public, o\u00f9 qu&rsquo;il soit dans le monde et quoi qu&rsquo;il fasse, est s\u00fbr de recevoir votre courrier \u00e9lectronique. Apr\u00e8s tout, la plupart des gens consultent leur bo\u00eete aux lettres \u00e9lectronique.<br \/>\nN&rsquo;est-ce pas g\u00e9nial ?<br \/>\nCela vous permet de vendre davantage de produits. Puisque vous avez une relation de facto avec les<br \/>\npersonnes qui se sont volontairement inscrites sur votre liste de diffusion, vous \u00eates en mesure de<br \/>\nmaintenir la conversation. Vous n&rsquo;avez pas qu&rsquo;une seule chance d&rsquo;inciter les membres de votre liste \u00e0<br \/>\nacheter. Chaque fois que vous envoyez une mise \u00e0 jour, vous avez une chance de convertir certains<br \/>\nmembres de votre public en acheteurs.<\/p>\n","protected":false},"excerpt":{"rendered":"<p>Le courrier \u00e9lectronique vous permet \u00e9galement de rester en contact avec les besoins de votre<br \/>\npublic. C&rsquo;est comme si vous \u00e9tiez \u00e0 l&rsquo;\u00e9coute de leurs besoins, de ce qu&rsquo;ils recherchent et des<br \/>\nprobl\u00e8mes qu&rsquo;ils rencontrent.<\/p>\n","protected":false},"featured_media":1314,"comment_status":"open","ping_status":"closed","template":"","meta":{"om_disable_all_campaigns":false,"_uag_custom_page_level_css":"","_monsterinsights_skip_tracking":false,"_monsterinsights_sitenote_active":false,"_monsterinsights_sitenote_note":"","_monsterinsights_sitenote_category":0,"site-sidebar-layout":"default","site-content-layout":"","ast-site-content-layout":"default","site-content-style":"default","site-sidebar-style":"default","ast-global-header-display":"","ast-banner-title-visibility":"","ast-main-header-display":"","ast-hfb-above-header-display":"","ast-hfb-below-header-display":"","ast-hfb-mobile-header-display":"","site-post-title":"","ast-breadcrumbs-content":"","ast-featured-img":"","footer-sml-layout":"","theme-transparent-header-meta":"default","adv-header-id-meta":"","stick-header-meta":"","header-above-stick-meta":"","header-main-stick-meta":"","header-below-stick-meta":"","astra-migrate-meta-layouts":"set","ast-page-background-enabled":"default","ast-page-background-meta":{"desktop":{"background-color":"","background-image":"","background-repeat":"repeat","background-position":"center center","background-size":"auto","background-attachment":"scroll","background-type":"","background-media":"","overlay-type":"","overlay-color":"","overlay-gradient":""},"tablet":{"background-color":"","background-image":"","background-repeat":"repeat","background-position":"center center","background-size":"auto","background-attachment":"scroll","background-type":"","background-media":"","overlay-type":"","overlay-color":"","overlay-gradient":""},"mobile":{"background-color":"","background-image":"","background-repeat":"repeat","background-position":"center center","background-size":"auto","background-attachment":"scroll","background-type":"","background-media":"","overlay-type":"","overlay-color":"","overlay-gradient":""}},"ast-content-background-meta":{"desktop":{"background-color":"var(--ast-global-color-5)","background-image":"","background-repeat":"repeat","background-position":"center center","background-size":"auto","background-attachment":"scroll","background-type":"","background-media":"","overlay-type":"","overlay-color":"","overlay-gradient":""},"tablet":{"background-color":"var(--ast-global-color-5)","background-image":"","background-repeat":"repeat","background-position":"center center","background-size":"auto","background-attachment":"scroll","background-type":"","background-media":"","overlay-type":"","overlay-color":"","overlay-gradient":""},"mobile":{"background-color":"var(--ast-global-color-5)","background-image":"","background-repeat":"repeat","background-position":"center center","background-size":"auto","background-attachment":"scroll","background-type":"","background-media":"","overlay-type":"","overlay-color":"","overlay-gradient":""}}},"product_brand":[],"product_cat":[39],"product_tag":[],"class_list":{"0":"post-1313","1":"product","2":"type-product","3":"status-publish","4":"has-post-thumbnail","6":"product_cat-marketing","7":"desktop-align-left","8":"tablet-align-left","9":"mobile-align-left","11":"first","12":"instock","13":"downloadable","14":"virtual","15":"purchasable","16":"product-type-simple"},"aioseo_notices":[],"uagb_featured_image_src":{"full":["https:\/\/ebooks-premium.top\/wp-content\/uploads\/2023\/11\/Capture-decran-2023-11-13-a-12.23.26.jpg",1594,2118,false],"thumbnail":["https:\/\/ebooks-premium.top\/wp-content\/uploads\/2023\/11\/Capture-decran-2023-11-13-a-12.23.26-150x150.jpg",150,150,true],"medium":["https:\/\/ebooks-premium.top\/wp-content\/uploads\/2023\/11\/Capture-decran-2023-11-13-a-12.23.26-226x300.jpg",226,300,true],"medium_large":["https:\/\/ebooks-premium.top\/wp-content\/uploads\/2023\/11\/Capture-decran-2023-11-13-a-12.23.26-768x1020.jpg",768,1020,true],"large":["https:\/\/ebooks-premium.top\/wp-content\/uploads\/2023\/11\/Capture-decran-2023-11-13-a-12.23.26-771x1024.jpg",771,1024,true],"1536x1536":["https:\/\/ebooks-premium.top\/wp-content\/uploads\/2023\/11\/Capture-decran-2023-11-13-a-12.23.26-1156x1536.jpg",1156,1536,true],"2048x2048":["https:\/\/ebooks-premium.top\/wp-content\/uploads\/2023\/11\/Capture-decran-2023-11-13-a-12.23.26-1541x2048.jpg",1541,2048,true],"woocommerce_thumbnail":["https:\/\/ebooks-premium.top\/wp-content\/uploads\/2023\/11\/Capture-decran-2023-11-13-a-12.23.26-300x457.jpg",300,457,true],"woocommerce_single":["https:\/\/ebooks-premium.top\/wp-content\/uploads\/2023\/11\/Capture-decran-2023-11-13-a-12.23.26-500x664.jpg",500,664,true],"woocommerce_gallery_thumbnail":["https:\/\/ebooks-premium.top\/wp-content\/uploads\/2023\/11\/Capture-decran-2023-11-13-a-12.23.26-100x100.jpg",100,100,true]},"uagb_author_info":{"display_name":"ebooks-premium.top","author_link":"https:\/\/ebooks-premium.top\/?author=0"},"uagb_comment_info":1,"uagb_excerpt":"Le courrier \u00e9lectronique vous permet \u00e9galement de rester en contact avec les besoins de votre public. C'est comme si vous \u00e9tiez \u00e0 l'\u00e9coute de leurs besoins, de ce qu'ils recherchent et des probl\u00e8mes qu'ils rencontrent.","_links":{"self":[{"href":"https:\/\/ebooks-premium.top\/index.php?rest_route=\/wp\/v2\/product\/1313","targetHints":{"allow":["GET"]}}],"collection":[{"href":"https:\/\/ebooks-premium.top\/index.php?rest_route=\/wp\/v2\/product"}],"about":[{"href":"https:\/\/ebooks-premium.top\/index.php?rest_route=\/wp\/v2\/types\/product"}],"replies":[{"embeddable":true,"href":"https:\/\/ebooks-premium.top\/index.php?rest_route=%2Fwp%2Fv2%2Fcomments&post=1313"}],"wp:featuredmedia":[{"embeddable":true,"href":"https:\/\/ebooks-premium.top\/index.php?rest_route=\/wp\/v2\/media\/1314"}],"wp:attachment":[{"href":"https:\/\/ebooks-premium.top\/index.php?rest_route=%2Fwp%2Fv2%2Fmedia&parent=1313"}],"wp:term":[{"taxonomy":"product_brand","embeddable":true,"href":"https:\/\/ebooks-premium.top\/index.php?rest_route=%2Fwp%2Fv2%2Fproduct_brand&post=1313"},{"taxonomy":"product_cat","embeddable":true,"href":"https:\/\/ebooks-premium.top\/index.php?rest_route=%2Fwp%2Fv2%2Fproduct_cat&post=1313"},{"taxonomy":"product_tag","embeddable":true,"href":"https:\/\/ebooks-premium.top\/index.php?rest_route=%2Fwp%2Fv2%2Fproduct_tag&post=1313"}],"curies":[{"name":"wp","href":"https:\/\/api.w.org\/{rel}","templated":true}]}}