{"id":1311,"date":"2023-11-13T12:21:03","date_gmt":"2023-11-13T11:21:03","guid":{"rendered":"https:\/\/ebooks-premium.top\/?post_type=product&#038;p=1311"},"modified":"2023-11-16T17:43:56","modified_gmt":"2023-11-16T16:43:56","slug":"comprendre-les-plr","status":"publish","type":"product","link":"https:\/\/ebooks-premium.top\/?product=comprendre-les-plr","title":{"rendered":"Comprendre les PLR"},"content":{"rendered":"<p>Depuis l&rsquo;av\u00e8nement d&rsquo;Internet, les affaires vont bien, voire mieux qu&rsquo;avant. Cela<br \/>\ns&rsquo;explique par le fait qu&rsquo;Internet fournit des moyens plus viables de diffuser des<br \/>\ninformations sur les produits et l&rsquo;entreprise en m\u00eame temps.<br \/>\nPar cons\u00e9quent, la plupart des entreprises savent que la prolif\u00e9ration des activit\u00e9s en<br \/>\nligne va certainement stimuler le potentiel de g\u00e9n\u00e9ration de revenus de l&rsquo;entreprise.<br \/>\nCependant, la plupart des entrepreneurs en ligne affirment que pour qu&rsquo;une entreprise<br \/>\nen ligne g\u00e9n\u00e8re de bons revenus sur Internet, elle doit avoir son propre produit. En effet,<br \/>\ntout est \u00e0 vendre, m\u00eame les pens\u00e9es que vous avez dans votre esprit peuvent \u00eatre<br \/>\nconsid\u00e9r\u00e9es comme un produit \u00e0 vendre lorsqu&rsquo;elles sont pr\u00e9sent\u00e9es sur Internet pour<br \/>\n\u00eatre utilis\u00e9es par d&rsquo;autres personnes.<br \/>\nMais contrairement \u00e0 la plupart des croyances populaires, le fait d&rsquo;avoir votre propre<br \/>\nproduit ne vous limite pas aux nombreuses possibilit\u00e9s de gagner plus en utilisant une<br \/>\n\u00ab\u00a0licence\u00a0\u00bb li\u00e9e \u00e0 un \u00ab\u00a0produit d&rsquo;information\u00a0\u00bb que vous pouvez acqu\u00e9rir en ligne. Ces<br \/>\nlicences sont connues sous le nom de droits de label priv\u00e9.<\/p>\n","protected":false},"excerpt":{"rendered":"<p>Private Label Rights n&rsquo;est que l&rsquo;un des trois \u00ab\u00a0droits fondamentaux\u00a0\u00bb qui sont incarn\u00e9s<br \/>\ndans le concept de commercialisation des droits de revente. Parmi ces trois droits, les<br \/>\ndroits de label priv\u00e9 sont consid\u00e9r\u00e9s comme les plus lucratifs et les plus gratifiants.<\/p>\n","protected":false},"featured_media":1312,"comment_status":"open","ping_status":"closed","template":"","meta":{"om_disable_all_campaigns":false,"_uag_custom_page_level_css":"","_monsterinsights_skip_tracking":false,"_monsterinsights_sitenote_active":false,"_monsterinsights_sitenote_note":"","_monsterinsights_sitenote_category":0,"site-sidebar-layout":"default","site-content-layout":"","ast-site-content-layout":"default","site-content-style":"default","site-sidebar-style":"default","ast-global-header-display":"","ast-banner-title-visibility":"","ast-main-header-display":"","ast-hfb-above-header-display":"","ast-hfb-below-header-display":"","ast-hfb-mobile-header-display":"","site-post-title":"","ast-breadcrumbs-content":"","ast-featured-img":"","footer-sml-layout":"","theme-transparent-header-meta":"default","adv-header-id-meta":"","stick-header-meta":"","header-above-stick-meta":"","header-main-stick-meta":"","header-below-stick-meta":"","astra-migrate-meta-layouts":"set","ast-page-background-enabled":"default","ast-page-background-meta":{"desktop":{"background-color":"","background-image":"","background-repeat":"repeat","background-position":"center center","background-size":"auto","background-attachment":"scroll","background-type":"","background-media":"","overlay-type":"","overlay-color":"","overlay-gradient":""},"tablet":{"background-color":"","background-image":"","background-repeat":"repeat","background-position":"center center","background-size":"auto","background-attachment":"scroll","background-type":"","background-media":"","overlay-type":"","overlay-color":"","overlay-gradient":""},"mobile":{"background-color":"","background-image":"","background-repeat":"repeat","background-position":"center center","background-size":"auto","background-attachment":"scroll","background-type":"","background-media":"","overlay-type":"","overlay-color":"","overlay-gradient":""}},"ast-content-background-meta":{"desktop":{"background-color":"var(--ast-global-color-5)","background-image":"","background-repeat":"repeat","background-position":"center center","background-size":"auto","background-attachment":"scroll","background-type":"","background-media":"","overlay-type":"","overlay-color":"","overlay-gradient":""},"tablet":{"background-color":"var(--ast-global-color-5)","background-image":"","background-repeat":"repeat","background-position":"center center","background-size":"auto","background-attachment":"scroll","background-type":"","background-media":"","overlay-type":"","overlay-color":"","overlay-gradient":""},"mobile":{"background-color":"var(--ast-global-color-5)","background-image":"","background-repeat":"repeat","background-position":"center center","background-size":"auto","background-attachment":"scroll","background-type":"","background-media":"","overlay-type":"","overlay-color":"","overlay-gradient":""}}},"product_brand":[],"product_cat":[39],"product_tag":[],"class_list":{"0":"post-1311","1":"product","2":"type-product","3":"status-publish","4":"has-post-thumbnail","6":"product_cat-marketing","7":"desktop-align-left","8":"tablet-align-left","9":"mobile-align-left","11":"first","12":"instock","13":"downloadable","14":"virtual","15":"purchasable","16":"product-type-simple"},"aioseo_notices":[],"uagb_featured_image_src":{"full":["https:\/\/ebooks-premium.top\/wp-content\/uploads\/2023\/11\/Capture-decran-2023-11-13-a-12.20.17.jpg",1586,2058,false],"thumbnail":["https:\/\/ebooks-premium.top\/wp-content\/uploads\/2023\/11\/Capture-decran-2023-11-13-a-12.20.17-150x150.jpg",150,150,true],"medium":["https:\/\/ebooks-premium.top\/wp-content\/uploads\/2023\/11\/Capture-decran-2023-11-13-a-12.20.17-231x300.jpg",231,300,true],"medium_large":["https:\/\/ebooks-premium.top\/wp-content\/uploads\/2023\/11\/Capture-decran-2023-11-13-a-12.20.17-768x997.jpg",768,997,true],"large":["https:\/\/ebooks-premium.top\/wp-content\/uploads\/2023\/11\/Capture-decran-2023-11-13-a-12.20.17-789x1024.jpg",789,1024,true],"1536x1536":["https:\/\/ebooks-premium.top\/wp-content\/uploads\/2023\/11\/Capture-decran-2023-11-13-a-12.20.17-1184x1536.jpg",1184,1536,true],"2048x2048":["https:\/\/ebooks-premium.top\/wp-content\/uploads\/2023\/11\/Capture-decran-2023-11-13-a-12.20.17-1578x2048.jpg",1578,2048,true],"woocommerce_thumbnail":["https:\/\/ebooks-premium.top\/wp-content\/uploads\/2023\/11\/Capture-decran-2023-11-13-a-12.20.17-300x457.jpg",300,457,true],"woocommerce_single":["https:\/\/ebooks-premium.top\/wp-content\/uploads\/2023\/11\/Capture-decran-2023-11-13-a-12.20.17-500x649.jpg",500,649,true],"woocommerce_gallery_thumbnail":["https:\/\/ebooks-premium.top\/wp-content\/uploads\/2023\/11\/Capture-decran-2023-11-13-a-12.20.17-100x100.jpg",100,100,true]},"uagb_author_info":{"display_name":"ebooks-premium.top","author_link":"https:\/\/ebooks-premium.top\/?author=0"},"uagb_comment_info":0,"uagb_excerpt":"Private Label Rights n'est que l'un des trois \"droits fondamentaux\" qui sont incarn\u00e9s dans le concept de commercialisation des droits de revente. Parmi ces trois droits, les droits de label priv\u00e9 sont consid\u00e9r\u00e9s comme les plus lucratifs et les plus gratifiants.","_links":{"self":[{"href":"https:\/\/ebooks-premium.top\/index.php?rest_route=\/wp\/v2\/product\/1311","targetHints":{"allow":["GET"]}}],"collection":[{"href":"https:\/\/ebooks-premium.top\/index.php?rest_route=\/wp\/v2\/product"}],"about":[{"href":"https:\/\/ebooks-premium.top\/index.php?rest_route=\/wp\/v2\/types\/product"}],"replies":[{"embeddable":true,"href":"https:\/\/ebooks-premium.top\/index.php?rest_route=%2Fwp%2Fv2%2Fcomments&post=1311"}],"wp:featuredmedia":[{"embeddable":true,"href":"https:\/\/ebooks-premium.top\/index.php?rest_route=\/wp\/v2\/media\/1312"}],"wp:attachment":[{"href":"https:\/\/ebooks-premium.top\/index.php?rest_route=%2Fwp%2Fv2%2Fmedia&parent=1311"}],"wp:term":[{"taxonomy":"product_brand","embeddable":true,"href":"https:\/\/ebooks-premium.top\/index.php?rest_route=%2Fwp%2Fv2%2Fproduct_brand&post=1311"},{"taxonomy":"product_cat","embeddable":true,"href":"https:\/\/ebooks-premium.top\/index.php?rest_route=%2Fwp%2Fv2%2Fproduct_cat&post=1311"},{"taxonomy":"product_tag","embeddable":true,"href":"https:\/\/ebooks-premium.top\/index.php?rest_route=%2Fwp%2Fv2%2Fproduct_tag&post=1311"}],"curies":[{"name":"wp","href":"https:\/\/api.w.org\/{rel}","templated":true}]}}