{"id":1306,"date":"2023-11-12T18:39:00","date_gmt":"2023-11-12T17:39:00","guid":{"rendered":"https:\/\/ebooks-premium.top\/?post_type=product&#038;p=1306"},"modified":"2023-11-16T18:21:27","modified_gmt":"2023-11-16T17:21:27","slug":"le-yoga-et-vous","status":"publish","type":"product","link":"https:\/\/ebooks-premium.top\/?product=le-yoga-et-vous","title":{"rendered":"Le Yoga Et Vous"},"content":{"rendered":"<p>Parmi les nombreuses choses pour lesquelles l&rsquo;Inde est connue dans sa contribution au monde, le<br \/>\n\u00ab\u00a0yoga\u00a0\u00bb est peut-\u00eatre l&rsquo;une des exportations les plus importantes et les plus populaires. Depuis les<br \/>\ntemps anciens, les asc\u00e8tes, les \u00ab\u00a0rishis\u00a0\u00bb et les \u00ab\u00a0munis\u00a0\u00bb de l&rsquo;Inde pratiquent cette forme d&rsquo;art et de<br \/>\nscience et en retirent les b\u00e9n\u00e9fices de l&rsquo;illumination qui accompagne le yoga.<br \/>\nQu&rsquo;est-ce que le yoga et pourquoi est-il important dans le monde d&rsquo;aujourd&rsquo;hui ?<br \/>\nL&rsquo;importance du yoga dans le monde d&rsquo;aujourd&rsquo;hui fait l&rsquo;objet de nombreuses d\u00e9finitions.<br \/>\nToutefois, si nous remontons aux racines du mot, nous constatons que le terme \u00ab\u00a0yoga\u00a0\u00bb trouve son<br \/>\norigine dans le sanskrit. Il signifie unir<br \/>\n&#8211; Le yoga aide le corps \u00e0 s&rsquo;unir aux autres aspects m\u00e9taphysiques vitaux de l&rsquo;\u00e2me et de l&rsquo;esprit. Il<br \/>\nest \u00e9galement souvent d\u00e9fini comme un mode de vie qui vise \u00e0 avoir un esprit sain dans un corps<br \/>\nsain.<br \/>\nPlus simplement d\u00e9fini, le yoga est un ensemble de postures ou \u00ab\u00a0asanas\u00a0\u00bb, associ\u00e9es \u00e0 des<br \/>\ntechniques de respiration, qui contribuent \u00e0 donner force et souplesse au corps tout en aidant \u00e0<br \/>\n\u00e9quilibrer l&rsquo;esprit et ses pens\u00e9es. Contrairement \u00e0 d&rsquo;autres formes d&rsquo;exercices physiques, comme<br \/>\nl&rsquo;a\u00e9robic, en pratiquant le yoga, on peut non seulement atteindre la sant\u00e9 physique, mais aussi le<br \/>\nbien-\u00eatre mental et spirituel.<\/p>\n","protected":false},"excerpt":{"rendered":"<p>Parmi les nombreuses choses pour lesquelles l&rsquo;Inde est connue dans sa contribution au monde, le<br \/>\n\u00ab\u00a0yoga\u00a0\u00bb est peut-\u00eatre l&rsquo;une des exportations les plus importantes et les plus populaires.<\/p>\n","protected":false},"featured_media":1131,"comment_status":"open","ping_status":"closed","template":"","meta":{"om_disable_all_campaigns":false,"_uag_custom_page_level_css":"","_monsterinsights_skip_tracking":false,"_monsterinsights_sitenote_active":false,"_monsterinsights_sitenote_note":"","_monsterinsights_sitenote_category":0,"site-sidebar-layout":"default","site-content-layout":"","ast-site-content-layout":"default","site-content-style":"default","site-sidebar-style":"default","ast-global-header-display":"","ast-banner-title-visibility":"","ast-main-header-display":"","ast-hfb-above-header-display":"","ast-hfb-below-header-display":"","ast-hfb-mobile-header-display":"","site-post-title":"","ast-breadcrumbs-content":"","ast-featured-img":"","footer-sml-layout":"","theme-transparent-header-meta":"default","adv-header-id-meta":"","stick-header-meta":"","header-above-stick-meta":"","header-main-stick-meta":"","header-below-stick-meta":"","astra-migrate-meta-layouts":"set","ast-page-background-enabled":"default","ast-page-background-meta":{"desktop":{"background-color":"","background-image":"","background-repeat":"repeat","background-position":"center center","background-size":"auto","background-attachment":"scroll","background-type":"","background-media":"","overlay-type":"","overlay-color":"","overlay-gradient":""},"tablet":{"background-color":"","background-image":"","background-repeat":"repeat","background-position":"center center","background-size":"auto","background-attachment":"scroll","background-type":"","background-media":"","overlay-type":"","overlay-color":"","overlay-gradient":""},"mobile":{"background-color":"","background-image":"","background-repeat":"repeat","background-position":"center center","background-size":"auto","background-attachment":"scroll","background-type":"","background-media":"","overlay-type":"","overlay-color":"","overlay-gradient":""}},"ast-content-background-meta":{"desktop":{"background-color":"var(--ast-global-color-5)","background-image":"","background-repeat":"repeat","background-position":"center center","background-size":"auto","background-attachment":"scroll","background-type":"","background-media":"","overlay-type":"","overlay-color":"","overlay-gradient":""},"tablet":{"background-color":"var(--ast-global-color-5)","background-image":"","background-repeat":"repeat","background-position":"center center","background-size":"auto","background-attachment":"scroll","background-type":"","background-media":"","overlay-type":"","overlay-color":"","overlay-gradient":""},"mobile":{"background-color":"var(--ast-global-color-5)","background-image":"","background-repeat":"repeat","background-position":"center center","background-size":"auto","background-attachment":"scroll","background-type":"","background-media":"","overlay-type":"","overlay-color":"","overlay-gradient":""}}},"product_brand":[],"product_cat":[34],"product_tag":[],"class_list":{"0":"post-1306","1":"product","2":"type-product","3":"status-publish","4":"has-post-thumbnail","6":"product_cat-yoga","7":"desktop-align-left","8":"tablet-align-left","9":"mobile-align-left","11":"first","12":"instock","13":"downloadable","14":"virtual","15":"purchasable","16":"product-type-simple"},"aioseo_notices":[],"uagb_featured_image_src":{"full":["https:\/\/ebooks-premium.top\/wp-content\/uploads\/2023\/11\/Maigrir-par-le-yoga.png",1266,1618,false],"thumbnail":["https:\/\/ebooks-premium.top\/wp-content\/uploads\/2023\/11\/Maigrir-par-le-yoga-150x150.png",150,150,true],"medium":["https:\/\/ebooks-premium.top\/wp-content\/uploads\/2023\/11\/Maigrir-par-le-yoga-235x300.png",235,300,true],"medium_large":["https:\/\/ebooks-premium.top\/wp-content\/uploads\/2023\/11\/Maigrir-par-le-yoga-768x982.png",768,982,true],"large":["https:\/\/ebooks-premium.top\/wp-content\/uploads\/2023\/11\/Maigrir-par-le-yoga-801x1024.png",801,1024,true],"1536x1536":["https:\/\/ebooks-premium.top\/wp-content\/uploads\/2023\/11\/Maigrir-par-le-yoga-1202x1536.png",1202,1536,true],"2048x2048":["https:\/\/ebooks-premium.top\/wp-content\/uploads\/2023\/11\/Maigrir-par-le-yoga.png",1266,1618,false],"woocommerce_thumbnail":["https:\/\/ebooks-premium.top\/wp-content\/uploads\/2023\/11\/Maigrir-par-le-yoga-300x457.png",300,457,true],"woocommerce_single":["https:\/\/ebooks-premium.top\/wp-content\/uploads\/2023\/11\/Maigrir-par-le-yoga-500x639.png",500,639,true],"woocommerce_gallery_thumbnail":["https:\/\/ebooks-premium.top\/wp-content\/uploads\/2023\/11\/Maigrir-par-le-yoga-100x100.png",100,100,true]},"uagb_author_info":{"display_name":"ebooks-premium.top","author_link":"https:\/\/ebooks-premium.top\/?author=0"},"uagb_comment_info":0,"uagb_excerpt":"Parmi les nombreuses choses pour lesquelles l'Inde est connue dans sa contribution au monde, le \"yoga\" est peut-\u00eatre l'une des exportations les plus importantes et les plus populaires.","_links":{"self":[{"href":"https:\/\/ebooks-premium.top\/index.php?rest_route=\/wp\/v2\/product\/1306","targetHints":{"allow":["GET"]}}],"collection":[{"href":"https:\/\/ebooks-premium.top\/index.php?rest_route=\/wp\/v2\/product"}],"about":[{"href":"https:\/\/ebooks-premium.top\/index.php?rest_route=\/wp\/v2\/types\/product"}],"replies":[{"embeddable":true,"href":"https:\/\/ebooks-premium.top\/index.php?rest_route=%2Fwp%2Fv2%2Fcomments&post=1306"}],"wp:featuredmedia":[{"embeddable":true,"href":"https:\/\/ebooks-premium.top\/index.php?rest_route=\/wp\/v2\/media\/1131"}],"wp:attachment":[{"href":"https:\/\/ebooks-premium.top\/index.php?rest_route=%2Fwp%2Fv2%2Fmedia&parent=1306"}],"wp:term":[{"taxonomy":"product_brand","embeddable":true,"href":"https:\/\/ebooks-premium.top\/index.php?rest_route=%2Fwp%2Fv2%2Fproduct_brand&post=1306"},{"taxonomy":"product_cat","embeddable":true,"href":"https:\/\/ebooks-premium.top\/index.php?rest_route=%2Fwp%2Fv2%2Fproduct_cat&post=1306"},{"taxonomy":"product_tag","embeddable":true,"href":"https:\/\/ebooks-premium.top\/index.php?rest_route=%2Fwp%2Fv2%2Fproduct_tag&post=1306"}],"curies":[{"name":"wp","href":"https:\/\/api.w.org\/{rel}","templated":true}]}}