{"id":1204,"date":"2023-11-07T17:42:17","date_gmt":"2023-11-07T16:42:17","guid":{"rendered":"https:\/\/ebooks-premium.top\/?post_type=product&#038;p=1204"},"modified":"2023-11-09T11:34:52","modified_gmt":"2023-11-09T10:34:52","slug":"la-magie-des-plantes","status":"publish","type":"product","link":"https:\/\/ebooks-premium.top\/?product=la-magie-des-plantes","title":{"rendered":"La Magie des Plantes"},"content":{"rendered":"<p style=\"text-align: left;\">L&rsquo;utilisation de la m\u00e9decine alternative \u00e0 base de plantes remonte \u00e0<br \/>\nl&rsquo;Antiquit\u00e9.<br \/>\nL&rsquo;absence de technologie m\u00e9dicale moderne a incit\u00e9 nos anc\u00eatres \u00e0 am\u00e9liorer leurs techniques de gu\u00e9rison en utilisant les dons de la nature. M\u00eame aujourd&rsquo;hui, les d\u00e9couvertes m\u00e9dicales actuelles sont principalement bas\u00e9es sur les d\u00e9couvertes et l&rsquo;utilisation des composants naturels \u00e0 base de plantes par les premi\u00e8res civilisations, les am\u00e9liorant pour qu&rsquo;ils deviennent utiles dans les probl\u00e8mes de sant\u00e9 actuels.<br \/>\nO\u00f9 tout a commenc\u00e9<br \/>\nL&rsquo;utilisation de la phytoth\u00e9rapie alternative a commenc\u00e9 par des essais et des erreurs. L&rsquo;application est plus importante dans la pratique que la recherche<br \/>\nerreurs. L&rsquo;application est plus importante dans la pratique que la recherche<br \/>\nLa pratiques m\u00e9dicales ont commenc\u00e9 \u00e0 \u00e9voluer.<br \/>\nL&rsquo;application de base de la phytoth\u00e9rapie consiste \u00e0 d\u00e9sinfecter les plaies ou \u00e0 les utiliser comme cataplasme. Une d\u00e9couverte ult\u00e9rieure de la m\u00e9thode consiste \u00e0 piler<br \/>\nles feuilles et les racines pour en faire une p\u00e2te qui sera administr\u00e9e directement aux patients.<\/p>\n","protected":false},"excerpt":{"rendered":"<p>L&rsquo;utilisation de la m\u00e9decine alternative \u00e0 base de plantes remonte \u00e0 l&rsquo;Antiquit\u00e9.<\/p>\n","protected":false},"featured_media":1208,"comment_status":"open","ping_status":"closed","template":"","meta":{"om_disable_all_campaigns":false,"_uag_custom_page_level_css":"","_monsterinsights_skip_tracking":false,"_monsterinsights_sitenote_active":false,"_monsterinsights_sitenote_note":"","_monsterinsights_sitenote_category":0,"site-sidebar-layout":"default","site-content-layout":"","ast-site-content-layout":"default","site-content-style":"default","site-sidebar-style":"default","ast-global-header-display":"","ast-banner-title-visibility":"","ast-main-header-display":"","ast-hfb-above-header-display":"","ast-hfb-below-header-display":"","ast-hfb-mobile-header-display":"","site-post-title":"","ast-breadcrumbs-content":"disabled","ast-featured-img":"","footer-sml-layout":"","theme-transparent-header-meta":"default","adv-header-id-meta":"","stick-header-meta":"","header-above-stick-meta":"","header-main-stick-meta":"","header-below-stick-meta":"","astra-migrate-meta-layouts":"set","ast-page-background-enabled":"default","ast-page-background-meta":{"desktop":{"background-color":"","background-image":"","background-repeat":"repeat","background-position":"center center","background-size":"auto","background-attachment":"scroll","background-type":"","background-media":"","overlay-type":"","overlay-color":"","overlay-gradient":""},"tablet":{"background-color":"","background-image":"","background-repeat":"repeat","background-position":"center center","background-size":"auto","background-attachment":"scroll","background-type":"","background-media":"","overlay-type":"","overlay-color":"","overlay-gradient":""},"mobile":{"background-color":"","background-image":"","background-repeat":"repeat","background-position":"center center","background-size":"auto","background-attachment":"scroll","background-type":"","background-media":"","overlay-type":"","overlay-color":"","overlay-gradient":""}},"ast-content-background-meta":{"desktop":{"background-color":"var(--ast-global-color-5)","background-image":"","background-repeat":"repeat","background-position":"center center","background-size":"auto","background-attachment":"scroll","background-type":"","background-media":"","overlay-type":"","overlay-color":"","overlay-gradient":""},"tablet":{"background-color":"var(--ast-global-color-5)","background-image":"","background-repeat":"repeat","background-position":"center center","background-size":"auto","background-attachment":"scroll","background-type":"","background-media":"","overlay-type":"","overlay-color":"","overlay-gradient":""},"mobile":{"background-color":"var(--ast-global-color-5)","background-image":"","background-repeat":"repeat","background-position":"center center","background-size":"auto","background-attachment":"scroll","background-type":"","background-media":"","overlay-type":"","overlay-color":"","overlay-gradient":""}}},"product_brand":[],"product_cat":[29],"product_tag":[],"class_list":{"0":"post-1204","1":"product","2":"type-product","3":"status-publish","4":"has-post-thumbnail","6":"product_cat-actuel","7":"desktop-align-left","8":"tablet-align-left","9":"mobile-align-left","11":"first","12":"instock","13":"downloadable","14":"virtual","15":"purchasable","16":"product-type-simple"},"aioseo_notices":[],"uagb_featured_image_src":{"full":["https:\/\/ebooks-premium.top\/wp-content\/uploads\/2023\/11\/PdG-magie-1-1.jpg",1700,2500,false],"thumbnail":["https:\/\/ebooks-premium.top\/wp-content\/uploads\/2023\/11\/PdG-magie-1-1-150x150.jpg",150,150,true],"medium":["https:\/\/ebooks-premium.top\/wp-content\/uploads\/2023\/11\/PdG-magie-1-1-204x300.jpg",204,300,true],"medium_large":["https:\/\/ebooks-premium.top\/wp-content\/uploads\/2023\/11\/PdG-magie-1-1-768x1129.jpg",768,1129,true],"large":["https:\/\/ebooks-premium.top\/wp-content\/uploads\/2023\/11\/PdG-magie-1-1-696x1024.jpg",696,1024,true],"1536x1536":["https:\/\/ebooks-premium.top\/wp-content\/uploads\/2023\/11\/PdG-magie-1-1-1044x1536.jpg",1044,1536,true],"2048x2048":["https:\/\/ebooks-premium.top\/wp-content\/uploads\/2023\/11\/PdG-magie-1-1-1393x2048.jpg",1393,2048,true],"woocommerce_thumbnail":["https:\/\/ebooks-premium.top\/wp-content\/uploads\/2023\/11\/PdG-magie-1-1-300x457.jpg",300,457,true],"woocommerce_single":["https:\/\/ebooks-premium.top\/wp-content\/uploads\/2023\/11\/PdG-magie-1-1-500x735.jpg",500,735,true],"woocommerce_gallery_thumbnail":["https:\/\/ebooks-premium.top\/wp-content\/uploads\/2023\/11\/PdG-magie-1-1-100x100.jpg",100,100,true]},"uagb_author_info":{"display_name":"ebooks-premium.top","author_link":"https:\/\/ebooks-premium.top\/?author=0"},"uagb_comment_info":0,"uagb_excerpt":"L'utilisation de la m\u00e9decine alternative \u00e0 base de plantes remonte \u00e0 l'Antiquit\u00e9.","_links":{"self":[{"href":"https:\/\/ebooks-premium.top\/index.php?rest_route=\/wp\/v2\/product\/1204","targetHints":{"allow":["GET"]}}],"collection":[{"href":"https:\/\/ebooks-premium.top\/index.php?rest_route=\/wp\/v2\/product"}],"about":[{"href":"https:\/\/ebooks-premium.top\/index.php?rest_route=\/wp\/v2\/types\/product"}],"replies":[{"embeddable":true,"href":"https:\/\/ebooks-premium.top\/index.php?rest_route=%2Fwp%2Fv2%2Fcomments&post=1204"}],"wp:featuredmedia":[{"embeddable":true,"href":"https:\/\/ebooks-premium.top\/index.php?rest_route=\/wp\/v2\/media\/1208"}],"wp:attachment":[{"href":"https:\/\/ebooks-premium.top\/index.php?rest_route=%2Fwp%2Fv2%2Fmedia&parent=1204"}],"wp:term":[{"taxonomy":"product_brand","embeddable":true,"href":"https:\/\/ebooks-premium.top\/index.php?rest_route=%2Fwp%2Fv2%2Fproduct_brand&post=1204"},{"taxonomy":"product_cat","embeddable":true,"href":"https:\/\/ebooks-premium.top\/index.php?rest_route=%2Fwp%2Fv2%2Fproduct_cat&post=1204"},{"taxonomy":"product_tag","embeddable":true,"href":"https:\/\/ebooks-premium.top\/index.php?rest_route=%2Fwp%2Fv2%2Fproduct_tag&post=1204"}],"curies":[{"name":"wp","href":"https:\/\/api.w.org\/{rel}","templated":true}]}}