{"id":1202,"date":"2023-11-07T17:18:35","date_gmt":"2023-11-07T16:18:35","guid":{"rendered":"https:\/\/ebooks-premium.top\/?post_type=product&#038;p=1202"},"modified":"2025-11-19T12:31:12","modified_gmt":"2025-11-19T11:31:12","slug":"eczema-elixir","status":"publish","type":"product","link":"https:\/\/ebooks-premium.top\/?product=eczema-elixir","title":{"rendered":"ECZEMA Elixir"},"content":{"rendered":"<p>Comme de nombreuses autres affections cutan\u00e9es telles que le psoriasis et les pellicules, l&rsquo;ecz\u00e9ma reste un myst\u00e8re pour nous.<\/p>\n<p>Par exemple, comme l&rsquo;ecz\u00e9ma fait r\u00e9f\u00e9rence \u00e0 un ensemble de caract\u00e9ristiques cliniques plut\u00f4t qu&rsquo;\u00e0 une affection particuli\u00e8re, la d\u00e9finition des causes sous-jacentes de l&rsquo;ecz\u00e9ma a souvent \u00e9t\u00e9 non syst\u00e9matique et al\u00e9atoire (dans le meilleur des cas).<\/p>\n<p>En effet, au fil des ans, de nombreux termes et noms diff\u00e9rents ont \u00e9t\u00e9 utilis\u00e9s pour cette affection, car des dizaines de soi-disant experts ont \u00e9labor\u00e9 leurs propres d\u00e9finitions de ce qu&rsquo;est l&rsquo;ecz\u00e9ma et de ce qu&rsquo;il n&rsquo;est pas.<\/p>\n<p>En partie \u00e0 cause de cette confusion, l&rsquo;ecz\u00e9ma est une affection qui est souvent confondue avec le psoriasis.<\/p>\n<p>Toutefois, les deux affections ne sont pas identiques, la principale diff\u00e9rence entre les deux \u00e9tant que l&rsquo;ecz\u00e9ma de l&rsquo;adulte se retrouve souvent sur l&rsquo;aspect fl\u00e9chissant des articulations du corps (ces parties du corps \u00e0 l&rsquo;int\u00e9rieur d&rsquo;une articulation qui peuvent diminuer en taille ou en surface \u00e0 cause de la flexion) alors que le psoriasis n&rsquo;est g\u00e9n\u00e9ralement pas pr\u00e9sent dans ces zones particuli\u00e8res.<\/p>\n","protected":false},"excerpt":{"rendered":"<p>Comme de nombreuses autres affections cutan\u00e9es telles que le psoriasis et les pellicules, l&rsquo;ecz\u00e9ma reste un myst\u00e8re pour nous.<\/p>\n","protected":false},"featured_media":1203,"comment_status":"open","ping_status":"closed","template":"","meta":{"om_disable_all_campaigns":false,"_uag_custom_page_level_css":"","_monsterinsights_skip_tracking":false,"_monsterinsights_sitenote_active":false,"_monsterinsights_sitenote_note":"","_monsterinsights_sitenote_category":0,"site-sidebar-layout":"default","site-content-layout":"","ast-site-content-layout":"default","site-content-style":"default","site-sidebar-style":"default","ast-global-header-display":"","ast-banner-title-visibility":"","ast-main-header-display":"","ast-hfb-above-header-display":"","ast-hfb-below-header-display":"","ast-hfb-mobile-header-display":"","site-post-title":"","ast-breadcrumbs-content":"","ast-featured-img":"","footer-sml-layout":"","theme-transparent-header-meta":"default","adv-header-id-meta":"","stick-header-meta":"","header-above-stick-meta":"","header-main-stick-meta":"","header-below-stick-meta":"","astra-migrate-meta-layouts":"set","ast-page-background-enabled":"default","ast-page-background-meta":{"desktop":{"background-color":"","background-image":"","background-repeat":"repeat","background-position":"center center","background-size":"auto","background-attachment":"scroll","background-type":"","background-media":"","overlay-type":"","overlay-color":"","overlay-gradient":""},"tablet":{"background-color":"","background-image":"","background-repeat":"repeat","background-position":"center center","background-size":"auto","background-attachment":"scroll","background-type":"","background-media":"","overlay-type":"","overlay-color":"","overlay-gradient":""},"mobile":{"background-color":"","background-image":"","background-repeat":"repeat","background-position":"center center","background-size":"auto","background-attachment":"scroll","background-type":"","background-media":"","overlay-type":"","overlay-color":"","overlay-gradient":""}},"ast-content-background-meta":{"desktop":{"background-color":"var(--ast-global-color-5)","background-image":"","background-repeat":"repeat","background-position":"center center","background-size":"auto","background-attachment":"scroll","background-type":"","background-media":"","overlay-type":"","overlay-color":"","overlay-gradient":""},"tablet":{"background-color":"var(--ast-global-color-5)","background-image":"","background-repeat":"repeat","background-position":"center center","background-size":"auto","background-attachment":"scroll","background-type":"","background-media":"","overlay-type":"","overlay-color":"","overlay-gradient":""},"mobile":{"background-color":"var(--ast-global-color-5)","background-image":"","background-repeat":"repeat","background-position":"center center","background-size":"auto","background-attachment":"scroll","background-type":"","background-media":"","overlay-type":"","overlay-color":"","overlay-gradient":""}}},"product_brand":[],"product_cat":[32],"product_tag":[],"class_list":{"0":"post-1202","1":"product","2":"type-product","3":"status-publish","4":"has-post-thumbnail","6":"product_cat-sante","7":"desktop-align-left","8":"tablet-align-left","9":"mobile-align-left","11":"first","12":"instock","13":"shipping-taxable","14":"product-type-simple"},"aioseo_notices":[],"uagb_featured_image_src":{"full":["https:\/\/ebooks-premium.top\/wp-content\/uploads\/2023\/11\/Eczema-cover.jpg",1997,2450,false],"thumbnail":["https:\/\/ebooks-premium.top\/wp-content\/uploads\/2023\/11\/Eczema-cover-150x150.jpg",150,150,true],"medium":["https:\/\/ebooks-premium.top\/wp-content\/uploads\/2023\/11\/Eczema-cover-245x300.jpg",245,300,true],"medium_large":["https:\/\/ebooks-premium.top\/wp-content\/uploads\/2023\/11\/Eczema-cover-768x942.jpg",768,942,true],"large":["https:\/\/ebooks-premium.top\/wp-content\/uploads\/2023\/11\/Eczema-cover-835x1024.jpg",835,1024,true],"1536x1536":["https:\/\/ebooks-premium.top\/wp-content\/uploads\/2023\/11\/Eczema-cover-1252x1536.jpg",1252,1536,true],"2048x2048":["https:\/\/ebooks-premium.top\/wp-content\/uploads\/2023\/11\/Eczema-cover-1669x2048.jpg",1669,2048,true],"woocommerce_thumbnail":["https:\/\/ebooks-premium.top\/wp-content\/uploads\/2023\/11\/Eczema-cover-300x457.jpg",300,457,true],"woocommerce_single":["https:\/\/ebooks-premium.top\/wp-content\/uploads\/2023\/11\/Eczema-cover-500x613.jpg",500,613,true],"woocommerce_gallery_thumbnail":["https:\/\/ebooks-premium.top\/wp-content\/uploads\/2023\/11\/Eczema-cover-100x100.jpg",100,100,true]},"uagb_author_info":{"display_name":"ebooks-premium.top","author_link":"https:\/\/ebooks-premium.top\/?author=0"},"uagb_comment_info":1,"uagb_excerpt":"Comme de nombreuses autres affections cutan\u00e9es telles que le psoriasis et les pellicules, l'ecz\u00e9ma reste un myst\u00e8re pour nous.","_links":{"self":[{"href":"https:\/\/ebooks-premium.top\/index.php?rest_route=\/wp\/v2\/product\/1202","targetHints":{"allow":["GET"]}}],"collection":[{"href":"https:\/\/ebooks-premium.top\/index.php?rest_route=\/wp\/v2\/product"}],"about":[{"href":"https:\/\/ebooks-premium.top\/index.php?rest_route=\/wp\/v2\/types\/product"}],"replies":[{"embeddable":true,"href":"https:\/\/ebooks-premium.top\/index.php?rest_route=%2Fwp%2Fv2%2Fcomments&post=1202"}],"wp:featuredmedia":[{"embeddable":true,"href":"https:\/\/ebooks-premium.top\/index.php?rest_route=\/wp\/v2\/media\/1203"}],"wp:attachment":[{"href":"https:\/\/ebooks-premium.top\/index.php?rest_route=%2Fwp%2Fv2%2Fmedia&parent=1202"}],"wp:term":[{"taxonomy":"product_brand","embeddable":true,"href":"https:\/\/ebooks-premium.top\/index.php?rest_route=%2Fwp%2Fv2%2Fproduct_brand&post=1202"},{"taxonomy":"product_cat","embeddable":true,"href":"https:\/\/ebooks-premium.top\/index.php?rest_route=%2Fwp%2Fv2%2Fproduct_cat&post=1202"},{"taxonomy":"product_tag","embeddable":true,"href":"https:\/\/ebooks-premium.top\/index.php?rest_route=%2Fwp%2Fv2%2Fproduct_tag&post=1202"}],"curies":[{"name":"wp","href":"https:\/\/api.w.org\/{rel}","templated":true}]}}