{"id":1190,"date":"2023-11-06T16:07:55","date_gmt":"2023-11-06T15:07:55","guid":{"rendered":"https:\/\/ebooks-premium.top\/?post_type=product&#038;p=1190"},"modified":"2023-11-09T12:02:58","modified_gmt":"2023-11-09T11:02:58","slug":"bitcoin-la-cryptomonnaie","status":"publish","type":"product","link":"https:\/\/ebooks-premium.top\/?product=bitcoin-la-cryptomonnaie","title":{"rendered":"\u00ab\u00a0BITCOIN \u00a0\u00bb La Cryptomonnaie"},"content":{"rendered":"<p>Dans ce guide, vous apprendrez tout sur le bitcoin (BTC) et les crypto-monnaies, comment ils fonctionnent, pourquoi ils existent et quel type de technologie se cache derri\u00e8re le bitcoin. Il n&rsquo;y a pas si longtemps, les gens ont commenc\u00e9 \u00e0 entendre les mots \u00a0\u00bb Bitcoin \u00a0\u00bb et \u00a0\u00bb cryptocurrencies \u00ab\u00a0.<br \/>\nPeu de gens en dehors des communaut\u00e9s cryptographiques savaient ce qu&rsquo;ils \u00e9taient et beaucoup pensaient qu&rsquo;il s&rsquo;agissait juste d&rsquo;une autre mode qui \u00e9tait vou\u00e9e \u00e0 l&rsquo;\u00e9chec dans quelques ann\u00e9es environ. La valeur d&rsquo;un bitcoin n&rsquo;\u00e9tait alors que de quelques centimes, alors il est \u00e9vident qu&rsquo;il ne valait pas grand-chose. Pour cette raison, il a \u00e9t\u00e9 ignor\u00e9 par les masses. Il y avait des investissements bien plus rentables \u00e0 faire, apr\u00e8s tout.<br \/>\nCeux qui ont investi des sommes d&rsquo;argent sur la nouvelle monnaie num\u00e9rique ont soit cru au syst\u00e8me propos\u00e9 par son fondateur, Satoshi Nakamoto, soit ils ont simplement voulu voir comment il fonctionne.<br \/>\nDans tous les cas, ceux qui ont cru ont \u00e9t\u00e9 largement r\u00e9compens\u00e9s, et continuent de l&rsquo;\u00eatre, puisqu&rsquo;un seul bitcoin co\u00fbte d\u00e9sormais des milliers de dollars.<br \/>\nIl n&rsquo;a fallu que cinq ans au bitcoin pour franchir la barre des 1 000 dollars \u00e0 la fin de l&rsquo;ann\u00e9e 2013, et quelques ann\u00e9es plus tard, les prix du bitcoin ont atteint un niveau record &#8211; d\u00e9passant largement la barre des 10 000 dollars pour un seul bitcoin !<br \/>\nAvec des prix qui montent en fl\u00e8che et une croissance extr\u00eamement rapide, de plus en plus de gens sont curieux de conna\u00eetre les bitcoins et les crypto-monnaies dans leur ensemble.<\/p>\n","protected":false},"excerpt":{"rendered":"<p>Dans ce guide, vous apprendrez tout sur le bitcoin (BTC) et les crypto-monnaies,<\/p>\n","protected":false},"featured_media":1189,"comment_status":"open","ping_status":"closed","template":"","meta":{"om_disable_all_campaigns":false,"_uag_custom_page_level_css":"","_monsterinsights_skip_tracking":false,"_monsterinsights_sitenote_active":false,"_monsterinsights_sitenote_note":"","_monsterinsights_sitenote_category":0,"site-sidebar-layout":"default","site-content-layout":"","ast-site-content-layout":"default","site-content-style":"default","site-sidebar-style":"default","ast-global-header-display":"","ast-banner-title-visibility":"","ast-main-header-display":"","ast-hfb-above-header-display":"","ast-hfb-below-header-display":"","ast-hfb-mobile-header-display":"","site-post-title":"","ast-breadcrumbs-content":"","ast-featured-img":"","footer-sml-layout":"","theme-transparent-header-meta":"default","adv-header-id-meta":"","stick-header-meta":"","header-above-stick-meta":"","header-main-stick-meta":"","header-below-stick-meta":"","astra-migrate-meta-layouts":"set","ast-page-background-enabled":"default","ast-page-background-meta":{"desktop":{"background-color":"","background-image":"","background-repeat":"repeat","background-position":"center center","background-size":"auto","background-attachment":"scroll","background-type":"","background-media":"","overlay-type":"","overlay-color":"","overlay-gradient":""},"tablet":{"background-color":"","background-image":"","background-repeat":"repeat","background-position":"center center","background-size":"auto","background-attachment":"scroll","background-type":"","background-media":"","overlay-type":"","overlay-color":"","overlay-gradient":""},"mobile":{"background-color":"","background-image":"","background-repeat":"repeat","background-position":"center center","background-size":"auto","background-attachment":"scroll","background-type":"","background-media":"","overlay-type":"","overlay-color":"","overlay-gradient":""}},"ast-content-background-meta":{"desktop":{"background-color":"var(--ast-global-color-5)","background-image":"","background-repeat":"repeat","background-position":"center center","background-size":"auto","background-attachment":"scroll","background-type":"","background-media":"","overlay-type":"","overlay-color":"","overlay-gradient":""},"tablet":{"background-color":"var(--ast-global-color-5)","background-image":"","background-repeat":"repeat","background-position":"center center","background-size":"auto","background-attachment":"scroll","background-type":"","background-media":"","overlay-type":"","overlay-color":"","overlay-gradient":""},"mobile":{"background-color":"var(--ast-global-color-5)","background-image":"","background-repeat":"repeat","background-position":"center center","background-size":"auto","background-attachment":"scroll","background-type":"","background-media":"","overlay-type":"","overlay-color":"","overlay-gradient":""}}},"product_brand":[],"product_cat":[29,35],"product_tag":[36],"class_list":{"0":"post-1190","1":"product","2":"type-product","3":"status-publish","4":"has-post-thumbnail","6":"product_cat-actuel","7":"product_cat-finances","8":"product_tag-finances","9":"desktop-align-left","10":"tablet-align-left","11":"mobile-align-left","13":"first","14":"instock","15":"downloadable","16":"virtual","17":"purchasable","18":"product-type-simple"},"aioseo_notices":[],"uagb_featured_image_src":{"full":["https:\/\/ebooks-premium.top\/wp-content\/uploads\/2023\/11\/Bitcoin-Cryptomonaie-scaled.jpg",1792,2560,false],"thumbnail":["https:\/\/ebooks-premium.top\/wp-content\/uploads\/2023\/11\/Bitcoin-Cryptomonaie-150x150.jpg",150,150,true],"medium":["https:\/\/ebooks-premium.top\/wp-content\/uploads\/2023\/11\/Bitcoin-Cryptomonaie-210x300.jpg",210,300,true],"medium_large":["https:\/\/ebooks-premium.top\/wp-content\/uploads\/2023\/11\/Bitcoin-Cryptomonaie-768x1097.jpg",768,1097,true],"large":["https:\/\/ebooks-premium.top\/wp-content\/uploads\/2023\/11\/Bitcoin-Cryptomonaie-717x1024.jpg",717,1024,true],"1536x1536":["https:\/\/ebooks-premium.top\/wp-content\/uploads\/2023\/11\/Bitcoin-Cryptomonaie-1075x1536.jpg",1075,1536,true],"2048x2048":["https:\/\/ebooks-premium.top\/wp-content\/uploads\/2023\/11\/Bitcoin-Cryptomonaie-1434x2048.jpg",1434,2048,true],"woocommerce_thumbnail":["https:\/\/ebooks-premium.top\/wp-content\/uploads\/2023\/11\/Bitcoin-Cryptomonaie-scaled-300x457.jpg",300,457,true],"woocommerce_single":["https:\/\/ebooks-premium.top\/wp-content\/uploads\/2023\/11\/Bitcoin-Cryptomonaie-scaled-500x714.jpg",500,714,true],"woocommerce_gallery_thumbnail":["https:\/\/ebooks-premium.top\/wp-content\/uploads\/2023\/11\/Bitcoin-Cryptomonaie-scaled-100x100.jpg",100,100,true]},"uagb_author_info":{"display_name":"ebooks-premium.top","author_link":"https:\/\/ebooks-premium.top\/?author=0"},"uagb_comment_info":0,"uagb_excerpt":"Dans ce guide, vous apprendrez tout sur le bitcoin (BTC) et les crypto-monnaies,","_links":{"self":[{"href":"https:\/\/ebooks-premium.top\/index.php?rest_route=\/wp\/v2\/product\/1190","targetHints":{"allow":["GET"]}}],"collection":[{"href":"https:\/\/ebooks-premium.top\/index.php?rest_route=\/wp\/v2\/product"}],"about":[{"href":"https:\/\/ebooks-premium.top\/index.php?rest_route=\/wp\/v2\/types\/product"}],"replies":[{"embeddable":true,"href":"https:\/\/ebooks-premium.top\/index.php?rest_route=%2Fwp%2Fv2%2Fcomments&post=1190"}],"wp:featuredmedia":[{"embeddable":true,"href":"https:\/\/ebooks-premium.top\/index.php?rest_route=\/wp\/v2\/media\/1189"}],"wp:attachment":[{"href":"https:\/\/ebooks-premium.top\/index.php?rest_route=%2Fwp%2Fv2%2Fmedia&parent=1190"}],"wp:term":[{"taxonomy":"product_brand","embeddable":true,"href":"https:\/\/ebooks-premium.top\/index.php?rest_route=%2Fwp%2Fv2%2Fproduct_brand&post=1190"},{"taxonomy":"product_cat","embeddable":true,"href":"https:\/\/ebooks-premium.top\/index.php?rest_route=%2Fwp%2Fv2%2Fproduct_cat&post=1190"},{"taxonomy":"product_tag","embeddable":true,"href":"https:\/\/ebooks-premium.top\/index.php?rest_route=%2Fwp%2Fv2%2Fproduct_tag&post=1190"}],"curies":[{"name":"wp","href":"https:\/\/api.w.org\/{rel}","templated":true}]}}