{"id":1187,"date":"2023-11-06T15:53:45","date_gmt":"2023-11-06T14:53:45","guid":{"rendered":"https:\/\/ebooks-premium.top\/?post_type=product&#038;p=1187"},"modified":"2023-11-09T12:06:11","modified_gmt":"2023-11-09T11:06:11","slug":"yoga-secrets-reveles","status":"publish","type":"product","link":"https:\/\/ebooks-premium.top\/?product=yoga-secrets-reveles","title":{"rendered":"YOGA Secrets r\u00e9v\u00e9l\u00e9s"},"content":{"rendered":"<p>Le yoga est quelque chose de diff\u00e9rent pour la plupart des gens. Il est tr\u00e8s diversifi\u00e9 et les pratiquants ont des attentes diff\u00e9rentes lorsqu&rsquo;ils commencent. C&rsquo;est tout \u00e0 fait normal. Que votre objectif soit une plus grande illumination, un corps plus tonique et muscl\u00e9, ou le soulagement d&rsquo;une maladie, il y a un yoga pour vous. Ce b00k vous servira de guide.<\/p>\n<p>La philosophie du yoga existe depuis 5 000 ans. C&rsquo;est une force de survie ind\u00e9niable. Le yoga n&rsquo;est pas seulement un \u00ab\u00a0exercice\u00a0\u00bb, c&rsquo;est une philosophie, une fa\u00e7on de penser plut\u00f4t qu&rsquo;une religion. Dans l&rsquo;Inde ancienne, le mot \u00ab\u00a0yoga\u00a0\u00bb signifiait \u00ab\u00a0union\u00a0\u00bb. Il fait r\u00e9f\u00e9rence \u00e0 une union de l&rsquo;ensemble du corps et de l&rsquo;esprit.<\/p>\n","protected":false},"excerpt":{"rendered":"<p class=\"Corps\" style=\"text-align: justify; text-justify: inter-ideograph; line-height: 149%;\"><span class=\"Hyperlink1\"><span style=\"font-size: 12.0pt; line-height: 149%;\">La philosophie du yoga existe depuis 5 000 ans. C&rsquo;est une force de survie ind<\/span><\/span><span class=\"Aucun\"><span style=\"font-size: 14.0pt; line-height: 149%; font-family: 'Georgia',serif;\">\u00e9<\/span><\/span><span class=\"Hyperlink1\"><span style=\"font-size: 14.0pt; line-height: 149%;\">niable.<br \/>\n<\/span><\/span><\/p>\n","protected":false},"featured_media":1186,"comment_status":"open","ping_status":"closed","template":"","meta":{"om_disable_all_campaigns":false,"_uag_custom_page_level_css":"","_monsterinsights_skip_tracking":false,"_monsterinsights_sitenote_active":false,"_monsterinsights_sitenote_note":"","_monsterinsights_sitenote_category":0,"site-sidebar-layout":"default","site-content-layout":"","ast-site-content-layout":"default","site-content-style":"default","site-sidebar-style":"default","ast-global-header-display":"","ast-banner-title-visibility":"","ast-main-header-display":"","ast-hfb-above-header-display":"","ast-hfb-below-header-display":"","ast-hfb-mobile-header-display":"","site-post-title":"","ast-breadcrumbs-content":"","ast-featured-img":"","footer-sml-layout":"","theme-transparent-header-meta":"default","adv-header-id-meta":"","stick-header-meta":"","header-above-stick-meta":"","header-main-stick-meta":"","header-below-stick-meta":"","astra-migrate-meta-layouts":"set","ast-page-background-enabled":"default","ast-page-background-meta":{"desktop":{"background-color":"","background-image":"","background-repeat":"repeat","background-position":"center center","background-size":"auto","background-attachment":"scroll","background-type":"","background-media":"","overlay-type":"","overlay-color":"","overlay-gradient":""},"tablet":{"background-color":"","background-image":"","background-repeat":"repeat","background-position":"center center","background-size":"auto","background-attachment":"scroll","background-type":"","background-media":"","overlay-type":"","overlay-color":"","overlay-gradient":""},"mobile":{"background-color":"","background-image":"","background-repeat":"repeat","background-position":"center center","background-size":"auto","background-attachment":"scroll","background-type":"","background-media":"","overlay-type":"","overlay-color":"","overlay-gradient":""}},"ast-content-background-meta":{"desktop":{"background-color":"var(--ast-global-color-5)","background-image":"","background-repeat":"repeat","background-position":"center center","background-size":"auto","background-attachment":"scroll","background-type":"","background-media":"","overlay-type":"","overlay-color":"","overlay-gradient":""},"tablet":{"background-color":"var(--ast-global-color-5)","background-image":"","background-repeat":"repeat","background-position":"center center","background-size":"auto","background-attachment":"scroll","background-type":"","background-media":"","overlay-type":"","overlay-color":"","overlay-gradient":""},"mobile":{"background-color":"var(--ast-global-color-5)","background-image":"","background-repeat":"repeat","background-position":"center center","background-size":"auto","background-attachment":"scroll","background-type":"","background-media":"","overlay-type":"","overlay-color":"","overlay-gradient":""}}},"product_brand":[],"product_cat":[38,34],"product_tag":[],"class_list":{"0":"post-1187","1":"product","2":"type-product","3":"status-publish","4":"has-post-thumbnail","6":"product_cat-decouverte","7":"product_cat-yoga","8":"desktop-align-left","9":"tablet-align-left","10":"mobile-align-left","12":"first","13":"instock","14":"downloadable","15":"virtual","16":"purchasable","17":"product-type-simple"},"aioseo_notices":[],"uagb_featured_image_src":{"full":["https:\/\/ebooks-premium.top\/wp-content\/uploads\/2023\/11\/Secrets-reveles-scaled.jpg",1792,2560,false],"thumbnail":["https:\/\/ebooks-premium.top\/wp-content\/uploads\/2023\/11\/Secrets-reveles-150x150.jpg",150,150,true],"medium":["https:\/\/ebooks-premium.top\/wp-content\/uploads\/2023\/11\/Secrets-reveles-210x300.jpg",210,300,true],"medium_large":["https:\/\/ebooks-premium.top\/wp-content\/uploads\/2023\/11\/Secrets-reveles-768x1097.jpg",768,1097,true],"large":["https:\/\/ebooks-premium.top\/wp-content\/uploads\/2023\/11\/Secrets-reveles-717x1024.jpg",717,1024,true],"1536x1536":["https:\/\/ebooks-premium.top\/wp-content\/uploads\/2023\/11\/Secrets-reveles-1075x1536.jpg",1075,1536,true],"2048x2048":["https:\/\/ebooks-premium.top\/wp-content\/uploads\/2023\/11\/Secrets-reveles-1434x2048.jpg",1434,2048,true],"woocommerce_thumbnail":["https:\/\/ebooks-premium.top\/wp-content\/uploads\/2023\/11\/Secrets-reveles-scaled-300x457.jpg",300,457,true],"woocommerce_single":["https:\/\/ebooks-premium.top\/wp-content\/uploads\/2023\/11\/Secrets-reveles-scaled-500x714.jpg",500,714,true],"woocommerce_gallery_thumbnail":["https:\/\/ebooks-premium.top\/wp-content\/uploads\/2023\/11\/Secrets-reveles-scaled-100x100.jpg",100,100,true]},"uagb_author_info":{"display_name":"ebooks-premium.top","author_link":"https:\/\/ebooks-premium.top\/?author=0"},"uagb_comment_info":0,"uagb_excerpt":"La philosophie du yoga existe depuis 5 000 ans. C'est une force de survie ind\u00e9niable.","_links":{"self":[{"href":"https:\/\/ebooks-premium.top\/index.php?rest_route=\/wp\/v2\/product\/1187","targetHints":{"allow":["GET"]}}],"collection":[{"href":"https:\/\/ebooks-premium.top\/index.php?rest_route=\/wp\/v2\/product"}],"about":[{"href":"https:\/\/ebooks-premium.top\/index.php?rest_route=\/wp\/v2\/types\/product"}],"replies":[{"embeddable":true,"href":"https:\/\/ebooks-premium.top\/index.php?rest_route=%2Fwp%2Fv2%2Fcomments&post=1187"}],"wp:featuredmedia":[{"embeddable":true,"href":"https:\/\/ebooks-premium.top\/index.php?rest_route=\/wp\/v2\/media\/1186"}],"wp:attachment":[{"href":"https:\/\/ebooks-premium.top\/index.php?rest_route=%2Fwp%2Fv2%2Fmedia&parent=1187"}],"wp:term":[{"taxonomy":"product_brand","embeddable":true,"href":"https:\/\/ebooks-premium.top\/index.php?rest_route=%2Fwp%2Fv2%2Fproduct_brand&post=1187"},{"taxonomy":"product_cat","embeddable":true,"href":"https:\/\/ebooks-premium.top\/index.php?rest_route=%2Fwp%2Fv2%2Fproduct_cat&post=1187"},{"taxonomy":"product_tag","embeddable":true,"href":"https:\/\/ebooks-premium.top\/index.php?rest_route=%2Fwp%2Fv2%2Fproduct_tag&post=1187"}],"curies":[{"name":"wp","href":"https:\/\/api.w.org\/{rel}","templated":true}]}}