{"id":1183,"date":"2023-11-06T12:51:23","date_gmt":"2023-11-06T11:51:23","guid":{"rendered":"https:\/\/ebooks-premium.top\/?post_type=product&#038;p=1183"},"modified":"2023-11-16T12:23:16","modified_gmt":"2023-11-16T11:23:16","slug":"le-souffle-de-vie","status":"publish","type":"product","link":"https:\/\/ebooks-premium.top\/?product=le-souffle-de-vie","title":{"rendered":"Le Souffle de Vie"},"content":{"rendered":"<p>L&rsquo;\u00e9tudiant occidental a tendance \u00e0 avoir des id\u00e9es quelque peu confuses sur les yogis, leur philosophie et leur pratique. Les voyageurs en Inde ont \u00e9crit de grandes histoires sur les hordes de fakirs, de mendiants et de montagnards qui infestent les grandes routes de l&rsquo;Inde et les rues de ses villes, et qui revendiquent impudemment le titre de \u00ab\u00a0Yogi\u00a0\u00bb. On ne peut gu\u00e8re reprocher \u00e0 l&rsquo;\u00e9tudiant occidental de consid\u00e9rer le yogi typique comme un hindou \u00e9maci\u00e9, fanatique, sale et ignorant, qui reste assis dans une posture fixe jusqu&rsquo;\u00e0 ce que son corps s&rsquo;ossifie, ou qui l\u00e8ve le bras en l&rsquo;air jusqu&rsquo;\u00e0 ce qu&rsquo;il devienne raide et fl\u00e9tri et reste toujours dans cette position, ou encore qui serre le poing jusqu&rsquo;\u00e0 ce que ses ongles traversent la paume de ses mains. Il est vrai que ces gens existent, mais leur pr\u00e9tention au titre de \u00ab\u00a0Yogi\u00a0\u00bb semble aussi absurde au vrai Yogi que la pr\u00e9tention au titre de \u00ab\u00a0Docteur\u00a0\u00bb de la part de l&rsquo;homme qui taille les cors semble \u00e0 l&rsquo;\u00e9minent chirurgien, ou que le titre de \u00ab\u00a0Professeur\u00a0\u00bb, tel qu&rsquo;il est assum\u00e9 par le vendeur de rem\u00e8des \u00e0 base de vers au coin de la rue, semble au pr\u00e9sident de Harvard ou de Yale.<\/p>\n","protected":false},"excerpt":{"rendered":"<p>Maitrise de la respiration par le Yogi RAMACHARAKA<\/p>\n","protected":false},"featured_media":1184,"comment_status":"open","ping_status":"closed","template":"","meta":{"om_disable_all_campaigns":false,"_uag_custom_page_level_css":"","_monsterinsights_skip_tracking":false,"_monsterinsights_sitenote_active":false,"_monsterinsights_sitenote_note":"","_monsterinsights_sitenote_category":0,"site-sidebar-layout":"default","site-content-layout":"","ast-site-content-layout":"default","site-content-style":"default","site-sidebar-style":"default","ast-global-header-display":"","ast-banner-title-visibility":"","ast-main-header-display":"","ast-hfb-above-header-display":"","ast-hfb-below-header-display":"","ast-hfb-mobile-header-display":"","site-post-title":"","ast-breadcrumbs-content":"","ast-featured-img":"","footer-sml-layout":"","theme-transparent-header-meta":"default","adv-header-id-meta":"","stick-header-meta":"","header-above-stick-meta":"","header-main-stick-meta":"","header-below-stick-meta":"","astra-migrate-meta-layouts":"set","ast-page-background-enabled":"default","ast-page-background-meta":{"desktop":{"background-color":"","background-image":"","background-repeat":"repeat","background-position":"center center","background-size":"auto","background-attachment":"scroll","background-type":"","background-media":"","overlay-type":"","overlay-color":"","overlay-gradient":""},"tablet":{"background-color":"","background-image":"","background-repeat":"repeat","background-position":"center center","background-size":"auto","background-attachment":"scroll","background-type":"","background-media":"","overlay-type":"","overlay-color":"","overlay-gradient":""},"mobile":{"background-color":"","background-image":"","background-repeat":"repeat","background-position":"center center","background-size":"auto","background-attachment":"scroll","background-type":"","background-media":"","overlay-type":"","overlay-color":"","overlay-gradient":""}},"ast-content-background-meta":{"desktop":{"background-color":"var(--ast-global-color-5)","background-image":"","background-repeat":"repeat","background-position":"center center","background-size":"auto","background-attachment":"scroll","background-type":"","background-media":"","overlay-type":"","overlay-color":"","overlay-gradient":""},"tablet":{"background-color":"var(--ast-global-color-5)","background-image":"","background-repeat":"repeat","background-position":"center center","background-size":"auto","background-attachment":"scroll","background-type":"","background-media":"","overlay-type":"","overlay-color":"","overlay-gradient":""},"mobile":{"background-color":"var(--ast-global-color-5)","background-image":"","background-repeat":"repeat","background-position":"center center","background-size":"auto","background-attachment":"scroll","background-type":"","background-media":"","overlay-type":"","overlay-color":"","overlay-gradient":""}}},"product_brand":[],"product_cat":[33,34],"product_tag":[],"class_list":{"0":"post-1183","1":"product","2":"type-product","3":"status-publish","4":"has-post-thumbnail","6":"product_cat-sagesse","7":"product_cat-yoga","8":"desktop-align-left","9":"tablet-align-left","10":"mobile-align-left","12":"first","13":"instock","14":"downloadable","15":"virtual","16":"purchasable","17":"product-type-simple"},"aioseo_notices":[],"uagb_featured_image_src":{"full":["https:\/\/ebooks-premium.top\/wp-content\/uploads\/2023\/11\/Capture-decran-2023-11-06-a-12.48.27.jpg",1164,1568,false],"thumbnail":["https:\/\/ebooks-premium.top\/wp-content\/uploads\/2023\/11\/Capture-decran-2023-11-06-a-12.48.27-150x150.jpg",150,150,true],"medium":["https:\/\/ebooks-premium.top\/wp-content\/uploads\/2023\/11\/Capture-decran-2023-11-06-a-12.48.27-223x300.jpg",223,300,true],"medium_large":["https:\/\/ebooks-premium.top\/wp-content\/uploads\/2023\/11\/Capture-decran-2023-11-06-a-12.48.27-768x1035.jpg",768,1035,true],"large":["https:\/\/ebooks-premium.top\/wp-content\/uploads\/2023\/11\/Capture-decran-2023-11-06-a-12.48.27-760x1024.jpg",760,1024,true],"1536x1536":["https:\/\/ebooks-premium.top\/wp-content\/uploads\/2023\/11\/Capture-decran-2023-11-06-a-12.48.27-1140x1536.jpg",1140,1536,true],"2048x2048":["https:\/\/ebooks-premium.top\/wp-content\/uploads\/2023\/11\/Capture-decran-2023-11-06-a-12.48.27.jpg",1164,1568,false],"woocommerce_thumbnail":["https:\/\/ebooks-premium.top\/wp-content\/uploads\/2023\/11\/Capture-decran-2023-11-06-a-12.48.27-300x457.jpg",300,457,true],"woocommerce_single":["https:\/\/ebooks-premium.top\/wp-content\/uploads\/2023\/11\/Capture-decran-2023-11-06-a-12.48.27-500x674.jpg",500,674,true],"woocommerce_gallery_thumbnail":["https:\/\/ebooks-premium.top\/wp-content\/uploads\/2023\/11\/Capture-decran-2023-11-06-a-12.48.27-100x100.jpg",100,100,true]},"uagb_author_info":{"display_name":"ebooks-premium.top","author_link":"https:\/\/ebooks-premium.top\/?author=0"},"uagb_comment_info":0,"uagb_excerpt":"Maitrise de la respiration par le Yogi RAMACHARAKA","_links":{"self":[{"href":"https:\/\/ebooks-premium.top\/index.php?rest_route=\/wp\/v2\/product\/1183","targetHints":{"allow":["GET"]}}],"collection":[{"href":"https:\/\/ebooks-premium.top\/index.php?rest_route=\/wp\/v2\/product"}],"about":[{"href":"https:\/\/ebooks-premium.top\/index.php?rest_route=\/wp\/v2\/types\/product"}],"replies":[{"embeddable":true,"href":"https:\/\/ebooks-premium.top\/index.php?rest_route=%2Fwp%2Fv2%2Fcomments&post=1183"}],"wp:featuredmedia":[{"embeddable":true,"href":"https:\/\/ebooks-premium.top\/index.php?rest_route=\/wp\/v2\/media\/1184"}],"wp:attachment":[{"href":"https:\/\/ebooks-premium.top\/index.php?rest_route=%2Fwp%2Fv2%2Fmedia&parent=1183"}],"wp:term":[{"taxonomy":"product_brand","embeddable":true,"href":"https:\/\/ebooks-premium.top\/index.php?rest_route=%2Fwp%2Fv2%2Fproduct_brand&post=1183"},{"taxonomy":"product_cat","embeddable":true,"href":"https:\/\/ebooks-premium.top\/index.php?rest_route=%2Fwp%2Fv2%2Fproduct_cat&post=1183"},{"taxonomy":"product_tag","embeddable":true,"href":"https:\/\/ebooks-premium.top\/index.php?rest_route=%2Fwp%2Fv2%2Fproduct_tag&post=1183"}],"curies":[{"name":"wp","href":"https:\/\/api.w.org\/{rel}","templated":true}]}}