{"id":1182,"date":"2023-11-06T12:42:43","date_gmt":"2023-11-06T11:42:43","guid":{"rendered":"https:\/\/ebooks-premium.top\/?post_type=product&#038;p=1182"},"modified":"2025-11-19T12:39:33","modified_gmt":"2025-11-19T11:39:33","slug":"maitrise-de-raja-yoga","status":"publish","type":"product","link":"https:\/\/ebooks-premium.top\/?product=maitrise-de-raja-yoga","title":{"rendered":"Maitrise de Raja Yoga"},"content":{"rendered":"<p>En Inde, les Candidats \u00e0 l&rsquo;Initiation \u00e0 la science du \u00ab\u00a0Raja Yoga\u00a0\u00bb, lorsqu&rsquo;ils postulent aux Ma\u00eetres Yogi pour l&rsquo;enseignement, re\u00e7oivent une s\u00e9rie de le\u00e7ons destin\u00e9es \u00e0 les \u00e9clairer sur la nature du Soi R\u00e9el, et \u00e0 les instruire dans le connaissance secr\u00e8te par laquelle ils peuvent d\u00e9velopper la conscience et la r\u00e9alisation du vrai \u00abje\u00bb en eux. On leur montre comment ils peuvent rejeter la connaissance erron\u00e9e ou imparfaite de leur identit\u00e9 r\u00e9elle. Jusqu&rsquo;\u00e0 ce que le candidat ma\u00eetrise cette instruction, ou du moins jusqu&rsquo;\u00e0 ce que la v\u00e9rit\u00e9 se fixe dans sa conscience, d&rsquo;autres instructions lui sont refus\u00e9es, car il est soutenu que tant qu&rsquo;il ne s&rsquo;est pas \u00e9veill\u00e9 \u00e0 une r\u00e9alisation consciente de son identit\u00e9 r\u00e9elle, il n&rsquo;est pas capable de comprendre le source de sa puissance, et, de plus, n&rsquo;est pas capable de sentir en lui la puissance de la volont\u00e9, ce pouvoir sous-tend l&rsquo;ensemble des enseignements du \u00abRaja Yoga\u00bb.<\/p>\n<p>&nbsp;<\/p>\n","protected":false},"excerpt":{"rendered":"<p>Initiation \u00e0 la science du \u00ab\u00a0Raja Yoga<\/p>\n","protected":false},"featured_media":1174,"comment_status":"open","ping_status":"closed","template":"","meta":{"om_disable_all_campaigns":false,"_uag_custom_page_level_css":"","_monsterinsights_skip_tracking":false,"_monsterinsights_sitenote_active":false,"_monsterinsights_sitenote_note":"","_monsterinsights_sitenote_category":0,"site-sidebar-layout":"default","site-content-layout":"","ast-site-content-layout":"default","site-content-style":"default","site-sidebar-style":"default","ast-global-header-display":"","ast-banner-title-visibility":"","ast-main-header-display":"","ast-hfb-above-header-display":"","ast-hfb-below-header-display":"","ast-hfb-mobile-header-display":"","site-post-title":"","ast-breadcrumbs-content":"","ast-featured-img":"","footer-sml-layout":"","theme-transparent-header-meta":"default","adv-header-id-meta":"","stick-header-meta":"","header-above-stick-meta":"","header-main-stick-meta":"","header-below-stick-meta":"","astra-migrate-meta-layouts":"set","ast-page-background-enabled":"default","ast-page-background-meta":{"desktop":{"background-color":"","background-image":"","background-repeat":"repeat","background-position":"center center","background-size":"auto","background-attachment":"scroll","background-type":"","background-media":"","overlay-type":"","overlay-color":"","overlay-gradient":""},"tablet":{"background-color":"","background-image":"","background-repeat":"repeat","background-position":"center center","background-size":"auto","background-attachment":"scroll","background-type":"","background-media":"","overlay-type":"","overlay-color":"","overlay-gradient":""},"mobile":{"background-color":"","background-image":"","background-repeat":"repeat","background-position":"center center","background-size":"auto","background-attachment":"scroll","background-type":"","background-media":"","overlay-type":"","overlay-color":"","overlay-gradient":""}},"ast-content-background-meta":{"desktop":{"background-color":"var(--ast-global-color-5)","background-image":"","background-repeat":"repeat","background-position":"center center","background-size":"auto","background-attachment":"scroll","background-type":"","background-media":"","overlay-type":"","overlay-color":"","overlay-gradient":""},"tablet":{"background-color":"var(--ast-global-color-5)","background-image":"","background-repeat":"repeat","background-position":"center center","background-size":"auto","background-attachment":"scroll","background-type":"","background-media":"","overlay-type":"","overlay-color":"","overlay-gradient":""},"mobile":{"background-color":"var(--ast-global-color-5)","background-image":"","background-repeat":"repeat","background-position":"center center","background-size":"auto","background-attachment":"scroll","background-type":"","background-media":"","overlay-type":"","overlay-color":"","overlay-gradient":""}}},"product_brand":[],"product_cat":[34],"product_tag":[],"class_list":{"0":"post-1182","1":"product","2":"type-product","3":"status-publish","4":"has-post-thumbnail","6":"product_cat-yoga","7":"desktop-align-left","8":"tablet-align-left","9":"mobile-align-left","11":"first","12":"instock","13":"downloadable","14":"virtual","15":"purchasable","16":"product-type-simple"},"aioseo_notices":[],"uagb_featured_image_src":{"full":["https:\/\/ebooks-premium.top\/wp-content\/uploads\/2023\/11\/Ent-maitrise-Raja.jpg",1471,1954,false],"thumbnail":["https:\/\/ebooks-premium.top\/wp-content\/uploads\/2023\/11\/Ent-maitrise-Raja-150x150.jpg",150,150,true],"medium":["https:\/\/ebooks-premium.top\/wp-content\/uploads\/2023\/11\/Ent-maitrise-Raja-226x300.jpg",226,300,true],"medium_large":["https:\/\/ebooks-premium.top\/wp-content\/uploads\/2023\/11\/Ent-maitrise-Raja-768x1020.jpg",768,1020,true],"large":["https:\/\/ebooks-premium.top\/wp-content\/uploads\/2023\/11\/Ent-maitrise-Raja-771x1024.jpg",771,1024,true],"1536x1536":["https:\/\/ebooks-premium.top\/wp-content\/uploads\/2023\/11\/Ent-maitrise-Raja-1156x1536.jpg",1156,1536,true],"2048x2048":["https:\/\/ebooks-premium.top\/wp-content\/uploads\/2023\/11\/Ent-maitrise-Raja.jpg",1471,1954,false],"woocommerce_thumbnail":["https:\/\/ebooks-premium.top\/wp-content\/uploads\/2023\/11\/Ent-maitrise-Raja-300x457.jpg",300,457,true],"woocommerce_single":["https:\/\/ebooks-premium.top\/wp-content\/uploads\/2023\/11\/Ent-maitrise-Raja-500x664.jpg",500,664,true],"woocommerce_gallery_thumbnail":["https:\/\/ebooks-premium.top\/wp-content\/uploads\/2023\/11\/Ent-maitrise-Raja-100x100.jpg",100,100,true]},"uagb_author_info":{"display_name":"ebooks-premium.top","author_link":"https:\/\/ebooks-premium.top\/?author=0"},"uagb_comment_info":2,"uagb_excerpt":"Initiation \u00e0 la science du \"Raja Yoga","_links":{"self":[{"href":"https:\/\/ebooks-premium.top\/index.php?rest_route=\/wp\/v2\/product\/1182","targetHints":{"allow":["GET"]}}],"collection":[{"href":"https:\/\/ebooks-premium.top\/index.php?rest_route=\/wp\/v2\/product"}],"about":[{"href":"https:\/\/ebooks-premium.top\/index.php?rest_route=\/wp\/v2\/types\/product"}],"replies":[{"embeddable":true,"href":"https:\/\/ebooks-premium.top\/index.php?rest_route=%2Fwp%2Fv2%2Fcomments&post=1182"}],"wp:featuredmedia":[{"embeddable":true,"href":"https:\/\/ebooks-premium.top\/index.php?rest_route=\/wp\/v2\/media\/1174"}],"wp:attachment":[{"href":"https:\/\/ebooks-premium.top\/index.php?rest_route=%2Fwp%2Fv2%2Fmedia&parent=1182"}],"wp:term":[{"taxonomy":"product_brand","embeddable":true,"href":"https:\/\/ebooks-premium.top\/index.php?rest_route=%2Fwp%2Fv2%2Fproduct_brand&post=1182"},{"taxonomy":"product_cat","embeddable":true,"href":"https:\/\/ebooks-premium.top\/index.php?rest_route=%2Fwp%2Fv2%2Fproduct_cat&post=1182"},{"taxonomy":"product_tag","embeddable":true,"href":"https:\/\/ebooks-premium.top\/index.php?rest_route=%2Fwp%2Fv2%2Fproduct_tag&post=1182"}],"curies":[{"name":"wp","href":"https:\/\/api.w.org\/{rel}","templated":true}]}}