{"id":1180,"date":"2023-11-06T12:34:19","date_gmt":"2023-11-06T11:34:19","guid":{"rendered":"https:\/\/ebooks-premium.top\/?post_type=product&#038;p=1180"},"modified":"2025-11-19T12:38:40","modified_gmt":"2025-11-19T11:38:40","slug":"lecon-de-gnani-yoga","status":"publish","type":"product","link":"https:\/\/ebooks-premium.top\/?product=lecon-de-gnani-yoga","title":{"rendered":"Le\u00e7on de Gnani Yoga"},"content":{"rendered":"<p>La Philosophie Yogi peut \u00eatre divis\u00e9e en plusieurs grandes branches ou champs. Ce qui est connu sous le nom de \u00abHatha Yoga\u00bb concerne le corps physique et son contr\u00f4le, son bien-\u00eatre, sa sant\u00e9, sa pr\u00e9servation, ses lois, etc.<br \/>\nCe qui est connu sous le nom de \u00abRaja Yoga\u00bb concerne le Mind; son contr\u00f4le; son d\u00e9veloppement; son d\u00e9veloppement, etc. Ce que l&rsquo;on appelle \u00abBhakti Yoga\u00bb traite de l&rsquo;Amour de l&rsquo;Absolu &#8211; Dieu. Ce qui est connu sous le nom de \u00abGnani Yoga\u00bb traite de la connaissance scientifique et intellectuelle des grandes questions concernant la vie et ce qui se cache derri\u00e8re la vie &#8211; l&rsquo;\u00e9nigme de l&rsquo;univers.<\/p>\n","protected":false},"excerpt":{"rendered":"<p>Le \u00ab\u00a0Gnani Yoga\u00a0\u00bb traite de la connaissance scientifique et intellectuelle<\/p>\n","protected":false},"featured_media":1181,"comment_status":"open","ping_status":"closed","template":"","meta":{"om_disable_all_campaigns":false,"_uag_custom_page_level_css":"","_monsterinsights_skip_tracking":false,"_monsterinsights_sitenote_active":false,"_monsterinsights_sitenote_note":"","_monsterinsights_sitenote_category":0,"site-sidebar-layout":"default","site-content-layout":"","ast-site-content-layout":"default","site-content-style":"default","site-sidebar-style":"default","ast-global-header-display":"","ast-banner-title-visibility":"","ast-main-header-display":"","ast-hfb-above-header-display":"","ast-hfb-below-header-display":"","ast-hfb-mobile-header-display":"","site-post-title":"","ast-breadcrumbs-content":"","ast-featured-img":"","footer-sml-layout":"","theme-transparent-header-meta":"default","adv-header-id-meta":"","stick-header-meta":"","header-above-stick-meta":"","header-main-stick-meta":"","header-below-stick-meta":"","astra-migrate-meta-layouts":"set","ast-page-background-enabled":"default","ast-page-background-meta":{"desktop":{"background-color":"","background-image":"","background-repeat":"repeat","background-position":"center center","background-size":"auto","background-attachment":"scroll","background-type":"","background-media":"","overlay-type":"","overlay-color":"","overlay-gradient":""},"tablet":{"background-color":"","background-image":"","background-repeat":"repeat","background-position":"center center","background-size":"auto","background-attachment":"scroll","background-type":"","background-media":"","overlay-type":"","overlay-color":"","overlay-gradient":""},"mobile":{"background-color":"","background-image":"","background-repeat":"repeat","background-position":"center center","background-size":"auto","background-attachment":"scroll","background-type":"","background-media":"","overlay-type":"","overlay-color":"","overlay-gradient":""}},"ast-content-background-meta":{"desktop":{"background-color":"var(--ast-global-color-5)","background-image":"","background-repeat":"repeat","background-position":"center center","background-size":"auto","background-attachment":"scroll","background-type":"","background-media":"","overlay-type":"","overlay-color":"","overlay-gradient":""},"tablet":{"background-color":"var(--ast-global-color-5)","background-image":"","background-repeat":"repeat","background-position":"center center","background-size":"auto","background-attachment":"scroll","background-type":"","background-media":"","overlay-type":"","overlay-color":"","overlay-gradient":""},"mobile":{"background-color":"var(--ast-global-color-5)","background-image":"","background-repeat":"repeat","background-position":"center center","background-size":"auto","background-attachment":"scroll","background-type":"","background-media":"","overlay-type":"","overlay-color":"","overlay-gradient":""}}},"product_brand":[],"product_cat":[33,34],"product_tag":[],"class_list":{"0":"post-1180","1":"product","2":"type-product","3":"status-publish","4":"has-post-thumbnail","6":"product_cat-sagesse","7":"product_cat-yoga","8":"desktop-align-left","9":"tablet-align-left","10":"mobile-align-left","12":"first","13":"instock","14":"downloadable","15":"virtual","16":"purchasable","17":"product-type-simple"},"aioseo_notices":[],"uagb_featured_image_src":{"full":["https:\/\/ebooks-premium.top\/wp-content\/uploads\/2023\/11\/cover-gnani.jpg",1575,2362,false],"thumbnail":["https:\/\/ebooks-premium.top\/wp-content\/uploads\/2023\/11\/cover-gnani.jpg",100,150,false],"medium":["https:\/\/ebooks-premium.top\/wp-content\/uploads\/2023\/11\/cover-gnani-200x300.jpg",200,300,true],"medium_large":["https:\/\/ebooks-premium.top\/wp-content\/uploads\/2023\/11\/cover-gnani.jpg",768,1152,false],"large":["https:\/\/ebooks-premium.top\/wp-content\/uploads\/2023\/11\/cover-gnani.jpg",683,1024,false],"1536x1536":["https:\/\/ebooks-premium.top\/wp-content\/uploads\/2023\/11\/cover-gnani.jpg",1024,1536,false],"2048x2048":["https:\/\/ebooks-premium.top\/wp-content\/uploads\/2023\/11\/cover-gnani.jpg",1366,2048,false],"woocommerce_thumbnail":["https:\/\/ebooks-premium.top\/wp-content\/uploads\/2023\/11\/cover-gnani-300x457.jpg",300,457,true],"woocommerce_single":["https:\/\/ebooks-premium.top\/wp-content\/uploads\/2023\/11\/cover-gnani-500x750.jpg",500,750,true],"woocommerce_gallery_thumbnail":["https:\/\/ebooks-premium.top\/wp-content\/uploads\/2023\/11\/cover-gnani-100x100.jpg",100,100,true]},"uagb_author_info":{"display_name":"ebooks-premium.top","author_link":"https:\/\/ebooks-premium.top\/?author=0"},"uagb_comment_info":2,"uagb_excerpt":"Le \"Gnani Yoga\" traite de la connaissance scientifique et intellectuelle","_links":{"self":[{"href":"https:\/\/ebooks-premium.top\/index.php?rest_route=\/wp\/v2\/product\/1180","targetHints":{"allow":["GET"]}}],"collection":[{"href":"https:\/\/ebooks-premium.top\/index.php?rest_route=\/wp\/v2\/product"}],"about":[{"href":"https:\/\/ebooks-premium.top\/index.php?rest_route=\/wp\/v2\/types\/product"}],"replies":[{"embeddable":true,"href":"https:\/\/ebooks-premium.top\/index.php?rest_route=%2Fwp%2Fv2%2Fcomments&post=1180"}],"wp:featuredmedia":[{"embeddable":true,"href":"https:\/\/ebooks-premium.top\/index.php?rest_route=\/wp\/v2\/media\/1181"}],"wp:attachment":[{"href":"https:\/\/ebooks-premium.top\/index.php?rest_route=%2Fwp%2Fv2%2Fmedia&parent=1180"}],"wp:term":[{"taxonomy":"product_brand","embeddable":true,"href":"https:\/\/ebooks-premium.top\/index.php?rest_route=%2Fwp%2Fv2%2Fproduct_brand&post=1180"},{"taxonomy":"product_cat","embeddable":true,"href":"https:\/\/ebooks-premium.top\/index.php?rest_route=%2Fwp%2Fv2%2Fproduct_cat&post=1180"},{"taxonomy":"product_tag","embeddable":true,"href":"https:\/\/ebooks-premium.top\/index.php?rest_route=%2Fwp%2Fv2%2Fproduct_tag&post=1180"}],"curies":[{"name":"wp","href":"https:\/\/api.w.org\/{rel}","templated":true}]}}