{"id":1179,"date":"2023-11-06T12:29:31","date_gmt":"2023-11-06T11:29:31","guid":{"rendered":"https:\/\/ebooks-premium.top\/?post_type=product&#038;p=1179"},"modified":"2025-09-26T13:38:55","modified_gmt":"2025-09-26T11:38:55","slug":"le-but-de-la-vie","status":"publish","type":"product","link":"https:\/\/ebooks-premium.top\/?product=le-but-de-la-vie","title":{"rendered":"Le But de la Vie"},"content":{"rendered":"<p>Ce guide contient tout ce que vous devez savoir pour d\u00e9couvrir votre but dans la vie et r\u00e9ussir votre transition vers celui-ci. Veuillez donc lire chaque mot et appliquer ce que vous apprenez. Les \u00e9tapes d\u00e9crites dans le guide exigent de la pratique, de la patience et de la pers\u00e9v\u00e9rance.Si vous d\u00e9sirez une vie heureuse et \u00e9panouissante, vous n&rsquo;\u00eates pas seul. C&rsquo;est ce que tout\u00a0 monde souhaite. Mais la grande majorit\u00e9 des gens n&rsquo;atteignent jamais le niveau de bonheur et d&rsquo;\u00e9panouissement qu&rsquo;ils recherchent. Pourquoi ? Parce qu&rsquo;ils ne savent pas quel est le but de leur vie et ne font aucun effort pour le d\u00e9couvrir.<\/p>\n<p>Malheureusement, la plupart des gens laissent la vie les contr\u00f4ler. Ils d\u00e9rivent en laissant la vie les pousser dans toutes les directions et ne sont jamais vraiment heureux et \u00e9panouis.<\/p>\n","protected":false},"excerpt":{"rendered":"<p>Ce guide vous montrera comment d\u00e9couvrir votre but dans la vie afin de faire ce que vous \u00eates cens\u00e9 faire.<\/p>\n","protected":false},"featured_media":1172,"comment_status":"open","ping_status":"closed","template":"","meta":{"om_disable_all_campaigns":false,"_uag_custom_page_level_css":"","_monsterinsights_skip_tracking":false,"_monsterinsights_sitenote_active":false,"_monsterinsights_sitenote_note":"","_monsterinsights_sitenote_category":0,"site-sidebar-layout":"default","site-content-layout":"","ast-site-content-layout":"default","site-content-style":"default","site-sidebar-style":"default","ast-global-header-display":"","ast-banner-title-visibility":"","ast-main-header-display":"","ast-hfb-above-header-display":"","ast-hfb-below-header-display":"","ast-hfb-mobile-header-display":"","site-post-title":"","ast-breadcrumbs-content":"","ast-featured-img":"","footer-sml-layout":"","theme-transparent-header-meta":"default","adv-header-id-meta":"","stick-header-meta":"","header-above-stick-meta":"","header-main-stick-meta":"","header-below-stick-meta":"","astra-migrate-meta-layouts":"set","ast-page-background-enabled":"default","ast-page-background-meta":{"desktop":{"background-color":"","background-image":"","background-repeat":"repeat","background-position":"center center","background-size":"auto","background-attachment":"scroll","background-type":"","background-media":"","overlay-type":"","overlay-color":"","overlay-gradient":""},"tablet":{"background-color":"","background-image":"","background-repeat":"repeat","background-position":"center center","background-size":"auto","background-attachment":"scroll","background-type":"","background-media":"","overlay-type":"","overlay-color":"","overlay-gradient":""},"mobile":{"background-color":"","background-image":"","background-repeat":"repeat","background-position":"center center","background-size":"auto","background-attachment":"scroll","background-type":"","background-media":"","overlay-type":"","overlay-color":"","overlay-gradient":""}},"ast-content-background-meta":{"desktop":{"background-color":"var(--ast-global-color-5)","background-image":"","background-repeat":"repeat","background-position":"center center","background-size":"auto","background-attachment":"scroll","background-type":"","background-media":"","overlay-type":"","overlay-color":"","overlay-gradient":""},"tablet":{"background-color":"var(--ast-global-color-5)","background-image":"","background-repeat":"repeat","background-position":"center center","background-size":"auto","background-attachment":"scroll","background-type":"","background-media":"","overlay-type":"","overlay-color":"","overlay-gradient":""},"mobile":{"background-color":"var(--ast-global-color-5)","background-image":"","background-repeat":"repeat","background-position":"center center","background-size":"auto","background-attachment":"scroll","background-type":"","background-media":"","overlay-type":"","overlay-color":"","overlay-gradient":""}}},"product_brand":[],"product_cat":[33],"product_tag":[],"class_list":{"0":"post-1179","1":"product","2":"type-product","3":"status-publish","4":"has-post-thumbnail","6":"product_cat-sagesse","7":"desktop-align-left","8":"tablet-align-left","9":"mobile-align-left","11":"first","12":"instock","13":"downloadable","14":"virtual","15":"purchasable","16":"product-type-simple"},"aioseo_notices":[],"uagb_featured_image_src":{"full":["https:\/\/ebooks-premium.top\/wp-content\/uploads\/2023\/11\/But-de-la-vie.jpg",1000,1294,false],"thumbnail":["https:\/\/ebooks-premium.top\/wp-content\/uploads\/2023\/11\/But-de-la-vie-150x150.jpg",150,150,true],"medium":["https:\/\/ebooks-premium.top\/wp-content\/uploads\/2023\/11\/But-de-la-vie-232x300.jpg",232,300,true],"medium_large":["https:\/\/ebooks-premium.top\/wp-content\/uploads\/2023\/11\/But-de-la-vie-768x994.jpg",768,994,true],"large":["https:\/\/ebooks-premium.top\/wp-content\/uploads\/2023\/11\/But-de-la-vie-791x1024.jpg",791,1024,true],"1536x1536":["https:\/\/ebooks-premium.top\/wp-content\/uploads\/2023\/11\/But-de-la-vie.jpg",1000,1294,false],"2048x2048":["https:\/\/ebooks-premium.top\/wp-content\/uploads\/2023\/11\/But-de-la-vie.jpg",1000,1294,false],"woocommerce_thumbnail":["https:\/\/ebooks-premium.top\/wp-content\/uploads\/2023\/11\/But-de-la-vie-300x457.jpg",300,457,true],"woocommerce_single":["https:\/\/ebooks-premium.top\/wp-content\/uploads\/2023\/11\/But-de-la-vie-500x647.jpg",500,647,true],"woocommerce_gallery_thumbnail":["https:\/\/ebooks-premium.top\/wp-content\/uploads\/2023\/11\/But-de-la-vie-100x100.jpg",100,100,true]},"uagb_author_info":{"display_name":"ebooks-premium.top","author_link":"https:\/\/ebooks-premium.top\/?author=0"},"uagb_comment_info":1,"uagb_excerpt":"Ce guide vous montrera comment d\u00e9couvrir votre but dans la vie afin de faire ce que vous \u00eates cens\u00e9 faire.","_links":{"self":[{"href":"https:\/\/ebooks-premium.top\/index.php?rest_route=\/wp\/v2\/product\/1179","targetHints":{"allow":["GET"]}}],"collection":[{"href":"https:\/\/ebooks-premium.top\/index.php?rest_route=\/wp\/v2\/product"}],"about":[{"href":"https:\/\/ebooks-premium.top\/index.php?rest_route=\/wp\/v2\/types\/product"}],"replies":[{"embeddable":true,"href":"https:\/\/ebooks-premium.top\/index.php?rest_route=%2Fwp%2Fv2%2Fcomments&post=1179"}],"wp:featuredmedia":[{"embeddable":true,"href":"https:\/\/ebooks-premium.top\/index.php?rest_route=\/wp\/v2\/media\/1172"}],"wp:attachment":[{"href":"https:\/\/ebooks-premium.top\/index.php?rest_route=%2Fwp%2Fv2%2Fmedia&parent=1179"}],"wp:term":[{"taxonomy":"product_brand","embeddable":true,"href":"https:\/\/ebooks-premium.top\/index.php?rest_route=%2Fwp%2Fv2%2Fproduct_brand&post=1179"},{"taxonomy":"product_cat","embeddable":true,"href":"https:\/\/ebooks-premium.top\/index.php?rest_route=%2Fwp%2Fv2%2Fproduct_cat&post=1179"},{"taxonomy":"product_tag","embeddable":true,"href":"https:\/\/ebooks-premium.top\/index.php?rest_route=%2Fwp%2Fv2%2Fproduct_tag&post=1179"}],"curies":[{"name":"wp","href":"https:\/\/api.w.org\/{rel}","templated":true}]}}