{"id":1175,"date":"2023-11-06T12:18:13","date_gmt":"2023-11-06T11:18:13","guid":{"rendered":"https:\/\/ebooks-premium.top\/?post_type=product&#038;p=1175"},"modified":"2023-11-09T12:21:39","modified_gmt":"2023-11-09T11:21:39","slug":"la-fontaine-de-jouvence","status":"publish","type":"product","link":"https:\/\/ebooks-premium.top\/?product=la-fontaine-de-jouvence","title":{"rendered":"La Fontaine de Jouvence"},"content":{"rendered":"<p>L&rsquo;histoire est pleine de l\u00e9gendes sur les lieux magiques et les potions qui peuvent faire rajeunir une personne. On les voit dans les films de magie, et on aimerait qu&rsquo;elles soient vraies. Cependant, de telles choses n&rsquo;existent pas. Les scientifiques ont \u00e9galement fait de leur mieux pour voir comment ils pouvaient inverser le processus de vieillissement. N\u00e9anmoins, tous leurs efforts ont \u00e9t\u00e9 vains \u00e0 cet \u00e9gard. Tout ce que les scientifiques ont \u00e0 offrir, ce sont diff\u00e9rentes th\u00e9ories et explications sur les raisons du vieillissement. Ils n&rsquo;ont pas \u00e9t\u00e9 en mesure de proposer au monde une formule ou une proc\u00e9dure permettant d&rsquo;inverser le processus de vieillissement.<\/p>\n","protected":false},"excerpt":{"rendered":"<p>L&rsquo;histoire est pleine de l\u00e9gendes sur les lieux magiques et les potions qui peuvent faire rajeunir une personne<\/p>\n","protected":false},"featured_media":1173,"comment_status":"open","ping_status":"closed","template":"","meta":{"om_disable_all_campaigns":false,"_uag_custom_page_level_css":"","_monsterinsights_skip_tracking":false,"_monsterinsights_sitenote_active":false,"_monsterinsights_sitenote_note":"","_monsterinsights_sitenote_category":0,"site-sidebar-layout":"default","site-content-layout":"","ast-site-content-layout":"default","site-content-style":"default","site-sidebar-style":"default","ast-global-header-display":"","ast-banner-title-visibility":"","ast-main-header-display":"","ast-hfb-above-header-display":"","ast-hfb-below-header-display":"","ast-hfb-mobile-header-display":"","site-post-title":"","ast-breadcrumbs-content":"","ast-featured-img":"","footer-sml-layout":"","theme-transparent-header-meta":"default","adv-header-id-meta":"","stick-header-meta":"","header-above-stick-meta":"","header-main-stick-meta":"","header-below-stick-meta":"","astra-migrate-meta-layouts":"set","ast-page-background-enabled":"default","ast-page-background-meta":{"desktop":{"background-color":"","background-image":"","background-repeat":"repeat","background-position":"center center","background-size":"auto","background-attachment":"scroll","background-type":"","background-media":"","overlay-type":"","overlay-color":"","overlay-gradient":""},"tablet":{"background-color":"","background-image":"","background-repeat":"repeat","background-position":"center center","background-size":"auto","background-attachment":"scroll","background-type":"","background-media":"","overlay-type":"","overlay-color":"","overlay-gradient":""},"mobile":{"background-color":"","background-image":"","background-repeat":"repeat","background-position":"center center","background-size":"auto","background-attachment":"scroll","background-type":"","background-media":"","overlay-type":"","overlay-color":"","overlay-gradient":""}},"ast-content-background-meta":{"desktop":{"background-color":"var(--ast-global-color-5)","background-image":"","background-repeat":"repeat","background-position":"center center","background-size":"auto","background-attachment":"scroll","background-type":"","background-media":"","overlay-type":"","overlay-color":"","overlay-gradient":""},"tablet":{"background-color":"var(--ast-global-color-5)","background-image":"","background-repeat":"repeat","background-position":"center center","background-size":"auto","background-attachment":"scroll","background-type":"","background-media":"","overlay-type":"","overlay-color":"","overlay-gradient":""},"mobile":{"background-color":"var(--ast-global-color-5)","background-image":"","background-repeat":"repeat","background-position":"center center","background-size":"auto","background-attachment":"scroll","background-type":"","background-media":"","overlay-type":"","overlay-color":"","overlay-gradient":""}}},"product_brand":[],"product_cat":[38,32],"product_tag":[],"class_list":{"0":"post-1175","1":"product","2":"type-product","3":"status-publish","4":"has-post-thumbnail","6":"product_cat-decouverte","7":"product_cat-sante","8":"desktop-align-left","9":"tablet-align-left","10":"mobile-align-left","12":"first","13":"instock","14":"downloadable","15":"virtual","16":"purchasable","17":"product-type-simple"},"aioseo_notices":[],"uagb_featured_image_src":{"full":["https:\/\/ebooks-premium.top\/wp-content\/uploads\/2023\/11\/Jouvence-Cover.jpg",816,1056,false],"thumbnail":["https:\/\/ebooks-premium.top\/wp-content\/uploads\/2023\/11\/Jouvence-Cover-150x150.jpg",150,150,true],"medium":["https:\/\/ebooks-premium.top\/wp-content\/uploads\/2023\/11\/Jouvence-Cover-232x300.jpg",232,300,true],"medium_large":["https:\/\/ebooks-premium.top\/wp-content\/uploads\/2023\/11\/Jouvence-Cover-768x994.jpg",768,994,true],"large":["https:\/\/ebooks-premium.top\/wp-content\/uploads\/2023\/11\/Jouvence-Cover-791x1024.jpg",791,1024,true],"1536x1536":["https:\/\/ebooks-premium.top\/wp-content\/uploads\/2023\/11\/Jouvence-Cover.jpg",816,1056,false],"2048x2048":["https:\/\/ebooks-premium.top\/wp-content\/uploads\/2023\/11\/Jouvence-Cover.jpg",816,1056,false],"woocommerce_thumbnail":["https:\/\/ebooks-premium.top\/wp-content\/uploads\/2023\/11\/Jouvence-Cover-300x457.jpg",300,457,true],"woocommerce_single":["https:\/\/ebooks-premium.top\/wp-content\/uploads\/2023\/11\/Jouvence-Cover-500x647.jpg",500,647,true],"woocommerce_gallery_thumbnail":["https:\/\/ebooks-premium.top\/wp-content\/uploads\/2023\/11\/Jouvence-Cover-100x100.jpg",100,100,true]},"uagb_author_info":{"display_name":"ebooks-premium.top","author_link":"https:\/\/ebooks-premium.top\/?author=0"},"uagb_comment_info":0,"uagb_excerpt":"L'histoire est pleine de l\u00e9gendes sur les lieux magiques et les potions qui peuvent faire rajeunir une personne","_links":{"self":[{"href":"https:\/\/ebooks-premium.top\/index.php?rest_route=\/wp\/v2\/product\/1175","targetHints":{"allow":["GET"]}}],"collection":[{"href":"https:\/\/ebooks-premium.top\/index.php?rest_route=\/wp\/v2\/product"}],"about":[{"href":"https:\/\/ebooks-premium.top\/index.php?rest_route=\/wp\/v2\/types\/product"}],"replies":[{"embeddable":true,"href":"https:\/\/ebooks-premium.top\/index.php?rest_route=%2Fwp%2Fv2%2Fcomments&post=1175"}],"wp:featuredmedia":[{"embeddable":true,"href":"https:\/\/ebooks-premium.top\/index.php?rest_route=\/wp\/v2\/media\/1173"}],"wp:attachment":[{"href":"https:\/\/ebooks-premium.top\/index.php?rest_route=%2Fwp%2Fv2%2Fmedia&parent=1175"}],"wp:term":[{"taxonomy":"product_brand","embeddable":true,"href":"https:\/\/ebooks-premium.top\/index.php?rest_route=%2Fwp%2Fv2%2Fproduct_brand&post=1175"},{"taxonomy":"product_cat","embeddable":true,"href":"https:\/\/ebooks-premium.top\/index.php?rest_route=%2Fwp%2Fv2%2Fproduct_cat&post=1175"},{"taxonomy":"product_tag","embeddable":true,"href":"https:\/\/ebooks-premium.top\/index.php?rest_route=%2Fwp%2Fv2%2Fproduct_tag&post=1175"}],"curies":[{"name":"wp","href":"https:\/\/api.w.org\/{rel}","templated":true}]}}