{"id":1161,"date":"2023-11-03T15:30:55","date_gmt":"2023-11-03T14:30:55","guid":{"rendered":"https:\/\/ebooks-premium.top\/?post_type=product&#038;p=1161"},"modified":"2025-11-19T12:40:14","modified_gmt":"2025-11-19T11:40:14","slug":"pouvoir-de-la-perseverance","status":"publish","type":"product","link":"https:\/\/ebooks-premium.top\/?product=pouvoir-de-la-perseverance","title":{"rendered":"Pouvoir de la pers\u00e9v\u00e9rance"},"content":{"rendered":"<p>S&rsquo;attendre \u00e0 une vie sans temp\u00eate est aussi na\u00eff que de s&rsquo;attendre \u00e0 ce que le jour ne c\u00e8de jamais la place \u00e0 la nuit. Il n&rsquo;est tout simplement pas possible de traverser la vie sans avoir \u00e0 faire face \u00e0 une quelconque forme de r\u00e9sistance.<\/p>\n<p>Bien s\u00fbr, des personnes diff\u00e9rentes rencontrent des d\u00e9fis de nature et d&rsquo;ampleur diff\u00e9rentes \u00e0 des moments diff\u00e9rents, mais l&rsquo;essentiel est que nous y sommes tous confront\u00e9s. Le fait de r\u00e9aliser cela est une motivation suffisante pour commencer \u00e0 s&rsquo;endurcir et ne pas agir comme si quelque chose d&rsquo;\u00e9tranger vous arrivait chaque fois que vous traversez une p\u00e9riode difficile.<\/p>\n<p>C&rsquo;est cette prise de conscience qui peut vous permettre d&rsquo;aller de l&rsquo;avant, en sachant qu&rsquo;une p\u00e9riode plus douce vous attend au bout de celle qui semble interminable et douloureuse.<\/p>\n<p>&nbsp;<\/p>\n","protected":false},"excerpt":{"rendered":"<p>S&rsquo;attendre \u00e0 une vie sans temp\u00eate est aussi na\u00eff que de s&rsquo;attendre \u00e0 ce que le jour ne c\u00e8de jamais la place \u00e0 la nuit. Il n&rsquo;est tout simplement pas possible de traverser la vie sans avoir \u00e0 faire face \u00e0 une quelconque forme de r\u00e9sistance. Bien s\u00fbr, des personnes diff\u00e9rentes rencontrent des d\u00e9fis de &hellip;<\/p>\n<p class=\"read-more\"> <a class=\"\" href=\"https:\/\/ebooks-premium.top\/?product=pouvoir-de-la-perseverance\"> <span class=\"screen-reader-text\">Pouvoir de la pers\u00e9v\u00e9rance<\/span> Lire la suite\u00a0\u00bb<\/a><\/p>\n","protected":false},"featured_media":1168,"comment_status":"open","ping_status":"closed","template":"","meta":{"om_disable_all_campaigns":false,"_uag_custom_page_level_css":"","_monsterinsights_skip_tracking":false,"_monsterinsights_sitenote_active":false,"_monsterinsights_sitenote_note":"","_monsterinsights_sitenote_category":0,"site-sidebar-layout":"default","site-content-layout":"","ast-site-content-layout":"default","site-content-style":"default","site-sidebar-style":"default","ast-global-header-display":"","ast-banner-title-visibility":"","ast-main-header-display":"","ast-hfb-above-header-display":"","ast-hfb-below-header-display":"","ast-hfb-mobile-header-display":"","site-post-title":"","ast-breadcrumbs-content":"","ast-featured-img":"","footer-sml-layout":"","theme-transparent-header-meta":"default","adv-header-id-meta":"","stick-header-meta":"","header-above-stick-meta":"","header-main-stick-meta":"","header-below-stick-meta":"","astra-migrate-meta-layouts":"set","ast-page-background-enabled":"default","ast-page-background-meta":{"desktop":{"background-color":"","background-image":"","background-repeat":"repeat","background-position":"center center","background-size":"auto","background-attachment":"scroll","background-type":"","background-media":"","overlay-type":"","overlay-color":"","overlay-gradient":""},"tablet":{"background-color":"","background-image":"","background-repeat":"repeat","background-position":"center center","background-size":"auto","background-attachment":"scroll","background-type":"","background-media":"","overlay-type":"","overlay-color":"","overlay-gradient":""},"mobile":{"background-color":"","background-image":"","background-repeat":"repeat","background-position":"center center","background-size":"auto","background-attachment":"scroll","background-type":"","background-media":"","overlay-type":"","overlay-color":"","overlay-gradient":""}},"ast-content-background-meta":{"desktop":{"background-color":"var(--ast-global-color-5)","background-image":"","background-repeat":"repeat","background-position":"center center","background-size":"auto","background-attachment":"scroll","background-type":"","background-media":"","overlay-type":"","overlay-color":"","overlay-gradient":""},"tablet":{"background-color":"var(--ast-global-color-5)","background-image":"","background-repeat":"repeat","background-position":"center center","background-size":"auto","background-attachment":"scroll","background-type":"","background-media":"","overlay-type":"","overlay-color":"","overlay-gradient":""},"mobile":{"background-color":"var(--ast-global-color-5)","background-image":"","background-repeat":"repeat","background-position":"center center","background-size":"auto","background-attachment":"scroll","background-type":"","background-media":"","overlay-type":"","overlay-color":"","overlay-gradient":""}}},"product_brand":[],"product_cat":[38],"product_tag":[],"class_list":{"0":"post-1161","1":"product","2":"type-product","3":"status-publish","4":"has-post-thumbnail","6":"product_cat-decouverte","7":"desktop-align-left","8":"tablet-align-left","9":"mobile-align-left","11":"first","12":"instock","13":"shipping-taxable","14":"product-type-simple"},"aioseo_notices":[],"uagb_featured_image_src":{"full":["https:\/\/ebooks-premium.top\/wp-content\/uploads\/2023\/11\/Perseverance3-scaled.jpg",2001,2560,false],"thumbnail":["https:\/\/ebooks-premium.top\/wp-content\/uploads\/2023\/11\/Perseverance3-scaled.jpg",117,150,false],"medium":["https:\/\/ebooks-premium.top\/wp-content\/uploads\/2023\/11\/Perseverance3-scaled.jpg",234,300,false],"medium_large":["https:\/\/ebooks-premium.top\/wp-content\/uploads\/2023\/11\/Perseverance3-scaled.jpg",768,983,false],"large":["https:\/\/ebooks-premium.top\/wp-content\/uploads\/2023\/11\/Perseverance3-scaled.jpg",800,1024,false],"1536x1536":["https:\/\/ebooks-premium.top\/wp-content\/uploads\/2023\/11\/Perseverance3-scaled.jpg",1201,1536,false],"2048x2048":["https:\/\/ebooks-premium.top\/wp-content\/uploads\/2023\/11\/Perseverance3-scaled.jpg",1601,2048,false],"woocommerce_thumbnail":["https:\/\/ebooks-premium.top\/wp-content\/uploads\/2023\/11\/Perseverance3-scaled-300x457.jpg",300,457,true],"woocommerce_single":["https:\/\/ebooks-premium.top\/wp-content\/uploads\/2023\/11\/Perseverance3-scaled-500x640.jpg",500,640,true],"woocommerce_gallery_thumbnail":["https:\/\/ebooks-premium.top\/wp-content\/uploads\/2023\/11\/Perseverance3-scaled-100x100.jpg",100,100,true]},"uagb_author_info":{"display_name":"ebooks-premium.top","author_link":"https:\/\/ebooks-premium.top\/?author=0"},"uagb_comment_info":1,"uagb_excerpt":"S&rsquo;attendre \u00e0 une vie sans temp\u00eate est aussi na\u00eff que de s&rsquo;attendre \u00e0 ce que le jour ne c\u00e8de jamais la place \u00e0 la nuit. Il n&rsquo;est tout simplement pas possible de traverser la vie sans avoir \u00e0 faire face \u00e0 une quelconque forme de r\u00e9sistance. Bien s\u00fbr, des personnes diff\u00e9rentes rencontrent des d\u00e9fis de\u2026","_links":{"self":[{"href":"https:\/\/ebooks-premium.top\/index.php?rest_route=\/wp\/v2\/product\/1161","targetHints":{"allow":["GET"]}}],"collection":[{"href":"https:\/\/ebooks-premium.top\/index.php?rest_route=\/wp\/v2\/product"}],"about":[{"href":"https:\/\/ebooks-premium.top\/index.php?rest_route=\/wp\/v2\/types\/product"}],"replies":[{"embeddable":true,"href":"https:\/\/ebooks-premium.top\/index.php?rest_route=%2Fwp%2Fv2%2Fcomments&post=1161"}],"wp:featuredmedia":[{"embeddable":true,"href":"https:\/\/ebooks-premium.top\/index.php?rest_route=\/wp\/v2\/media\/1168"}],"wp:attachment":[{"href":"https:\/\/ebooks-premium.top\/index.php?rest_route=%2Fwp%2Fv2%2Fmedia&parent=1161"}],"wp:term":[{"taxonomy":"product_brand","embeddable":true,"href":"https:\/\/ebooks-premium.top\/index.php?rest_route=%2Fwp%2Fv2%2Fproduct_brand&post=1161"},{"taxonomy":"product_cat","embeddable":true,"href":"https:\/\/ebooks-premium.top\/index.php?rest_route=%2Fwp%2Fv2%2Fproduct_cat&post=1161"},{"taxonomy":"product_tag","embeddable":true,"href":"https:\/\/ebooks-premium.top\/index.php?rest_route=%2Fwp%2Fv2%2Fproduct_tag&post=1161"}],"curies":[{"name":"wp","href":"https:\/\/api.w.org\/{rel}","templated":true}]}}