{"id":1076,"date":"2023-11-02T09:03:04","date_gmt":"2023-11-02T08:03:04","guid":{"rendered":"https:\/\/ebooks-premium.top\/?post_type=product&#038;p=1076"},"modified":"2025-11-19T12:32:13","modified_gmt":"2025-11-19T11:32:13","slug":"ia-le-grand-livre","status":"publish","type":"product","link":"https:\/\/ebooks-premium.top\/?product=ia-le-grand-livre","title":{"rendered":"IA Le Grand Livre"},"content":{"rendered":"<p>L&rsquo;intelligence artificielle, ou IA, est une technologie r\u00e9volutionnaire qui a le potentiel de transformer notre soci\u00e9t\u00e9 de mani\u00e8re profonde et significative. Elle est capable d&rsquo;apprendre, d&rsquo;analyser des donn\u00e9es, de prendre des d\u00e9cisions et m\u00eame d&rsquo;imiter certains aspects de l&rsquo;intelligence humaine. Cependant, avec tout progr\u00e8s technologique, viennent \u00e9galement des pr\u00e9occupations \u00e9thiques qui n\u00e9cessitent une attention particuli\u00e8re.<\/p>\n<p>L&rsquo;intelligence artificielle repose sur des bases solides en math\u00e9matiques, lui\u00a0 permettant d&rsquo;effectuer des t\u00e2ches complexes avec pr\u00e9cision et efficacit\u00e9.<br \/>\nNous nous attarderons ici sur trois piliers essentiels : les\u00a0 probabilit\u00e9s, l&rsquo;alg\u00e8bre lin\u00e9aire et la logique.<\/p>\n","protected":false},"excerpt":{"rendered":"<p>L&rsquo;Intelligence Artificielle (IA) est un domaine qui suscite de plus en plus<br \/>\nd&rsquo;int\u00e9r\u00eat et qui commence \u00e0 se faire une place pr\u00e9pond\u00e9rante dans notre soci\u00e9t\u00e9<br \/>\nmoderne<\/p>\n","protected":false},"featured_media":1192,"comment_status":"open","ping_status":"closed","template":"","meta":{"om_disable_all_campaigns":false,"_uag_custom_page_level_css":"","_monsterinsights_skip_tracking":false,"_monsterinsights_sitenote_active":false,"_monsterinsights_sitenote_note":"","_monsterinsights_sitenote_category":0,"site-sidebar-layout":"default","site-content-layout":"","ast-site-content-layout":"default","site-content-style":"default","site-sidebar-style":"default","ast-global-header-display":"","ast-banner-title-visibility":"","ast-main-header-display":"","ast-hfb-above-header-display":"","ast-hfb-below-header-display":"","ast-hfb-mobile-header-display":"","site-post-title":"","ast-breadcrumbs-content":"","ast-featured-img":"","footer-sml-layout":"","theme-transparent-header-meta":"default","adv-header-id-meta":"","stick-header-meta":"","header-above-stick-meta":"","header-main-stick-meta":"","header-below-stick-meta":"","astra-migrate-meta-layouts":"set","ast-page-background-enabled":"default","ast-page-background-meta":{"desktop":{"background-color":"","background-image":"","background-repeat":"repeat","background-position":"center center","background-size":"auto","background-attachment":"scroll","background-type":"","background-media":"","overlay-type":"","overlay-color":"","overlay-gradient":""},"tablet":{"background-color":"","background-image":"","background-repeat":"repeat","background-position":"center center","background-size":"auto","background-attachment":"scroll","background-type":"","background-media":"","overlay-type":"","overlay-color":"","overlay-gradient":""},"mobile":{"background-color":"","background-image":"","background-repeat":"repeat","background-position":"center center","background-size":"auto","background-attachment":"scroll","background-type":"","background-media":"","overlay-type":"","overlay-color":"","overlay-gradient":""}},"ast-content-background-meta":{"desktop":{"background-color":"var(--ast-global-color-5)","background-image":"","background-repeat":"repeat","background-position":"center center","background-size":"auto","background-attachment":"scroll","background-type":"","background-media":"","overlay-type":"","overlay-color":"","overlay-gradient":""},"tablet":{"background-color":"var(--ast-global-color-5)","background-image":"","background-repeat":"repeat","background-position":"center center","background-size":"auto","background-attachment":"scroll","background-type":"","background-media":"","overlay-type":"","overlay-color":"","overlay-gradient":""},"mobile":{"background-color":"var(--ast-global-color-5)","background-image":"","background-repeat":"repeat","background-position":"center center","background-size":"auto","background-attachment":"scroll","background-type":"","background-media":"","overlay-type":"","overlay-color":"","overlay-gradient":""}}},"product_brand":[],"product_cat":[38],"product_tag":[],"class_list":{"0":"post-1076","1":"product","2":"type-product","3":"status-publish","4":"has-post-thumbnail","6":"product_cat-decouverte","7":"desktop-align-left","8":"tablet-align-left","9":"mobile-align-left","11":"first","12":"instock","13":"downloadable","14":"virtual","15":"purchasable","16":"product-type-simple"},"aioseo_notices":[],"uagb_featured_image_src":{"full":["https:\/\/ebooks-premium.top\/wp-content\/uploads\/2023\/11\/Le-Grand-Livre.jpg",1800,2400,false],"thumbnail":["https:\/\/ebooks-premium.top\/wp-content\/uploads\/2023\/11\/Le-Grand-Livre-150x150.jpg",150,150,true],"medium":["https:\/\/ebooks-premium.top\/wp-content\/uploads\/2023\/11\/Le-Grand-Livre-225x300.jpg",225,300,true],"medium_large":["https:\/\/ebooks-premium.top\/wp-content\/uploads\/2023\/11\/Le-Grand-Livre-768x1024.jpg",768,1024,true],"large":["https:\/\/ebooks-premium.top\/wp-content\/uploads\/2023\/11\/Le-Grand-Livre-768x1024.jpg",768,1024,true],"1536x1536":["https:\/\/ebooks-premium.top\/wp-content\/uploads\/2023\/11\/Le-Grand-Livre-1152x1536.jpg",1152,1536,true],"2048x2048":["https:\/\/ebooks-premium.top\/wp-content\/uploads\/2023\/11\/Le-Grand-Livre-1536x2048.jpg",1536,2048,true],"woocommerce_thumbnail":["https:\/\/ebooks-premium.top\/wp-content\/uploads\/2023\/11\/Le-Grand-Livre-300x457.jpg",300,457,true],"woocommerce_single":["https:\/\/ebooks-premium.top\/wp-content\/uploads\/2023\/11\/Le-Grand-Livre-500x667.jpg",500,667,true],"woocommerce_gallery_thumbnail":["https:\/\/ebooks-premium.top\/wp-content\/uploads\/2023\/11\/Le-Grand-Livre-100x100.jpg",100,100,true]},"uagb_author_info":{"display_name":"ebooks-premium.top","author_link":"https:\/\/ebooks-premium.top\/?author=0"},"uagb_comment_info":1,"uagb_excerpt":"L'Intelligence Artificielle (IA) est un domaine qui suscite de plus en plus d'int\u00e9r\u00eat et qui commence \u00e0 se faire une place pr\u00e9pond\u00e9rante dans notre soci\u00e9t\u00e9 moderne","_links":{"self":[{"href":"https:\/\/ebooks-premium.top\/index.php?rest_route=\/wp\/v2\/product\/1076","targetHints":{"allow":["GET"]}}],"collection":[{"href":"https:\/\/ebooks-premium.top\/index.php?rest_route=\/wp\/v2\/product"}],"about":[{"href":"https:\/\/ebooks-premium.top\/index.php?rest_route=\/wp\/v2\/types\/product"}],"replies":[{"embeddable":true,"href":"https:\/\/ebooks-premium.top\/index.php?rest_route=%2Fwp%2Fv2%2Fcomments&post=1076"}],"wp:featuredmedia":[{"embeddable":true,"href":"https:\/\/ebooks-premium.top\/index.php?rest_route=\/wp\/v2\/media\/1192"}],"wp:attachment":[{"href":"https:\/\/ebooks-premium.top\/index.php?rest_route=%2Fwp%2Fv2%2Fmedia&parent=1076"}],"wp:term":[{"taxonomy":"product_brand","embeddable":true,"href":"https:\/\/ebooks-premium.top\/index.php?rest_route=%2Fwp%2Fv2%2Fproduct_brand&post=1076"},{"taxonomy":"product_cat","embeddable":true,"href":"https:\/\/ebooks-premium.top\/index.php?rest_route=%2Fwp%2Fv2%2Fproduct_cat&post=1076"},{"taxonomy":"product_tag","embeddable":true,"href":"https:\/\/ebooks-premium.top\/index.php?rest_route=%2Fwp%2Fv2%2Fproduct_tag&post=1076"}],"curies":[{"name":"wp","href":"https:\/\/api.w.org\/{rel}","templated":true}]}}