{"id":1370,"date":"2023-11-16T12:19:00","date_gmt":"2023-11-16T11:19:00","guid":{"rendered":"https:\/\/ebooks-premium.top\/?page_id=1370"},"modified":"2023-11-16T12:27:20","modified_gmt":"2023-11-16T11:27:20","slug":"marketing-2","status":"publish","type":"page","link":"https:\/\/ebooks-premium.top\/?page_id=1370","title":{"rendered":"Le Yoga"},"content":{"rendered":"\t\t<div data-elementor-type=\"wp-page\" data-elementor-id=\"1370\" class=\"elementor elementor-1370\">\n\t\t\t\t<div class=\"elementor-element elementor-element-f2fa695 e-flex e-con-boxed e-con e-parent\" data-id=\"f2fa695\" data-element_type=\"container\">\n\t\t\t\t\t<div class=\"e-con-inner\">\n\t\t\t\t\t<\/div>\n\t\t\t\t<\/div>\n\t\t<div class=\"elementor-element elementor-element-c97f3fd e-flex e-con-boxed e-con e-parent\" data-id=\"c97f3fd\" data-element_type=\"container\">\n\t\t\t\t\t<div class=\"e-con-inner\">\n\t\t\t\t<div class=\"elementor-element elementor-element-3c8b727 elementor-widget-divider--view-line elementor-widget elementor-widget-divider\" data-id=\"3c8b727\" data-element_type=\"widget\" data-widget_type=\"divider.default\">\n\t\t\t\t<div class=\"elementor-widget-container\">\n\t\t\t\t\t\t\t<div class=\"elementor-divider\">\n\t\t\t<span class=\"elementor-divider-separator\">\n\t\t\t\t\t\t<\/span>\n\t\t<\/div>\n\t\t\t\t\t\t<\/div>\n\t\t\t\t<\/div>\n\t\t\t\t<div class=\"elementor-element elementor-element-89da84e elementor-widget elementor-widget-spacer\" data-id=\"89da84e\" data-element_type=\"widget\" data-widget_type=\"spacer.default\">\n\t\t\t\t<div class=\"elementor-widget-container\">\n\t\t\t\t\t\t\t<div class=\"elementor-spacer\">\n\t\t\t<div class=\"elementor-spacer-inner\"><\/div>\n\t\t<\/div>\n\t\t\t\t\t\t<\/div>\n\t\t\t\t<\/div>\n\t\t\t\t<div class=\"elementor-element elementor-element-0d146bd elementor-invisible elementor-widget elementor-widget-heading\" data-id=\"0d146bd\" data-element_type=\"widget\" data-settings=\"{&quot;_animation&quot;:&quot;fadeInLeft&quot;}\" data-widget_type=\"heading.default\">\n\t\t\t\t<div class=\"elementor-widget-container\">\n\t\t\t\t\t<h2 class=\"elementor-heading-title elementor-size-default\">Collection Yoga<\/h2>\t\t\t\t<\/div>\n\t\t\t\t<\/div>\n\t\t\t\t<div class=\"elementor-element elementor-element-ef35459 elementor-widget elementor-widget-shortcode\" data-id=\"ef35459\" data-element_type=\"widget\" data-widget_type=\"shortcode.default\">\n\t\t\t\t<div class=\"elementor-widget-container\">\n\t\t\t\t\t\t\t<div class=\"elementor-shortcode\"><div class=\"woocommerce columns-3 \"><ul class=\"products columns-3\">\n<li class=\"desktop-align-left tablet-align-left mobile-align-left product type-product post-1306 status-publish first instock product_cat-yoga has-post-thumbnail downloadable virtual purchasable product-type-simple\">\n\t<a href=\"https:\/\/ebooks-premium.top\/?product=le-yoga-et-vous\" class=\"woocommerce-LoopProduct-link woocommerce-loop-product__link\"><img fetchpriority=\"high\" decoding=\"async\" width=\"300\" height=\"457\" src=\"https:\/\/ebooks-premium.top\/wp-content\/uploads\/2023\/11\/Maigrir-par-le-yoga-300x457.png\" class=\"attachment-woocommerce_thumbnail size-woocommerce_thumbnail\" alt=\"Le Yoga Et Vous\" \/><h2 class=\"woocommerce-loop-product__title\">Le Yoga Et Vous<\/h2><div class=\"star-rating\"><span style=\"width:0%\">Note <strong class=\"rating\">0<\/strong> sur 5<\/span><\/div>\n\t<span class=\"price\"><span class=\"woocommerce-Price-amount amount\"><bdi>3,00&nbsp;<span class=\"woocommerce-Price-currencySymbol\">&euro;<\/span><\/bdi><\/span><\/span>\n<\/a><a href=\"?add-to-cart=1306\" data-quantity=\"1\" class=\"ast-on-card-button ast-select-options-trigger product_type_simple add_to_cart_button ajax_add_to_cart\" data-product_id=\"1306\" data-product_sku=\"\" aria-label=\"Ajouter au panier\u00a0: &ldquo;Le Yoga Et Vous&rdquo;\" rel=\"nofollow\"> <span class=\"ast-card-action-tooltip\"> Ajouter au panier <\/span> <span class=\"ahfb-svg-iconset\"> <span class=\"ast-icon icon-cart\"><svg xmlns=\"http:\/\/www.w3.org\/2000\/svg\" xmlns:xlink=\"http:\/\/www.w3.org\/1999\/xlink\" version=\"1.1\" id=\"ast-cart-svg\" x=\"0px\" y=\"0px\" width=\"20px\" height=\"20px\" viewBox=\"826 837.5 140 121\" enable-background=\"new 826 837.5 140 121\" xml:space=\"preserve\">\n\t\t\t\t<path d=\"M878.77,943.611c0,2.75-1.005,5.131-3.015,7.141c-2.009,2.01-4.389,3.014-7.139,3.014c-2.75,0-5.13-1.004-7.139-3.014  c-2.01-2.01-3.015-4.391-3.015-7.141c0-2.749,1.005-5.129,3.015-7.138c2.009-2.011,4.389-3.016,7.139-3.016  c2.75,0,5.13,1.005,7.139,3.016C877.765,938.482,878.77,940.862,878.77,943.611z M949.846,943.611c0,2.75-1.005,5.131-3.015,7.141  s-4.39,3.014-7.141,3.014c-2.748,0-5.129-1.004-7.138-3.014c-2.01-2.01-3.015-4.391-3.015-7.141c0-2.749,1.005-5.129,3.015-7.138  c2.009-2.011,4.39-3.016,7.138-3.016c2.751,0,5.131,1.005,7.141,3.016C948.841,938.482,949.846,940.862,949.846,943.611z   M960,857.306v40.615c0,1.27-0.438,2.393-1.311,3.371s-1.943,1.548-3.212,1.705l-82.815,9.678c0.687,3.174,1.031,5.024,1.031,5.554  c0,0.846-0.635,2.539-1.904,5.076h72.979c1.375,0,2.564,0.503,3.569,1.508c1.006,1.005,1.508,2.194,1.508,3.569  c0,1.376-0.502,2.564-1.508,3.569c-1.005,1.005-2.194,1.507-3.569,1.507H863.54c-1.375,0-2.565-0.502-3.57-1.507  s-1.507-2.193-1.507-3.569c0-0.581,0.212-1.415,0.634-2.498c0.424-1.085,0.847-2.036,1.27-2.855c0.423-0.82,0.992-1.878,1.706-3.174  s1.124-2.076,1.23-2.34l-14.041-65.285h-16.183c-1.375,0-2.564-0.502-3.569-1.507c-1.005-1.005-1.508-2.195-1.508-3.57  c0-1.375,0.502-2.565,1.508-3.57c1.004-1.004,2.194-1.507,3.569-1.507h20.308c0.846,0,1.6,0.172,2.261,0.516  s1.177,0.754,1.547,1.229c0.37,0.476,0.714,1.124,1.032,1.944c0.316,0.819,0.528,1.507,0.634,2.062  c0.106,0.556,0.252,1.336,0.437,2.34c0.185,1.005,0.304,1.692,0.357,2.063h95.271c1.375,0,2.563,0.502,3.57,1.507  C959.497,854.741,960,855.931,960,857.306z\"\/>\n\t\t\t\t<\/svg><\/span> <\/span> <\/a><a href=\"?add-to-cart=1306\" aria-describedby=\"woocommerce_loop_add_to_cart_link_describedby_1306\" data-quantity=\"1\" class=\"button product_type_simple add_to_cart_button ajax_add_to_cart\" data-product_id=\"1306\" data-product_sku=\"\" aria-label=\"Ajouter au panier\u00a0: &ldquo;Le Yoga Et Vous&rdquo;\" rel=\"nofollow\" data-success_message=\"\u00ab\u00a0Le Yoga Et Vous\u00a0\u00bb a \u00e9t\u00e9 ajout\u00e9 \u00e0 votre panier\" data-product_name=\"Le Yoga Et Vous\" data-price=\"3\">Ajouter au panier<\/a>\t<span id=\"woocommerce_loop_add_to_cart_link_describedby_1306\" class=\"screen-reader-text\">\n\t\t\t<\/span>\n<\/li>\n<li class=\"desktop-align-left tablet-align-left mobile-align-left product type-product post-1187 status-publish instock product_cat-decouverte product_cat-yoga has-post-thumbnail downloadable virtual purchasable product-type-simple\">\n\t<a href=\"https:\/\/ebooks-premium.top\/?product=yoga-secrets-reveles\" class=\"woocommerce-LoopProduct-link woocommerce-loop-product__link\"><img decoding=\"async\" width=\"300\" height=\"457\" src=\"https:\/\/ebooks-premium.top\/wp-content\/uploads\/2023\/11\/Secrets-reveles-scaled-300x457.jpg\" class=\"attachment-woocommerce_thumbnail size-woocommerce_thumbnail\" alt=\"YOGA Secrets r\u00e9v\u00e9l\u00e9s\" \/><h2 class=\"woocommerce-loop-product__title\">YOGA Secrets r\u00e9v\u00e9l\u00e9s<\/h2><div class=\"star-rating\"><span style=\"width:0%\">Note <strong class=\"rating\">0<\/strong> sur 5<\/span><\/div>\n\t<span class=\"price\"><span class=\"woocommerce-Price-amount amount\"><bdi>7,00&nbsp;<span class=\"woocommerce-Price-currencySymbol\">&euro;<\/span><\/bdi><\/span><\/span>\n<\/a><a href=\"?add-to-cart=1187\" data-quantity=\"1\" class=\"ast-on-card-button ast-select-options-trigger product_type_simple add_to_cart_button ajax_add_to_cart\" data-product_id=\"1187\" data-product_sku=\"\" aria-label=\"Ajouter au panier\u00a0: &ldquo;YOGA Secrets r\u00e9v\u00e9l\u00e9s&rdquo;\" rel=\"nofollow\"> <span class=\"ast-card-action-tooltip\"> Ajouter au panier <\/span> <span class=\"ahfb-svg-iconset\"> <span class=\"ast-icon icon-cart\"><svg xmlns=\"http:\/\/www.w3.org\/2000\/svg\" xmlns:xlink=\"http:\/\/www.w3.org\/1999\/xlink\" version=\"1.1\" id=\"ast-cart-svg\" x=\"0px\" y=\"0px\" width=\"20px\" height=\"20px\" viewBox=\"826 837.5 140 121\" enable-background=\"new 826 837.5 140 121\" xml:space=\"preserve\">\n\t\t\t\t<path d=\"M878.77,943.611c0,2.75-1.005,5.131-3.015,7.141c-2.009,2.01-4.389,3.014-7.139,3.014c-2.75,0-5.13-1.004-7.139-3.014  c-2.01-2.01-3.015-4.391-3.015-7.141c0-2.749,1.005-5.129,3.015-7.138c2.009-2.011,4.389-3.016,7.139-3.016  c2.75,0,5.13,1.005,7.139,3.016C877.765,938.482,878.77,940.862,878.77,943.611z M949.846,943.611c0,2.75-1.005,5.131-3.015,7.141  s-4.39,3.014-7.141,3.014c-2.748,0-5.129-1.004-7.138-3.014c-2.01-2.01-3.015-4.391-3.015-7.141c0-2.749,1.005-5.129,3.015-7.138  c2.009-2.011,4.39-3.016,7.138-3.016c2.751,0,5.131,1.005,7.141,3.016C948.841,938.482,949.846,940.862,949.846,943.611z   M960,857.306v40.615c0,1.27-0.438,2.393-1.311,3.371s-1.943,1.548-3.212,1.705l-82.815,9.678c0.687,3.174,1.031,5.024,1.031,5.554  c0,0.846-0.635,2.539-1.904,5.076h72.979c1.375,0,2.564,0.503,3.569,1.508c1.006,1.005,1.508,2.194,1.508,3.569  c0,1.376-0.502,2.564-1.508,3.569c-1.005,1.005-2.194,1.507-3.569,1.507H863.54c-1.375,0-2.565-0.502-3.57-1.507  s-1.507-2.193-1.507-3.569c0-0.581,0.212-1.415,0.634-2.498c0.424-1.085,0.847-2.036,1.27-2.855c0.423-0.82,0.992-1.878,1.706-3.174  s1.124-2.076,1.23-2.34l-14.041-65.285h-16.183c-1.375,0-2.564-0.502-3.569-1.507c-1.005-1.005-1.508-2.195-1.508-3.57  c0-1.375,0.502-2.565,1.508-3.57c1.004-1.004,2.194-1.507,3.569-1.507h20.308c0.846,0,1.6,0.172,2.261,0.516  s1.177,0.754,1.547,1.229c0.37,0.476,0.714,1.124,1.032,1.944c0.316,0.819,0.528,1.507,0.634,2.062  c0.106,0.556,0.252,1.336,0.437,2.34c0.185,1.005,0.304,1.692,0.357,2.063h95.271c1.375,0,2.563,0.502,3.57,1.507  C959.497,854.741,960,855.931,960,857.306z\"\/>\n\t\t\t\t<\/svg><\/span> <\/span> <\/a><a href=\"?add-to-cart=1187\" aria-describedby=\"woocommerce_loop_add_to_cart_link_describedby_1187\" data-quantity=\"1\" class=\"button product_type_simple add_to_cart_button ajax_add_to_cart\" data-product_id=\"1187\" data-product_sku=\"\" aria-label=\"Ajouter au panier\u00a0: &ldquo;YOGA Secrets r\u00e9v\u00e9l\u00e9s&rdquo;\" rel=\"nofollow\" data-success_message=\"\u00ab\u00a0YOGA Secrets r\u00e9v\u00e9l\u00e9s\u00a0\u00bb a \u00e9t\u00e9 ajout\u00e9 \u00e0 votre panier\" data-product_name=\"YOGA Secrets r\u00e9v\u00e9l\u00e9s\" data-price=\"7\">Ajouter au panier<\/a>\t<span id=\"woocommerce_loop_add_to_cart_link_describedby_1187\" class=\"screen-reader-text\">\n\t\t\t<\/span>\n<\/li>\n<li class=\"desktop-align-left tablet-align-left mobile-align-left product type-product post-1183 status-publish last instock product_cat-sagesse product_cat-yoga has-post-thumbnail downloadable virtual purchasable product-type-simple\">\n\t<a href=\"https:\/\/ebooks-premium.top\/?product=le-souffle-de-vie\" class=\"woocommerce-LoopProduct-link woocommerce-loop-product__link\"><img decoding=\"async\" width=\"300\" height=\"457\" src=\"https:\/\/ebooks-premium.top\/wp-content\/uploads\/2023\/11\/Capture-decran-2023-11-06-a-12.48.27-300x457.jpg\" class=\"attachment-woocommerce_thumbnail size-woocommerce_thumbnail\" alt=\"Le Souffle de Vie\" \/><h2 class=\"woocommerce-loop-product__title\">Le Souffle de Vie<\/h2><div class=\"star-rating\"><span style=\"width:0%\">Note <strong class=\"rating\">0<\/strong> sur 5<\/span><\/div>\n\t<span class=\"price\"><span class=\"woocommerce-Price-amount amount\"><bdi>7,00&nbsp;<span class=\"woocommerce-Price-currencySymbol\">&euro;<\/span><\/bdi><\/span><\/span>\n<\/a><a href=\"?add-to-cart=1183\" data-quantity=\"1\" class=\"ast-on-card-button ast-select-options-trigger product_type_simple add_to_cart_button ajax_add_to_cart\" data-product_id=\"1183\" data-product_sku=\"\" aria-label=\"Ajouter au panier\u00a0: &ldquo;Le Souffle de Vie&rdquo;\" rel=\"nofollow\"> <span class=\"ast-card-action-tooltip\"> Ajouter au panier <\/span> <span class=\"ahfb-svg-iconset\"> <span class=\"ast-icon icon-cart\"><svg xmlns=\"http:\/\/www.w3.org\/2000\/svg\" xmlns:xlink=\"http:\/\/www.w3.org\/1999\/xlink\" version=\"1.1\" id=\"ast-cart-svg\" x=\"0px\" y=\"0px\" width=\"20px\" height=\"20px\" viewBox=\"826 837.5 140 121\" enable-background=\"new 826 837.5 140 121\" xml:space=\"preserve\">\n\t\t\t\t<path d=\"M878.77,943.611c0,2.75-1.005,5.131-3.015,7.141c-2.009,2.01-4.389,3.014-7.139,3.014c-2.75,0-5.13-1.004-7.139-3.014  c-2.01-2.01-3.015-4.391-3.015-7.141c0-2.749,1.005-5.129,3.015-7.138c2.009-2.011,4.389-3.016,7.139-3.016  c2.75,0,5.13,1.005,7.139,3.016C877.765,938.482,878.77,940.862,878.77,943.611z M949.846,943.611c0,2.75-1.005,5.131-3.015,7.141  s-4.39,3.014-7.141,3.014c-2.748,0-5.129-1.004-7.138-3.014c-2.01-2.01-3.015-4.391-3.015-7.141c0-2.749,1.005-5.129,3.015-7.138  c2.009-2.011,4.39-3.016,7.138-3.016c2.751,0,5.131,1.005,7.141,3.016C948.841,938.482,949.846,940.862,949.846,943.611z   M960,857.306v40.615c0,1.27-0.438,2.393-1.311,3.371s-1.943,1.548-3.212,1.705l-82.815,9.678c0.687,3.174,1.031,5.024,1.031,5.554  c0,0.846-0.635,2.539-1.904,5.076h72.979c1.375,0,2.564,0.503,3.569,1.508c1.006,1.005,1.508,2.194,1.508,3.569  c0,1.376-0.502,2.564-1.508,3.569c-1.005,1.005-2.194,1.507-3.569,1.507H863.54c-1.375,0-2.565-0.502-3.57-1.507  s-1.507-2.193-1.507-3.569c0-0.581,0.212-1.415,0.634-2.498c0.424-1.085,0.847-2.036,1.27-2.855c0.423-0.82,0.992-1.878,1.706-3.174  s1.124-2.076,1.23-2.34l-14.041-65.285h-16.183c-1.375,0-2.564-0.502-3.569-1.507c-1.005-1.005-1.508-2.195-1.508-3.57  c0-1.375,0.502-2.565,1.508-3.57c1.004-1.004,2.194-1.507,3.569-1.507h20.308c0.846,0,1.6,0.172,2.261,0.516  s1.177,0.754,1.547,1.229c0.37,0.476,0.714,1.124,1.032,1.944c0.316,0.819,0.528,1.507,0.634,2.062  c0.106,0.556,0.252,1.336,0.437,2.34c0.185,1.005,0.304,1.692,0.357,2.063h95.271c1.375,0,2.563,0.502,3.57,1.507  C959.497,854.741,960,855.931,960,857.306z\"\/>\n\t\t\t\t<\/svg><\/span> <\/span> <\/a><a href=\"?add-to-cart=1183\" aria-describedby=\"woocommerce_loop_add_to_cart_link_describedby_1183\" data-quantity=\"1\" class=\"button product_type_simple add_to_cart_button ajax_add_to_cart\" data-product_id=\"1183\" data-product_sku=\"\" aria-label=\"Ajouter au panier\u00a0: &ldquo;Le Souffle de Vie&rdquo;\" rel=\"nofollow\" data-success_message=\"\u00ab\u00a0Le Souffle de Vie\u00a0\u00bb a \u00e9t\u00e9 ajout\u00e9 \u00e0 votre panier\" data-product_name=\"Le Souffle de Vie\" data-price=\"7\">Ajouter au panier<\/a>\t<span id=\"woocommerce_loop_add_to_cart_link_describedby_1183\" class=\"screen-reader-text\">\n\t\t\t<\/span>\n<\/li>\n<li class=\"desktop-align-left tablet-align-left mobile-align-left product type-product post-1182 status-publish first instock product_cat-yoga has-post-thumbnail downloadable virtual purchasable product-type-simple\">\n\t<a href=\"https:\/\/ebooks-premium.top\/?product=maitrise-de-raja-yoga\" class=\"woocommerce-LoopProduct-link woocommerce-loop-product__link\"><img loading=\"lazy\" decoding=\"async\" width=\"300\" height=\"457\" src=\"https:\/\/ebooks-premium.top\/wp-content\/uploads\/2023\/11\/Ent-maitrise-Raja-300x457.jpg\" class=\"attachment-woocommerce_thumbnail size-woocommerce_thumbnail\" alt=\"Maitrise de Raja Yoga\" \/><h2 class=\"woocommerce-loop-product__title\">Maitrise de Raja Yoga<\/h2><div class=\"star-rating\"><span style=\"width:0%\">Note <strong class=\"rating\">0<\/strong> sur 5<\/span><\/div>\n\t<span class=\"price\"><span class=\"woocommerce-Price-amount amount\"><bdi>7,00&nbsp;<span class=\"woocommerce-Price-currencySymbol\">&euro;<\/span><\/bdi><\/span><\/span>\n<\/a><a href=\"?add-to-cart=1182\" data-quantity=\"1\" class=\"ast-on-card-button ast-select-options-trigger product_type_simple add_to_cart_button ajax_add_to_cart\" data-product_id=\"1182\" data-product_sku=\"\" aria-label=\"Ajouter au panier\u00a0: &ldquo;Maitrise de Raja Yoga&rdquo;\" rel=\"nofollow\"> <span class=\"ast-card-action-tooltip\"> Ajouter au panier <\/span> <span class=\"ahfb-svg-iconset\"> <span class=\"ast-icon icon-cart\"><svg xmlns=\"http:\/\/www.w3.org\/2000\/svg\" xmlns:xlink=\"http:\/\/www.w3.org\/1999\/xlink\" version=\"1.1\" id=\"ast-cart-svg\" x=\"0px\" y=\"0px\" width=\"20px\" height=\"20px\" viewBox=\"826 837.5 140 121\" enable-background=\"new 826 837.5 140 121\" xml:space=\"preserve\">\n\t\t\t\t<path d=\"M878.77,943.611c0,2.75-1.005,5.131-3.015,7.141c-2.009,2.01-4.389,3.014-7.139,3.014c-2.75,0-5.13-1.004-7.139-3.014  c-2.01-2.01-3.015-4.391-3.015-7.141c0-2.749,1.005-5.129,3.015-7.138c2.009-2.011,4.389-3.016,7.139-3.016  c2.75,0,5.13,1.005,7.139,3.016C877.765,938.482,878.77,940.862,878.77,943.611z M949.846,943.611c0,2.75-1.005,5.131-3.015,7.141  s-4.39,3.014-7.141,3.014c-2.748,0-5.129-1.004-7.138-3.014c-2.01-2.01-3.015-4.391-3.015-7.141c0-2.749,1.005-5.129,3.015-7.138  c2.009-2.011,4.39-3.016,7.138-3.016c2.751,0,5.131,1.005,7.141,3.016C948.841,938.482,949.846,940.862,949.846,943.611z   M960,857.306v40.615c0,1.27-0.438,2.393-1.311,3.371s-1.943,1.548-3.212,1.705l-82.815,9.678c0.687,3.174,1.031,5.024,1.031,5.554  c0,0.846-0.635,2.539-1.904,5.076h72.979c1.375,0,2.564,0.503,3.569,1.508c1.006,1.005,1.508,2.194,1.508,3.569  c0,1.376-0.502,2.564-1.508,3.569c-1.005,1.005-2.194,1.507-3.569,1.507H863.54c-1.375,0-2.565-0.502-3.57-1.507  s-1.507-2.193-1.507-3.569c0-0.581,0.212-1.415,0.634-2.498c0.424-1.085,0.847-2.036,1.27-2.855c0.423-0.82,0.992-1.878,1.706-3.174  s1.124-2.076,1.23-2.34l-14.041-65.285h-16.183c-1.375,0-2.564-0.502-3.569-1.507c-1.005-1.005-1.508-2.195-1.508-3.57  c0-1.375,0.502-2.565,1.508-3.57c1.004-1.004,2.194-1.507,3.569-1.507h20.308c0.846,0,1.6,0.172,2.261,0.516  s1.177,0.754,1.547,1.229c0.37,0.476,0.714,1.124,1.032,1.944c0.316,0.819,0.528,1.507,0.634,2.062  c0.106,0.556,0.252,1.336,0.437,2.34c0.185,1.005,0.304,1.692,0.357,2.063h95.271c1.375,0,2.563,0.502,3.57,1.507  C959.497,854.741,960,855.931,960,857.306z\"\/>\n\t\t\t\t<\/svg><\/span> <\/span> <\/a><a href=\"?add-to-cart=1182\" aria-describedby=\"woocommerce_loop_add_to_cart_link_describedby_1182\" data-quantity=\"1\" class=\"button product_type_simple add_to_cart_button ajax_add_to_cart\" data-product_id=\"1182\" data-product_sku=\"\" aria-label=\"Ajouter au panier\u00a0: &ldquo;Maitrise de Raja Yoga&rdquo;\" rel=\"nofollow\" data-success_message=\"\u00ab\u00a0Maitrise de Raja Yoga\u00a0\u00bb a \u00e9t\u00e9 ajout\u00e9 \u00e0 votre panier\" data-product_name=\"Maitrise de Raja Yoga\" data-price=\"7\">Ajouter au panier<\/a>\t<span id=\"woocommerce_loop_add_to_cart_link_describedby_1182\" class=\"screen-reader-text\">\n\t\t\t<\/span>\n<\/li>\n<li class=\"desktop-align-left tablet-align-left mobile-align-left product type-product post-1180 status-publish instock product_cat-sagesse product_cat-yoga has-post-thumbnail downloadable virtual purchasable product-type-simple\">\n\t<a href=\"https:\/\/ebooks-premium.top\/?product=lecon-de-gnani-yoga\" class=\"woocommerce-LoopProduct-link woocommerce-loop-product__link\"><img loading=\"lazy\" decoding=\"async\" width=\"300\" height=\"457\" src=\"https:\/\/ebooks-premium.top\/wp-content\/uploads\/2023\/11\/cover-gnani-300x457.jpg\" class=\"attachment-woocommerce_thumbnail size-woocommerce_thumbnail\" alt=\"Le\u00e7on de Gnani Yoga\" \/><h2 class=\"woocommerce-loop-product__title\">Le\u00e7on de Gnani Yoga<\/h2><div class=\"star-rating\"><span style=\"width:0%\">Note <strong class=\"rating\">0<\/strong> sur 5<\/span><\/div>\n\t<span class=\"price\"><span class=\"woocommerce-Price-amount amount\"><bdi>7,00&nbsp;<span class=\"woocommerce-Price-currencySymbol\">&euro;<\/span><\/bdi><\/span><\/span>\n<\/a><a href=\"?add-to-cart=1180\" data-quantity=\"1\" class=\"ast-on-card-button ast-select-options-trigger product_type_simple add_to_cart_button ajax_add_to_cart\" data-product_id=\"1180\" data-product_sku=\"\" aria-label=\"Ajouter au panier\u00a0: &ldquo;Le\u00e7on de Gnani Yoga&rdquo;\" rel=\"nofollow\"> <span class=\"ast-card-action-tooltip\"> Ajouter au panier <\/span> <span class=\"ahfb-svg-iconset\"> <span class=\"ast-icon icon-cart\"><svg xmlns=\"http:\/\/www.w3.org\/2000\/svg\" xmlns:xlink=\"http:\/\/www.w3.org\/1999\/xlink\" version=\"1.1\" id=\"ast-cart-svg\" x=\"0px\" y=\"0px\" width=\"20px\" height=\"20px\" viewBox=\"826 837.5 140 121\" enable-background=\"new 826 837.5 140 121\" xml:space=\"preserve\">\n\t\t\t\t<path d=\"M878.77,943.611c0,2.75-1.005,5.131-3.015,7.141c-2.009,2.01-4.389,3.014-7.139,3.014c-2.75,0-5.13-1.004-7.139-3.014  c-2.01-2.01-3.015-4.391-3.015-7.141c0-2.749,1.005-5.129,3.015-7.138c2.009-2.011,4.389-3.016,7.139-3.016  c2.75,0,5.13,1.005,7.139,3.016C877.765,938.482,878.77,940.862,878.77,943.611z M949.846,943.611c0,2.75-1.005,5.131-3.015,7.141  s-4.39,3.014-7.141,3.014c-2.748,0-5.129-1.004-7.138-3.014c-2.01-2.01-3.015-4.391-3.015-7.141c0-2.749,1.005-5.129,3.015-7.138  c2.009-2.011,4.39-3.016,7.138-3.016c2.751,0,5.131,1.005,7.141,3.016C948.841,938.482,949.846,940.862,949.846,943.611z   M960,857.306v40.615c0,1.27-0.438,2.393-1.311,3.371s-1.943,1.548-3.212,1.705l-82.815,9.678c0.687,3.174,1.031,5.024,1.031,5.554  c0,0.846-0.635,2.539-1.904,5.076h72.979c1.375,0,2.564,0.503,3.569,1.508c1.006,1.005,1.508,2.194,1.508,3.569  c0,1.376-0.502,2.564-1.508,3.569c-1.005,1.005-2.194,1.507-3.569,1.507H863.54c-1.375,0-2.565-0.502-3.57-1.507  s-1.507-2.193-1.507-3.569c0-0.581,0.212-1.415,0.634-2.498c0.424-1.085,0.847-2.036,1.27-2.855c0.423-0.82,0.992-1.878,1.706-3.174  s1.124-2.076,1.23-2.34l-14.041-65.285h-16.183c-1.375,0-2.564-0.502-3.569-1.507c-1.005-1.005-1.508-2.195-1.508-3.57  c0-1.375,0.502-2.565,1.508-3.57c1.004-1.004,2.194-1.507,3.569-1.507h20.308c0.846,0,1.6,0.172,2.261,0.516  s1.177,0.754,1.547,1.229c0.37,0.476,0.714,1.124,1.032,1.944c0.316,0.819,0.528,1.507,0.634,2.062  c0.106,0.556,0.252,1.336,0.437,2.34c0.185,1.005,0.304,1.692,0.357,2.063h95.271c1.375,0,2.563,0.502,3.57,1.507  C959.497,854.741,960,855.931,960,857.306z\"\/>\n\t\t\t\t<\/svg><\/span> <\/span> <\/a><a href=\"?add-to-cart=1180\" aria-describedby=\"woocommerce_loop_add_to_cart_link_describedby_1180\" data-quantity=\"1\" class=\"button product_type_simple add_to_cart_button ajax_add_to_cart\" data-product_id=\"1180\" data-product_sku=\"\" aria-label=\"Ajouter au panier\u00a0: &ldquo;Le\u00e7on de Gnani Yoga&rdquo;\" rel=\"nofollow\" data-success_message=\"\u00ab\u00a0Le\u00e7on de Gnani Yoga\u00a0\u00bb a \u00e9t\u00e9 ajout\u00e9 \u00e0 votre panier\" data-product_name=\"Le\u00e7on de Gnani Yoga\" data-price=\"7\">Ajouter au panier<\/a>\t<span id=\"woocommerce_loop_add_to_cart_link_describedby_1180\" class=\"screen-reader-text\">\n\t\t\t<\/span>\n<\/li>\n<\/ul>\n<\/div><\/div>\n\t\t\t\t\t\t<\/div>\n\t\t\t\t<\/div>\n\t\t\t\t\t<\/div>\n\t\t\t\t<\/div>\n\t\t\t\t<\/div>\n\t\t","protected":false},"excerpt":{"rendered":"<p>Collection Yoga<\/p>\n","protected":false},"author":1,"featured_media":0,"parent":0,"menu_order":0,"comment_status":"closed","ping_status":"closed","template":"","meta":{"om_disable_all_campaigns":false,"_uag_custom_page_level_css":"","_monsterinsights_skip_tracking":false,"_monsterinsights_sitenote_active":false,"_monsterinsights_sitenote_note":"","_monsterinsights_sitenote_category":0,"site-sidebar-layout":"no-sidebar","site-content-layout":"page-builder","ast-site-content-layout":"full-width-container","site-content-style":"default","site-sidebar-style":"default","ast-global-header-display":"","ast-banner-title-visibility":"","ast-main-header-display":"","ast-hfb-above-header-display":"","ast-hfb-below-header-display":"","ast-hfb-mobile-header-display":"","site-post-title":"disabled","ast-breadcrumbs-content":"","ast-featured-img":"disabled","footer-sml-layout":"","theme-transparent-header-meta":"","adv-header-id-meta":"","stick-header-meta":"","header-above-stick-meta":"","header-main-stick-meta":"","header-below-stick-meta":"","astra-migrate-meta-layouts":"set","ast-page-background-enabled":"default","ast-page-background-meta":{"desktop":{"background-color":"","background-image":"","background-repeat":"repeat","background-position":"center center","background-size":"auto","background-attachment":"scroll","background-type":"","background-media":"","overlay-type":"","overlay-color":"","overlay-gradient":""},"tablet":{"background-color":"","background-image":"","background-repeat":"repeat","background-position":"center center","background-size":"auto","background-attachment":"scroll","background-type":"","background-media":"","overlay-type":"","overlay-color":"","overlay-gradient":""},"mobile":{"background-color":"","background-image":"","background-repeat":"repeat","background-position":"center center","background-size":"auto","background-attachment":"scroll","background-type":"","background-media":"","overlay-type":"","overlay-color":"","overlay-gradient":""}},"ast-content-background-meta":{"desktop":{"background-color":"var(--ast-global-color-5)","background-image":"","background-repeat":"repeat","background-position":"center center","background-size":"auto","background-attachment":"scroll","background-type":"","background-media":"","overlay-type":"","overlay-color":"","overlay-gradient":""},"tablet":{"background-color":"var(--ast-global-color-5)","background-image":"","background-repeat":"repeat","background-position":"center center","background-size":"auto","background-attachment":"scroll","background-type":"","background-media":"","overlay-type":"","overlay-color":"","overlay-gradient":""},"mobile":{"background-color":"var(--ast-global-color-5)","background-image":"","background-repeat":"repeat","background-position":"center center","background-size":"auto","background-attachment":"scroll","background-type":"","background-media":"","overlay-type":"","overlay-color":"","overlay-gradient":""}},"footnotes":""},"class_list":["post-1370","page","type-page","status-publish","hentry"],"aioseo_notices":[],"uagb_featured_image_src":{"full":false,"thumbnail":false,"medium":false,"medium_large":false,"large":false,"1536x1536":false,"2048x2048":false,"woocommerce_thumbnail":false,"woocommerce_single":false,"woocommerce_gallery_thumbnail":false},"uagb_author_info":{"display_name":"ebooks-premium.top","author_link":"https:\/\/ebooks-premium.top\/?author=1"},"uagb_comment_info":0,"uagb_excerpt":"Collection Yoga","_links":{"self":[{"href":"https:\/\/ebooks-premium.top\/index.php?rest_route=\/wp\/v2\/pages\/1370","targetHints":{"allow":["GET"]}}],"collection":[{"href":"https:\/\/ebooks-premium.top\/index.php?rest_route=\/wp\/v2\/pages"}],"about":[{"href":"https:\/\/ebooks-premium.top\/index.php?rest_route=\/wp\/v2\/types\/page"}],"author":[{"embeddable":true,"href":"https:\/\/ebooks-premium.top\/index.php?rest_route=\/wp\/v2\/users\/1"}],"replies":[{"embeddable":true,"href":"https:\/\/ebooks-premium.top\/index.php?rest_route=%2Fwp%2Fv2%2Fcomments&post=1370"}],"version-history":[{"count":4,"href":"https:\/\/ebooks-premium.top\/index.php?rest_route=\/wp\/v2\/pages\/1370\/revisions"}],"predecessor-version":[{"id":1374,"href":"https:\/\/ebooks-premium.top\/index.php?rest_route=\/wp\/v2\/pages\/1370\/revisions\/1374"}],"wp:attachment":[{"href":"https:\/\/ebooks-premium.top\/index.php?rest_route=%2Fwp%2Fv2%2Fmedia&parent=1370"}],"curies":[{"name":"wp","href":"https:\/\/api.w.org\/{rel}","templated":true}]}}